{"id":98,"date":"2026-03-05T11:07:29","date_gmt":"2026-03-05T10:07:29","guid":{"rendered":"https:\/\/francoisejouneau.fr\/?page_id=98"},"modified":"2026-03-12T11:25:53","modified_gmt":"2026-03-12T10:25:53","slug":"comprendre-le-cancer-et-son-accompagnement-par-la-reflexologie","status":"publish","type":"page","link":"https:\/\/francoisejouneau.fr\/index.php\/comprendre-le-cancer-et-son-accompagnement-par-la-reflexologie\/","title":{"rendered":"Comprendre le Cancer et son Accompagnement par la R\u00e9flexologie"},"content":{"rendered":"<div class=\"wp-block-image is-style-rounded\">\n<figure class=\"aligncenter size-large is-resized\"><img fetchpriority=\"high\" decoding=\"async\" width=\"1024\" height=\"679\" src=\"http:\/\/francoisejouneau.fr\/wp-content\/uploads\/2026\/03\/DSC_0440-modifiee-reflexo-1024x679.jpg\" alt=\"\" class=\"wp-image-90\" style=\"aspect-ratio:1.5081448679424323;width:398px;height:auto\" srcset=\"https:\/\/francoisejouneau.fr\/wp-content\/uploads\/2026\/03\/DSC_0440-modifiee-reflexo-1024x679.jpg 1024w, https:\/\/francoisejouneau.fr\/wp-content\/uploads\/2026\/03\/DSC_0440-modifiee-reflexo-300x199.jpg 300w, https:\/\/francoisejouneau.fr\/wp-content\/uploads\/2026\/03\/DSC_0440-modifiee-reflexo-768x509.jpg 768w, https:\/\/francoisejouneau.fr\/wp-content\/uploads\/2026\/03\/DSC_0440-modifiee-reflexo-1536x1018.jpg 1536w, https:\/\/francoisejouneau.fr\/wp-content\/uploads\/2026\/03\/DSC_0440-modifiee-reflexo-2048x1358.jpg 2048w, https:\/\/francoisejouneau.fr\/wp-content\/uploads\/2026\/03\/DSC_0440-modifiee-reflexo-91x60.jpg 91w, https:\/\/francoisejouneau.fr\/wp-content\/uploads\/2026\/03\/DSC_0440-modifiee-reflexo-800x530.jpg 800w\" sizes=\"(max-width: 1024px) 100vw, 1024px\" \/><\/figure>\n<\/div>\n\n\n<h2 class=\"wp-block-heading\">Les diff\u00e9rentes cat\u00e9gories de cancer<\/h2>\n\n\n\n<p>\u2714\ufe0f <strong>Carcinome<\/strong> : Cancer qui commence dans la peau ou les tissus recouvrant les organes internes<br>\u2714\ufe0f <strong>Sarcome<\/strong> : Cancer qui d\u00e9bute dans l&rsquo;os, le cartilage, la graisse, le muscle, les vaisseaux sanguins ou encore d&rsquo;autres tissus conjonctifs ou de soutien<br>\u2714\ufe0f <strong>Leuc\u00e9mie<\/strong> : Cancer qui commence dans la moelle osseuse rouge, engendrant la r\u00e9duction d&rsquo;un grand nombre de cellules sanguines<br>\u2714\ufe0f <strong>Lymphome et My\u00e9lome<\/strong> : cancer qui commence dans les cellules du syst\u00e8me immunitaire<\/p>\n\n\n\n<h2 class=\"wp-block-heading\">Les traitements contre le cancer<\/h2>\n\n\n\n<h3 class=\"wp-block-heading\">Traitements m\u00e9dicamenteux<\/h3>\n\n\n\n<p>\u2714\ufe0f <strong>Chimioth\u00e9rapie <\/strong>: diffuse l&rsquo;agent canc\u00e9reux dans toute la circulation sanguine. Ces m\u00e9dicaments inhibent la synth\u00e8se de l&rsquo;ADN et\/ou la division cellulaire. Ainsi cela d\u00e9clenche leur apoptose c&rsquo;est \u00e0 dire le suicide cellulaire. Ainsi, la leuc\u00e9mie ou le lymphome malin r\u00e9pondent mieux \u00e0 ce traitement. <br>\u2714\ufe0f <strong>Hormonoth\u00e9rapie <\/strong>: Traitement utilis\u00e9 dans le cadre de tumeurs. hormonosensibles comme le cancer du sein, l&rsquo;endom\u00e8tre ou la prostate.<br>\u2714\ufe0f <strong>Immunoth\u00e9rapie <\/strong>: consiste \u00e0 stimuler les cellules immunitaires afin qu&rsquo;elles se d\u00e9fendent mieux contre les cellules canc\u00e9reuses. Deux techniques&nbsp;: la stimulations de la croissance immunitaire ou l&rsquo;usage d&rsquo;anticorps monoclonaux.<\/p>\n\n\n\n<h3 class=\"wp-block-heading\">Traitements localis\u00e9s<\/h3>\n\n\n\n<p>\u2714\ufe0f <strong>Radioth\u00e9rapie <\/strong>: elle st\u00e9rilise les zones o\u00f9 si\u00e9geait le cancer. On traite par des rayons X des endroits pr\u00e9cis. Par exemple,  les tumeurs de surface ou en profondeur en alt\u00e9rant leur ADN et en irradiant l\u00e9g\u00e8rement les surfaces avoisinantes.<br>\u2714\ufe0f <strong>Chirurgie<\/strong>&nbsp;: suppression du ou des ganglion(s) proche(s) de la tumeur pouvant contenir des cellules malignes.<br><\/p>\n\n\n\n<p>\u2022 <strong>Pr\u00e9ventif<\/strong> : chirurgie prophylactique qui permet de pr\u00e9venir le cancer chez les personnes souffrants d&rsquo;une dysplasie s\u00e9v\u00e8re. (Anomalie de d\u00e9veloppement d&rsquo;un tissu ou d&rsquo;un organe)<br>\u2022 <strong>Curatif<\/strong> : suppression de la tumeur et des ganglions lymphatiques r\u00e9gionaux.<br>\u2022 <strong>Palliatif<\/strong> : Rare, on recourt davantage \u00e0 la radioth\u00e9rapie ou \u00e0 l&rsquo;endoscopie.<\/p>\n\n\n\n<h3 class=\"wp-block-heading\">Th\u00e9rapies cibl\u00e9es<\/h3>\n\n\n\n<p>Inhibition des r\u00e9cepteurs et des facteurs de croissance contenus dans les cellules canc\u00e9reuses. <\/p>\n\n\n\n<p><em>Seul un m\u00e9decin habilit\u00e9 pose le diagnostic et d\u00e9termine le mode de traitement. <\/em><\/p>\n\n\n\n<h2 class=\"wp-block-heading\">L&rsquo;accompagnement par la R\u00e9flexologie<\/h2>\n\n\n\n<p>La <strong>r\u00e9flexologie <\/strong>peut aider les personnes \u00e0 mieux vivre leur traitement&nbsp;:<br><strong>Avant une chimioth\u00e9rapie<br>Apr\u00e8s une chimioth\u00e9rapie<br>Avant une greffe<br>Lors d&rsquo;une radioth\u00e9rapie<br>En soins palliatifs<\/strong><br>Je m&rsquo;adapte aux besoins sp\u00e9cifiques de chaque personne avec <strong>bienveillance, \u00e9coute et respect <\/strong>des protocoles.<br><strong>Contactez-moi pour un accompagnement personnalis\u00e9 et adapt\u00e9 \u00e0 votre situation.<\/strong><\/p>\n\n\n\n<div class=\"wp-block-buttons is-content-justification-center is-layout-flex wp-container-core-buttons-is-layout-16018d1d wp-block-buttons-is-layout-flex\">\n<div class=\"wp-block-button\"><a class=\"wp-block-button__link has-background wp-element-button\" href=\"https:\/\/francoisejouneau.fr\/index.php\/contact\/\" style=\"background-color:#9b4966\">Contactez-moi<\/a><\/div>\n\n\n\n<div class=\"wp-block-button\"><a class=\"wp-block-button__link has-background wp-element-button\" href=\"https:\/\/francoisejouneau.fr\/index.php\/agenda-rendez-vous-calendly\/\" style=\"background-color:#9b4966\">Prendre Rendez-vous<\/a><\/div>\n<\/div>\n\n\n\n<p><\/p>\n","protected":false},"excerpt":{"rendered":"<p>Les diff\u00e9rentes cat\u00e9gories de cancer \u2714\ufe0f Carcinome : Cancer qui commence dans la peau ou les tissus recouvrant les organes internes\u2714\ufe0f Sarcome : Cancer qui &hellip; <\/p>\n","protected":false},"author":2,"featured_media":0,"parent":0,"menu_order":0,"comment_status":"closed","ping_status":"closed","template":"","meta":{"footnotes":""},"class_list":["post-98","page","type-page","status-publish","hentry","latest_post"],"yoast_head":"<!-- This site is optimized with the Yoast SEO plugin v27.1.1 - https:\/\/yoast.com\/product\/yoast-seo-wordpress\/ -->\n<title>Comprendre le Cancer et son Accompagnement par la R\u00e9flexologie - Fran\u00e7oise JOUNEAU - R\u00e9flexologie et Fleurs de Bach<\/title>\n<meta name=\"description\" content=\"Accompagnement bien-\u00eatre en compl\u00e9ment des parcours oncologiques. R\u00e9flexologie et Fleurs de Bach en toute bienveillance.\" \/>\n<meta name=\"robots\" content=\"index, follow, max-snippet:-1, max-image-preview:large, max-video-preview:-1\" \/>\n<link rel=\"canonical\" href=\"https:\/\/francoisejouneau.fr\/index.php\/comprendre-le-cancer-et-son-accompagnement-par-la-reflexologie\/\" \/>\n<meta property=\"og:locale\" content=\"fr_FR\" \/>\n<meta property=\"og:type\" content=\"article\" \/>\n<meta property=\"og:title\" content=\"Comprendre le Cancer et son Accompagnement par la R\u00e9flexologie - Fran\u00e7oise JOUNEAU - R\u00e9flexologie et Fleurs de Bach\" \/>\n<meta property=\"og:description\" content=\"Accompagnement bien-\u00eatre en compl\u00e9ment des parcours oncologiques. R\u00e9flexologie et Fleurs de Bach en toute bienveillance.\" \/>\n<meta property=\"og:url\" content=\"https:\/\/francoisejouneau.fr\/index.php\/comprendre-le-cancer-et-son-accompagnement-par-la-reflexologie\/\" \/>\n<meta property=\"og:site_name\" content=\"Fran\u00e7oise JOUNEAU - R\u00e9flexologie et Fleurs de Bach\" \/>\n<meta property=\"article:modified_time\" content=\"2026-03-12T10:25:53+00:00\" \/>\n<meta property=\"og:image\" content=\"http:\/\/francoisejouneau.fr\/wp-content\/uploads\/2026\/03\/DSC_0440-modifiee-reflexo-1024x679.jpg\" \/>\n<meta name=\"twitter:card\" content=\"summary_large_image\" \/>\n<meta name=\"twitter:label1\" content=\"Dur\u00e9e de lecture estim\u00e9e\" \/>\n\t<meta name=\"twitter:data1\" content=\"3 minutes\" \/>\n<script type=\"application\/ld+json\" class=\"yoast-schema-graph\">{\"@context\":\"https:\/\/schema.org\",\"@graph\":[{\"@type\":\"WebPage\",\"@id\":\"https:\/\/francoisejouneau.fr\/index.php\/comprendre-le-cancer-et-son-accompagnement-par-la-reflexologie\/\",\"url\":\"https:\/\/francoisejouneau.fr\/index.php\/comprendre-le-cancer-et-son-accompagnement-par-la-reflexologie\/\",\"name\":\"Comprendre le Cancer et son Accompagnement par la R\u00e9flexologie - Fran\u00e7oise JOUNEAU - R\u00e9flexologie et Fleurs de Bach\",\"isPartOf\":{\"@id\":\"https:\/\/francoisejouneau.fr\/#website\"},\"primaryImageOfPage\":{\"@id\":\"https:\/\/francoisejouneau.fr\/index.php\/comprendre-le-cancer-et-son-accompagnement-par-la-reflexologie\/#primaryimage\"},\"image\":{\"@id\":\"https:\/\/francoisejouneau.fr\/index.php\/comprendre-le-cancer-et-son-accompagnement-par-la-reflexologie\/#primaryimage\"},\"thumbnailUrl\":\"http:\/\/francoisejouneau.fr\/wp-content\/uploads\/2026\/03\/DSC_0440-modifiee-reflexo-1024x679.jpg\",\"datePublished\":\"2026-03-05T10:07:29+00:00\",\"dateModified\":\"2026-03-12T10:25:53+00:00\",\"description\":\"Accompagnement bien-\u00eatre en compl\u00e9ment des parcours oncologiques. R\u00e9flexologie et Fleurs de Bach en toute bienveillance.\",\"breadcrumb\":{\"@id\":\"https:\/\/francoisejouneau.fr\/index.php\/comprendre-le-cancer-et-son-accompagnement-par-la-reflexologie\/#breadcrumb\"},\"inLanguage\":\"fr-FR\",\"potentialAction\":[{\"@type\":\"ReadAction\",\"target\":[\"https:\/\/francoisejouneau.fr\/index.php\/comprendre-le-cancer-et-son-accompagnement-par-la-reflexologie\/\"]}]},{\"@type\":\"ImageObject\",\"inLanguage\":\"fr-FR\",\"@id\":\"https:\/\/francoisejouneau.fr\/index.php\/comprendre-le-cancer-et-son-accompagnement-par-la-reflexologie\/#primaryimage\",\"url\":\"https:\/\/francoisejouneau.fr\/wp-content\/uploads\/2026\/03\/DSC_0440-modifiee-reflexo-scaled.jpg\",\"contentUrl\":\"https:\/\/francoisejouneau.fr\/wp-content\/uploads\/2026\/03\/DSC_0440-modifiee-reflexo-scaled.jpg\",\"width\":2560,\"height\":1697},{\"@type\":\"BreadcrumbList\",\"@id\":\"https:\/\/francoisejouneau.fr\/index.php\/comprendre-le-cancer-et-son-accompagnement-par-la-reflexologie\/#breadcrumb\",\"itemListElement\":[{\"@type\":\"ListItem\",\"position\":1,\"name\":\"Accueil\",\"item\":\"https:\/\/francoisejouneau.fr\/\"},{\"@type\":\"ListItem\",\"position\":2,\"name\":\"Comprendre le Cancer et son Accompagnement par la R\u00e9flexologie\"}]},{\"@type\":\"WebSite\",\"@id\":\"https:\/\/francoisejouneau.fr\/#website\",\"url\":\"https:\/\/francoisejouneau.fr\/\",\"name\":\"Fran\u00e7oise JOUNEAU - R\u00e9flexologie et Fleurs de Bach\",\"description\":\"R\u00e9flexologue en \u00c9nerg\u00e9tique chinoise Fleurs de Bach en Entre-deux-Mers\/Sud Gironde\",\"publisher\":{\"@id\":\"https:\/\/francoisejouneau.fr\/#organization\"},\"potentialAction\":[{\"@type\":\"SearchAction\",\"target\":{\"@type\":\"EntryPoint\",\"urlTemplate\":\"https:\/\/francoisejouneau.fr\/?s={search_term_string}\"},\"query-input\":{\"@type\":\"PropertyValueSpecification\",\"valueRequired\":true,\"valueName\":\"search_term_string\"}}],\"inLanguage\":\"fr-FR\"},{\"@type\":\"Organization\",\"@id\":\"https:\/\/francoisejouneau.fr\/#organization\",\"name\":\"Fran\u00e7oise JOUNEAU - R\u00e9flexologie et Fleurs de Bach\",\"url\":\"https:\/\/francoisejouneau.fr\/\",\"logo\":{\"@type\":\"ImageObject\",\"inLanguage\":\"fr-FR\",\"@id\":\"https:\/\/francoisejouneau.fr\/#\/schema\/logo\/image\/\",\"url\":\"https:\/\/francoisejouneau.fr\/wp-content\/uploads\/2026\/03\/cropped-Logo-dessin-PNG-violet-rond-jaune.png\",\"contentUrl\":\"https:\/\/francoisejouneau.fr\/wp-content\/uploads\/2026\/03\/cropped-Logo-dessin-PNG-violet-rond-jaune.png\",\"width\":404,\"height\":404,\"caption\":\"Fran\u00e7oise JOUNEAU - R\u00e9flexologie et Fleurs de Bach\"},\"image\":{\"@id\":\"https:\/\/francoisejouneau.fr\/#\/schema\/logo\/image\/\"}}]}<\/script>\n<!-- \/ Yoast SEO plugin. -->","yoast_head_json":{"title":"Comprendre le Cancer et son Accompagnement par la R\u00e9flexologie - Fran\u00e7oise JOUNEAU - R\u00e9flexologie et Fleurs de Bach","description":"Accompagnement bien-\u00eatre en compl\u00e9ment des parcours oncologiques. R\u00e9flexologie et Fleurs de Bach en toute bienveillance.","robots":{"index":"index","follow":"follow","max-snippet":"max-snippet:-1","max-image-preview":"max-image-preview:large","max-video-preview":"max-video-preview:-1"},"canonical":"https:\/\/francoisejouneau.fr\/index.php\/comprendre-le-cancer-et-son-accompagnement-par-la-reflexologie\/","og_locale":"fr_FR","og_type":"article","og_title":"Comprendre le Cancer et son Accompagnement par la R\u00e9flexologie - Fran\u00e7oise JOUNEAU - R\u00e9flexologie et Fleurs de Bach","og_description":"Accompagnement bien-\u00eatre en compl\u00e9ment des parcours oncologiques. R\u00e9flexologie et Fleurs de Bach en toute bienveillance.","og_url":"https:\/\/francoisejouneau.fr\/index.php\/comprendre-le-cancer-et-son-accompagnement-par-la-reflexologie\/","og_site_name":"Fran\u00e7oise JOUNEAU - R\u00e9flexologie et Fleurs de Bach","article_modified_time":"2026-03-12T10:25:53+00:00","og_image":[{"url":"http:\/\/francoisejouneau.fr\/wp-content\/uploads\/2026\/03\/DSC_0440-modifiee-reflexo-1024x679.jpg","type":"","width":"","height":""}],"twitter_card":"summary_large_image","twitter_misc":{"Dur\u00e9e de lecture estim\u00e9e":"3 minutes"},"schema":{"@context":"https:\/\/schema.org","@graph":[{"@type":"WebPage","@id":"https:\/\/francoisejouneau.fr\/index.php\/comprendre-le-cancer-et-son-accompagnement-par-la-reflexologie\/","url":"https:\/\/francoisejouneau.fr\/index.php\/comprendre-le-cancer-et-son-accompagnement-par-la-reflexologie\/","name":"Comprendre le Cancer et son Accompagnement par la R\u00e9flexologie - Fran\u00e7oise JOUNEAU - R\u00e9flexologie et Fleurs de Bach","isPartOf":{"@id":"https:\/\/francoisejouneau.fr\/#website"},"primaryImageOfPage":{"@id":"https:\/\/francoisejouneau.fr\/index.php\/comprendre-le-cancer-et-son-accompagnement-par-la-reflexologie\/#primaryimage"},"image":{"@id":"https:\/\/francoisejouneau.fr\/index.php\/comprendre-le-cancer-et-son-accompagnement-par-la-reflexologie\/#primaryimage"},"thumbnailUrl":"http:\/\/francoisejouneau.fr\/wp-content\/uploads\/2026\/03\/DSC_0440-modifiee-reflexo-1024x679.jpg","datePublished":"2026-03-05T10:07:29+00:00","dateModified":"2026-03-12T10:25:53+00:00","description":"Accompagnement bien-\u00eatre en compl\u00e9ment des parcours oncologiques. R\u00e9flexologie et Fleurs de Bach en toute bienveillance.","breadcrumb":{"@id":"https:\/\/francoisejouneau.fr\/index.php\/comprendre-le-cancer-et-son-accompagnement-par-la-reflexologie\/#breadcrumb"},"inLanguage":"fr-FR","potentialAction":[{"@type":"ReadAction","target":["https:\/\/francoisejouneau.fr\/index.php\/comprendre-le-cancer-et-son-accompagnement-par-la-reflexologie\/"]}]},{"@type":"ImageObject","inLanguage":"fr-FR","@id":"https:\/\/francoisejouneau.fr\/index.php\/comprendre-le-cancer-et-son-accompagnement-par-la-reflexologie\/#primaryimage","url":"https:\/\/francoisejouneau.fr\/wp-content\/uploads\/2026\/03\/DSC_0440-modifiee-reflexo-scaled.jpg","contentUrl":"https:\/\/francoisejouneau.fr\/wp-content\/uploads\/2026\/03\/DSC_0440-modifiee-reflexo-scaled.jpg","width":2560,"height":1697},{"@type":"BreadcrumbList","@id":"https:\/\/francoisejouneau.fr\/index.php\/comprendre-le-cancer-et-son-accompagnement-par-la-reflexologie\/#breadcrumb","itemListElement":[{"@type":"ListItem","position":1,"name":"Accueil","item":"https:\/\/francoisejouneau.fr\/"},{"@type":"ListItem","position":2,"name":"Comprendre le Cancer et son Accompagnement par la R\u00e9flexologie"}]},{"@type":"WebSite","@id":"https:\/\/francoisejouneau.fr\/#website","url":"https:\/\/francoisejouneau.fr\/","name":"Fran\u00e7oise JOUNEAU - R\u00e9flexologie et Fleurs de Bach","description":"R\u00e9flexologue en \u00c9nerg\u00e9tique chinoise Fleurs de Bach en Entre-deux-Mers\/Sud Gironde","publisher":{"@id":"https:\/\/francoisejouneau.fr\/#organization"},"potentialAction":[{"@type":"SearchAction","target":{"@type":"EntryPoint","urlTemplate":"https:\/\/francoisejouneau.fr\/?s={search_term_string}"},"query-input":{"@type":"PropertyValueSpecification","valueRequired":true,"valueName":"search_term_string"}}],"inLanguage":"fr-FR"},{"@type":"Organization","@id":"https:\/\/francoisejouneau.fr\/#organization","name":"Fran\u00e7oise JOUNEAU - R\u00e9flexologie et Fleurs de Bach","url":"https:\/\/francoisejouneau.fr\/","logo":{"@type":"ImageObject","inLanguage":"fr-FR","@id":"https:\/\/francoisejouneau.fr\/#\/schema\/logo\/image\/","url":"https:\/\/francoisejouneau.fr\/wp-content\/uploads\/2026\/03\/cropped-Logo-dessin-PNG-violet-rond-jaune.png","contentUrl":"https:\/\/francoisejouneau.fr\/wp-content\/uploads\/2026\/03\/cropped-Logo-dessin-PNG-violet-rond-jaune.png","width":404,"height":404,"caption":"Fran\u00e7oise JOUNEAU - R\u00e9flexologie et Fleurs de Bach"},"image":{"@id":"https:\/\/francoisejouneau.fr\/#\/schema\/logo\/image\/"}}]}},"_links":{"self":[{"href":"https:\/\/francoisejouneau.fr\/index.php\/wp-json\/wp\/v2\/pages\/98","targetHints":{"allow":["GET"]}}],"collection":[{"href":"https:\/\/francoisejouneau.fr\/index.php\/wp-json\/wp\/v2\/pages"}],"about":[{"href":"https:\/\/francoisejouneau.fr\/index.php\/wp-json\/wp\/v2\/types\/page"}],"author":[{"embeddable":true,"href":"https:\/\/francoisejouneau.fr\/index.php\/wp-json\/wp\/v2\/users\/2"}],"replies":[{"embeddable":true,"href":"https:\/\/francoisejouneau.fr\/index.php\/wp-json\/wp\/v2\/comments?post=98"}],"version-history":[{"count":16,"href":"https:\/\/francoisejouneau.fr\/index.php\/wp-json\/wp\/v2\/pages\/98\/revisions"}],"predecessor-version":[{"id":493,"href":"https:\/\/francoisejouneau.fr\/index.php\/wp-json\/wp\/v2\/pages\/98\/revisions\/493"}],"wp:attachment":[{"href":"https:\/\/francoisejouneau.fr\/index.php\/wp-json\/wp\/v2\/media?parent=98"}],"curies":[{"name":"wp","href":"https:\/\/api.w.org\/{rel}","templated":true}]}}