{"id":89,"date":"2026-03-05T10:40:35","date_gmt":"2026-03-05T09:40:35","guid":{"rendered":"https:\/\/francoisejouneau.fr\/?page_id=89"},"modified":"2026-03-12T11:25:02","modified_gmt":"2026-03-12T10:25:02","slug":"perinatalite","status":"publish","type":"page","link":"https:\/\/francoisejouneau.fr\/index.php\/perinatalite\/","title":{"rendered":"R\u00e9flexologie et Grossesse : Un Accompagnement Naturel pour Vivre Cette P\u00e9riode en S\u00e9r\u00e9nit\u00e9"},"content":{"rendered":"<div class=\"wp-block-image is-style-rounded\">\n<figure class=\"aligncenter size-large is-resized\"><img fetchpriority=\"high\" decoding=\"async\" width=\"679\" height=\"1024\" src=\"http:\/\/francoisejouneau.fr\/wp-content\/uploads\/2026\/03\/DSC_0433-modifiee-reflexo-679x1024.jpg\" alt=\"\" class=\"wp-image-99\" style=\"aspect-ratio:0.6630932147993202;width:167px;height:auto\" srcset=\"https:\/\/francoisejouneau.fr\/wp-content\/uploads\/2026\/03\/DSC_0433-modifiee-reflexo-679x1024.jpg 679w, https:\/\/francoisejouneau.fr\/wp-content\/uploads\/2026\/03\/DSC_0433-modifiee-reflexo-199x300.jpg 199w, https:\/\/francoisejouneau.fr\/wp-content\/uploads\/2026\/03\/DSC_0433-modifiee-reflexo-768x1159.jpg 768w, https:\/\/francoisejouneau.fr\/wp-content\/uploads\/2026\/03\/DSC_0433-modifiee-reflexo-scaled.jpg 1697w\" sizes=\"(max-width: 679px) 100vw, 679px\" \/><\/figure>\n<\/div>\n\n\n<p>Si vous cherchez \u00e0 <strong>mieux vivre votre grossesse<\/strong> et \u00e0 soulager tous les changements qu&rsquo;elle implique, vous \u00eates sur la bonne page.<br>Gr\u00e2ce \u00e0 des <strong>soins en r\u00e9flexologie plantaire<\/strong> associ\u00e9s \u00e0 des <strong>points pr\u00e9cis de digitopuncture<\/strong>, je pourrai vous aider \u00e0 mieux vivre tous les bouleversements au cours de votre grossesse.<br>\u26a0\ufe0f <strong>Cet accompagnement est compl\u00e9mentaire au suivi m\u00e9dical assur\u00e9 par un(e) gyn\u00e9cologue, un(e) obst\u00e9tricien(ne) ou une sage-femme, NE LE REMPLACE EN AUCUN CAS.<\/strong><\/p>\n\n\n\n<h2 class=\"wp-block-heading\">Un accompagnement en r\u00e9flexologie adapt\u00e9 \u00e0 chaque trimestre de grossesse<\/h2>\n\n\n\n<p>D\u00e8s le <strong>premier trimestre<\/strong> <em>(pour certaines)<\/em>, POUR TOUTES \u00e0 partir du deuxi\u00e8me trimestre, je vous propose un accompagnement personnalis\u00e9.<\/p>\n\n\n\n<h3 class=\"wp-block-heading\">Deuxi\u00e8me trimestre (semaine 13 \u00e0 28) : Apaiser les premiers inconforts<\/h3>\n\n\n\n<p>\u2022 <strong>Semaine 13 \u00e0 20<\/strong> : pr\u00e9vention <strong>diab\u00e8te gestationnel<\/strong>.<br>\u2022 <strong>Semaine 21 \u00e0 24<\/strong>: attention port\u00e9e sur les <strong>vertiges, sciatique, jambes lourdes<\/strong>, <strong>h\u00e9morro\u00efdes, an\u00e9mie, probl\u00e8mes de peau et dermatose.<\/strong><br>\u2022 <strong>Semaine 25 \u00e0 28<\/strong>: attention port\u00e9e sur les <strong>varices, le retour veineux, la constipation, le p\u00e9rin\u00e9e, les crampes musculaires et un \u00e9ventuel manque de magn\u00e9sium.<\/strong><\/p>\n\n\n\n<h3 class=\"wp-block-heading\">Troisi\u00e8me trimestre (semaine 29 \u00e0 l&rsquo;accouchement) : Pr\u00e9parer le corps en douceur<\/h3>\n\n\n\n<p>\u2022 <strong>Semaine 29 \u00e0 30<\/strong> : prise en charge des <strong>crampes, varices, ballonnements, pouss\u00e9es des gencives et variations d&rsquo;humeur<\/strong>.<br>\u2022 <strong>Semaine 31 \u00e0 34<\/strong> : travail sur la <strong>r\u00e9tention d&rsquo;eau, le retour veineux, les aigreurs d&rsquo;estomac, les troubles du sommeil et la fatigue<\/strong>.<br>\u2022 <strong>Semaine 35 \u00e0 38<\/strong> : attention port\u00e9e sur les <strong>membres gonfl\u00e9s, la fatigue et les difficult\u00e9s respiratoires<\/strong>.<br>\u2022 <strong>Semaine 39 et plus<\/strong> : <strong>pr\u00e9paration \u00e0 l&rsquo;accouchement<\/strong> en douceur<\/p>\n\n\n\n<p><strong>Chaque femme vit sa grossesse diff\u00e9remment <\/strong>: tous ces points particuliers ne seront pas forc\u00e9ment v\u00e9cus ou ressentis, mais chacune peut \u00e9ventuellement les rencontrer.<\/p>\n\n\n\n<h2 class=\"wp-block-heading\">Prenez rendez-vous pour un accompagnement bienveillant et personnalis\u00e9<\/h2>\n\n\n\n<p>Je vous invite \u00e0 me rencontrer pour mettre en place <strong>un programme de soins adapt\u00e9s<\/strong> \u00e0 vos envies et besoins.<br><strong>Contactez-moi d\u00e8s maintenant <\/strong>pour toutes question ou prenez un rendez-vous.<br>C&rsquo;est avec bienveillance et transparence que je vous accueillerai, afin de vous accompagner vers un <strong>mieux-\u00eatre tout au long de votre grossesse<\/strong>.<br><strong>Au plaisir de vous rencontrer et de prendre soin de vous !<\/strong><\/p>\n\n\n\n<div class=\"wp-block-buttons is-content-justification-center is-layout-flex wp-container-core-buttons-is-layout-16018d1d wp-block-buttons-is-layout-flex\">\n<div class=\"wp-block-button\"><a class=\"wp-block-button__link has-background wp-element-button\" href=\"https:\/\/francoisejouneau.fr\/index.php\/contact\/\" style=\"background-color:#9b4966\">Contactez-moi<\/a><\/div>\n\n\n\n<div class=\"wp-block-button\"><a class=\"wp-block-button__link has-background wp-element-button\" href=\"https:\/\/francoisejouneau.fr\/index.php\/agenda-rendez-vous-calendly\/\" style=\"background-color:#9b4966\">Prendre Rendez-vous<\/a><\/div>\n<\/div>\n\n\n\n<p><\/p>\n","protected":false},"excerpt":{"rendered":"<p>Si vous cherchez \u00e0 mieux vivre votre grossesse et \u00e0 soulager tous les changements qu&rsquo;elle implique, vous \u00eates sur la bonne page.Gr\u00e2ce \u00e0 des soins &hellip; <\/p>\n","protected":false},"author":2,"featured_media":0,"parent":0,"menu_order":0,"comment_status":"closed","ping_status":"closed","template":"","meta":{"footnotes":""},"class_list":["post-89","page","type-page","status-publish","hentry","latest_post"],"yoast_head":"<!-- This site is optimized with the Yoast SEO plugin v27.1.1 - https:\/\/yoast.com\/product\/yoast-seo-wordpress\/ -->\n<title>R\u00e9flexologie et Grossesse : Un Accompagnement Naturel pour Vivre Cette P\u00e9riode en S\u00e9r\u00e9nit\u00e9 - Fran\u00e7oise JOUNEAU - R\u00e9flexologie et Fleurs de Bach<\/title>\n<meta name=\"description\" content=\"R\u00e9flexologie et Fleurs de Bach pour la p\u00e9rinatalit\u00e9. Accompagnement doux pendant la grossesse et le post-partum.\" \/>\n<meta name=\"robots\" content=\"index, follow, max-snippet:-1, max-image-preview:large, max-video-preview:-1\" \/>\n<link rel=\"canonical\" href=\"https:\/\/francoisejouneau.fr\/index.php\/perinatalite\/\" \/>\n<meta property=\"og:locale\" content=\"fr_FR\" \/>\n<meta property=\"og:type\" content=\"article\" \/>\n<meta property=\"og:title\" content=\"R\u00e9flexologie et Grossesse : Un Accompagnement Naturel pour Vivre Cette P\u00e9riode en S\u00e9r\u00e9nit\u00e9 - Fran\u00e7oise JOUNEAU - R\u00e9flexologie et Fleurs de Bach\" \/>\n<meta property=\"og:description\" content=\"R\u00e9flexologie et Fleurs de Bach pour la p\u00e9rinatalit\u00e9. Accompagnement doux pendant la grossesse et le post-partum.\" \/>\n<meta property=\"og:url\" content=\"https:\/\/francoisejouneau.fr\/index.php\/perinatalite\/\" \/>\n<meta property=\"og:site_name\" content=\"Fran\u00e7oise JOUNEAU - R\u00e9flexologie et Fleurs de Bach\" \/>\n<meta property=\"article:modified_time\" content=\"2026-03-12T10:25:02+00:00\" \/>\n<meta property=\"og:image\" content=\"http:\/\/francoisejouneau.fr\/wp-content\/uploads\/2026\/03\/DSC_0433-modifiee-reflexo-679x1024.jpg\" \/>\n<meta name=\"twitter:card\" content=\"summary_large_image\" \/>\n<meta name=\"twitter:label1\" content=\"Dur\u00e9e de lecture estim\u00e9e\" \/>\n\t<meta name=\"twitter:data1\" content=\"2 minutes\" \/>\n<script type=\"application\/ld+json\" class=\"yoast-schema-graph\">{\"@context\":\"https:\/\/schema.org\",\"@graph\":[{\"@type\":\"WebPage\",\"@id\":\"https:\/\/francoisejouneau.fr\/index.php\/perinatalite\/\",\"url\":\"https:\/\/francoisejouneau.fr\/index.php\/perinatalite\/\",\"name\":\"R\u00e9flexologie et Grossesse : Un Accompagnement Naturel pour Vivre Cette P\u00e9riode en S\u00e9r\u00e9nit\u00e9 - Fran\u00e7oise JOUNEAU - R\u00e9flexologie et Fleurs de Bach\",\"isPartOf\":{\"@id\":\"https:\/\/francoisejouneau.fr\/#website\"},\"primaryImageOfPage\":{\"@id\":\"https:\/\/francoisejouneau.fr\/index.php\/perinatalite\/#primaryimage\"},\"image\":{\"@id\":\"https:\/\/francoisejouneau.fr\/index.php\/perinatalite\/#primaryimage\"},\"thumbnailUrl\":\"http:\/\/francoisejouneau.fr\/wp-content\/uploads\/2026\/03\/DSC_0433-modifiee-reflexo-679x1024.jpg\",\"datePublished\":\"2026-03-05T09:40:35+00:00\",\"dateModified\":\"2026-03-12T10:25:02+00:00\",\"description\":\"R\u00e9flexologie et Fleurs de Bach pour la p\u00e9rinatalit\u00e9. Accompagnement doux pendant la grossesse et le post-partum.\",\"breadcrumb\":{\"@id\":\"https:\/\/francoisejouneau.fr\/index.php\/perinatalite\/#breadcrumb\"},\"inLanguage\":\"fr-FR\",\"potentialAction\":[{\"@type\":\"ReadAction\",\"target\":[\"https:\/\/francoisejouneau.fr\/index.php\/perinatalite\/\"]}]},{\"@type\":\"ImageObject\",\"inLanguage\":\"fr-FR\",\"@id\":\"https:\/\/francoisejouneau.fr\/index.php\/perinatalite\/#primaryimage\",\"url\":\"https:\/\/francoisejouneau.fr\/wp-content\/uploads\/2026\/03\/DSC_0433-modifiee-reflexo-scaled.jpg\",\"contentUrl\":\"https:\/\/francoisejouneau.fr\/wp-content\/uploads\/2026\/03\/DSC_0433-modifiee-reflexo-scaled.jpg\",\"width\":1697,\"height\":2560},{\"@type\":\"BreadcrumbList\",\"@id\":\"https:\/\/francoisejouneau.fr\/index.php\/perinatalite\/#breadcrumb\",\"itemListElement\":[{\"@type\":\"ListItem\",\"position\":1,\"name\":\"Accueil\",\"item\":\"https:\/\/francoisejouneau.fr\/\"},{\"@type\":\"ListItem\",\"position\":2,\"name\":\"R\u00e9flexologie et Grossesse : Un Accompagnement Naturel pour Vivre Cette P\u00e9riode en S\u00e9r\u00e9nit\u00e9\"}]},{\"@type\":\"WebSite\",\"@id\":\"https:\/\/francoisejouneau.fr\/#website\",\"url\":\"https:\/\/francoisejouneau.fr\/\",\"name\":\"Fran\u00e7oise JOUNEAU - R\u00e9flexologie et Fleurs de Bach\",\"description\":\"R\u00e9flexologue en \u00c9nerg\u00e9tique chinoise Fleurs de Bach en Entre-deux-Mers\/Sud Gironde\",\"publisher\":{\"@id\":\"https:\/\/francoisejouneau.fr\/#organization\"},\"potentialAction\":[{\"@type\":\"SearchAction\",\"target\":{\"@type\":\"EntryPoint\",\"urlTemplate\":\"https:\/\/francoisejouneau.fr\/?s={search_term_string}\"},\"query-input\":{\"@type\":\"PropertyValueSpecification\",\"valueRequired\":true,\"valueName\":\"search_term_string\"}}],\"inLanguage\":\"fr-FR\"},{\"@type\":\"Organization\",\"@id\":\"https:\/\/francoisejouneau.fr\/#organization\",\"name\":\"Fran\u00e7oise JOUNEAU - R\u00e9flexologie et Fleurs de Bach\",\"url\":\"https:\/\/francoisejouneau.fr\/\",\"logo\":{\"@type\":\"ImageObject\",\"inLanguage\":\"fr-FR\",\"@id\":\"https:\/\/francoisejouneau.fr\/#\/schema\/logo\/image\/\",\"url\":\"https:\/\/francoisejouneau.fr\/wp-content\/uploads\/2026\/03\/cropped-Logo-dessin-PNG-violet-rond-jaune.png\",\"contentUrl\":\"https:\/\/francoisejouneau.fr\/wp-content\/uploads\/2026\/03\/cropped-Logo-dessin-PNG-violet-rond-jaune.png\",\"width\":404,\"height\":404,\"caption\":\"Fran\u00e7oise JOUNEAU - R\u00e9flexologie et Fleurs de Bach\"},\"image\":{\"@id\":\"https:\/\/francoisejouneau.fr\/#\/schema\/logo\/image\/\"}}]}<\/script>\n<!-- \/ Yoast SEO plugin. -->","yoast_head_json":{"title":"R\u00e9flexologie et Grossesse : Un Accompagnement Naturel pour Vivre Cette P\u00e9riode en S\u00e9r\u00e9nit\u00e9 - Fran\u00e7oise JOUNEAU - R\u00e9flexologie et Fleurs de Bach","description":"R\u00e9flexologie et Fleurs de Bach pour la p\u00e9rinatalit\u00e9. Accompagnement doux pendant la grossesse et le post-partum.","robots":{"index":"index","follow":"follow","max-snippet":"max-snippet:-1","max-image-preview":"max-image-preview:large","max-video-preview":"max-video-preview:-1"},"canonical":"https:\/\/francoisejouneau.fr\/index.php\/perinatalite\/","og_locale":"fr_FR","og_type":"article","og_title":"R\u00e9flexologie et Grossesse : Un Accompagnement Naturel pour Vivre Cette P\u00e9riode en S\u00e9r\u00e9nit\u00e9 - Fran\u00e7oise JOUNEAU - R\u00e9flexologie et Fleurs de Bach","og_description":"R\u00e9flexologie et Fleurs de Bach pour la p\u00e9rinatalit\u00e9. Accompagnement doux pendant la grossesse et le post-partum.","og_url":"https:\/\/francoisejouneau.fr\/index.php\/perinatalite\/","og_site_name":"Fran\u00e7oise JOUNEAU - R\u00e9flexologie et Fleurs de Bach","article_modified_time":"2026-03-12T10:25:02+00:00","og_image":[{"url":"http:\/\/francoisejouneau.fr\/wp-content\/uploads\/2026\/03\/DSC_0433-modifiee-reflexo-679x1024.jpg","type":"","width":"","height":""}],"twitter_card":"summary_large_image","twitter_misc":{"Dur\u00e9e de lecture estim\u00e9e":"2 minutes"},"schema":{"@context":"https:\/\/schema.org","@graph":[{"@type":"WebPage","@id":"https:\/\/francoisejouneau.fr\/index.php\/perinatalite\/","url":"https:\/\/francoisejouneau.fr\/index.php\/perinatalite\/","name":"R\u00e9flexologie et Grossesse : Un Accompagnement Naturel pour Vivre Cette P\u00e9riode en S\u00e9r\u00e9nit\u00e9 - Fran\u00e7oise JOUNEAU - R\u00e9flexologie et Fleurs de Bach","isPartOf":{"@id":"https:\/\/francoisejouneau.fr\/#website"},"primaryImageOfPage":{"@id":"https:\/\/francoisejouneau.fr\/index.php\/perinatalite\/#primaryimage"},"image":{"@id":"https:\/\/francoisejouneau.fr\/index.php\/perinatalite\/#primaryimage"},"thumbnailUrl":"http:\/\/francoisejouneau.fr\/wp-content\/uploads\/2026\/03\/DSC_0433-modifiee-reflexo-679x1024.jpg","datePublished":"2026-03-05T09:40:35+00:00","dateModified":"2026-03-12T10:25:02+00:00","description":"R\u00e9flexologie et Fleurs de Bach pour la p\u00e9rinatalit\u00e9. Accompagnement doux pendant la grossesse et le post-partum.","breadcrumb":{"@id":"https:\/\/francoisejouneau.fr\/index.php\/perinatalite\/#breadcrumb"},"inLanguage":"fr-FR","potentialAction":[{"@type":"ReadAction","target":["https:\/\/francoisejouneau.fr\/index.php\/perinatalite\/"]}]},{"@type":"ImageObject","inLanguage":"fr-FR","@id":"https:\/\/francoisejouneau.fr\/index.php\/perinatalite\/#primaryimage","url":"https:\/\/francoisejouneau.fr\/wp-content\/uploads\/2026\/03\/DSC_0433-modifiee-reflexo-scaled.jpg","contentUrl":"https:\/\/francoisejouneau.fr\/wp-content\/uploads\/2026\/03\/DSC_0433-modifiee-reflexo-scaled.jpg","width":1697,"height":2560},{"@type":"BreadcrumbList","@id":"https:\/\/francoisejouneau.fr\/index.php\/perinatalite\/#breadcrumb","itemListElement":[{"@type":"ListItem","position":1,"name":"Accueil","item":"https:\/\/francoisejouneau.fr\/"},{"@type":"ListItem","position":2,"name":"R\u00e9flexologie et Grossesse : Un Accompagnement Naturel pour Vivre Cette P\u00e9riode en S\u00e9r\u00e9nit\u00e9"}]},{"@type":"WebSite","@id":"https:\/\/francoisejouneau.fr\/#website","url":"https:\/\/francoisejouneau.fr\/","name":"Fran\u00e7oise JOUNEAU - R\u00e9flexologie et Fleurs de Bach","description":"R\u00e9flexologue en \u00c9nerg\u00e9tique chinoise Fleurs de Bach en Entre-deux-Mers\/Sud Gironde","publisher":{"@id":"https:\/\/francoisejouneau.fr\/#organization"},"potentialAction":[{"@type":"SearchAction","target":{"@type":"EntryPoint","urlTemplate":"https:\/\/francoisejouneau.fr\/?s={search_term_string}"},"query-input":{"@type":"PropertyValueSpecification","valueRequired":true,"valueName":"search_term_string"}}],"inLanguage":"fr-FR"},{"@type":"Organization","@id":"https:\/\/francoisejouneau.fr\/#organization","name":"Fran\u00e7oise JOUNEAU - R\u00e9flexologie et Fleurs de Bach","url":"https:\/\/francoisejouneau.fr\/","logo":{"@type":"ImageObject","inLanguage":"fr-FR","@id":"https:\/\/francoisejouneau.fr\/#\/schema\/logo\/image\/","url":"https:\/\/francoisejouneau.fr\/wp-content\/uploads\/2026\/03\/cropped-Logo-dessin-PNG-violet-rond-jaune.png","contentUrl":"https:\/\/francoisejouneau.fr\/wp-content\/uploads\/2026\/03\/cropped-Logo-dessin-PNG-violet-rond-jaune.png","width":404,"height":404,"caption":"Fran\u00e7oise JOUNEAU - R\u00e9flexologie et Fleurs de Bach"},"image":{"@id":"https:\/\/francoisejouneau.fr\/#\/schema\/logo\/image\/"}}]}},"_links":{"self":[{"href":"https:\/\/francoisejouneau.fr\/index.php\/wp-json\/wp\/v2\/pages\/89","targetHints":{"allow":["GET"]}}],"collection":[{"href":"https:\/\/francoisejouneau.fr\/index.php\/wp-json\/wp\/v2\/pages"}],"about":[{"href":"https:\/\/francoisejouneau.fr\/index.php\/wp-json\/wp\/v2\/types\/page"}],"author":[{"embeddable":true,"href":"https:\/\/francoisejouneau.fr\/index.php\/wp-json\/wp\/v2\/users\/2"}],"replies":[{"embeddable":true,"href":"https:\/\/francoisejouneau.fr\/index.php\/wp-json\/wp\/v2\/comments?post=89"}],"version-history":[{"count":19,"href":"https:\/\/francoisejouneau.fr\/index.php\/wp-json\/wp\/v2\/pages\/89\/revisions"}],"predecessor-version":[{"id":492,"href":"https:\/\/francoisejouneau.fr\/index.php\/wp-json\/wp\/v2\/pages\/89\/revisions\/492"}],"wp:attachment":[{"href":"https:\/\/francoisejouneau.fr\/index.php\/wp-json\/wp\/v2\/media?parent=89"}],"curies":[{"name":"wp","href":"https:\/\/api.w.org\/{rel}","templated":true}]}}