{"id":85,"date":"2026-03-05T10:33:16","date_gmt":"2026-03-05T09:33:16","guid":{"rendered":"https:\/\/francoisejouneau.fr\/?page_id=85"},"modified":"2026-03-12T10:09:57","modified_gmt":"2026-03-12T09:09:57","slug":"specialisations","status":"publish","type":"page","link":"https:\/\/francoisejouneau.fr\/index.php\/specialisations\/","title":{"rendered":"SP\u00c9CIALISATIONS"},"content":{"rendered":"\n<p class=\"has-text-align-center\">Ces sp\u00e9cialisations me permettent d\u2019adapter chaque s\u00e9ance avec attention, bienveillance, afin de vous proposer un accompagnement le plus juste possible.<\/p>\n\n\n\n<p>Les s\u00e9ances de <strong>r\u00e9flexologie pratiqu\u00e9es par Fran\u00e7oise Jouneau sont des soins de confort, de d\u00e9tente et de bien-\u00eatre<\/strong>. Issus de <strong>techniques naturelles<\/strong>, <strong>compl\u00e9mentaires \u00e0 la m\u00e9decine conventionnelle<\/strong>. Ces soins ne remplacent en aucun cas un traitement m\u00e9dical.<br>\u26a0\ufe0f <strong>Ces s\u00e9ances ne sont pas des soins th\u00e9rapeutiques au sens strictement m\u00e9dical du terme<\/strong>. Seul un <strong>m\u00e9decin habilit\u00e9<\/strong> peut poser un diagnostic.<\/p>\n\n\n<div class=\"wp-block-image is-style-rounded\">\n<figure class=\"aligncenter size-large is-resized\"><img fetchpriority=\"high\" decoding=\"async\" width=\"679\" height=\"1024\" src=\"http:\/\/francoisejouneau.fr\/wp-content\/uploads\/2026\/03\/DSC_0434-modifie-reflexo-679x1024.jpg\" alt=\"\" class=\"wp-image-38\" style=\"aspect-ratio:0.66309139407553;width:128px;height:auto\" srcset=\"https:\/\/francoisejouneau.fr\/wp-content\/uploads\/2026\/03\/DSC_0434-modifie-reflexo-679x1024.jpg 679w, https:\/\/francoisejouneau.fr\/wp-content\/uploads\/2026\/03\/DSC_0434-modifie-reflexo-199x300.jpg 199w, https:\/\/francoisejouneau.fr\/wp-content\/uploads\/2026\/03\/DSC_0434-modifie-reflexo-768x1159.jpg 768w, https:\/\/francoisejouneau.fr\/wp-content\/uploads\/2026\/03\/DSC_0434-modifie-reflexo-1018x1536.jpg 1018w, https:\/\/francoisejouneau.fr\/wp-content\/uploads\/2026\/03\/DSC_0434-modifie-reflexo-1358x2048.jpg 1358w, https:\/\/francoisejouneau.fr\/wp-content\/uploads\/2026\/03\/DSC_0434-modifie-reflexo-40x60.jpg 40w, https:\/\/francoisejouneau.fr\/wp-content\/uploads\/2026\/03\/DSC_0434-modifie-reflexo-scaled.jpg 1697w\" sizes=\"(max-width: 679px) 100vw, 679px\" \/><\/figure>\n<\/div>\n\n\n<p>Afin de vous proposer un accompagnement toujours plus adapt\u00e9 et respectueux de vos besoins, j\u2019ai choisi de me sp\u00e9cialiser dans plusieurs domaines sp\u00e9cifiques. Ces formations compl\u00e9mentaires me permettent d\u2019ajuster ma pratique de la r\u00e9flexologie. Avec davantage de pr\u00e9cision, de douceur et de compr\u00e9hension des situations particuli\u00e8res.<\/p>\n\n\n\n<p>Chaque personne est unique, et certaines p\u00e9riodes de vie ou certaines pathologies n\u00e9cessitent une approche encore plus attentive. Donc, c\u2019est dans cette d\u00e9marche d\u2019accompagnement personnalis\u00e9 que j\u2019ai approfondi mes connaissances dans les domaines suivants : <\/p>\n\n\n<div class=\"wp-block-image is-style-rounded\">\n<figure class=\"aligncenter size-large is-resized\"><img decoding=\"async\" width=\"768\" height=\"1024\" src=\"http:\/\/francoisejouneau.fr\/wp-content\/uploads\/2026\/03\/IMG_5288-768x1024.jpg\" alt=\"\" class=\"wp-image-377\" style=\"aspect-ratio:0.7500157301956837;width:139px;height:auto\" srcset=\"https:\/\/francoisejouneau.fr\/wp-content\/uploads\/2026\/03\/IMG_5288-768x1024.jpg 768w, https:\/\/francoisejouneau.fr\/wp-content\/uploads\/2026\/03\/IMG_5288-225x300.jpg 225w, https:\/\/francoisejouneau.fr\/wp-content\/uploads\/2026\/03\/IMG_5288-1152x1536.jpg 1152w, https:\/\/francoisejouneau.fr\/wp-content\/uploads\/2026\/03\/IMG_5288-1536x2048.jpg 1536w, https:\/\/francoisejouneau.fr\/wp-content\/uploads\/2026\/03\/IMG_5288-45x60.jpg 45w, https:\/\/francoisejouneau.fr\/wp-content\/uploads\/2026\/03\/IMG_5288-scaled.jpg 1920w\" sizes=\"(max-width: 768px) 100vw, 768px\" \/><\/figure>\n<\/div>\n\n\n<p>\u2022<a href=\"https:\/\/francoisejouneau.fr\/index.php\/perinatalite\/\">P\u00e9rinatalit\u00e9<\/a> : La p\u00e9riode de la grossesse et du post-partum est un moment intense dans la vie d\u2019une femme. Par exemple, tant sur le plan physique qu\u2019\u00e9motionnel. La r\u00e9flexologie, adapt\u00e9e \u00e0 chaque \u00e9tape de la grossesse, peut aider \u00e0 favoriser la d\u00e9tente. Aussi soutenir l\u2019\u00e9quilibre du corps et accompagner les changements que traverse la future maman. Elle peut \u00e9galement offrir un temps de pause et de recentrage pr\u00e9cieux durant cette p\u00e9riode particuli\u00e8re.<\/p>\n\n\n<div class=\"wp-block-image is-style-rounded\">\n<figure class=\"aligncenter size-large is-resized\"><img decoding=\"async\" width=\"768\" height=\"1024\" src=\"http:\/\/francoisejouneau.fr\/wp-content\/uploads\/2026\/03\/IMG_5275-768x1024.jpg\" alt=\"\" class=\"wp-image-376\" style=\"aspect-ratio:0.7500157301956837;width:127px;height:auto\" srcset=\"https:\/\/francoisejouneau.fr\/wp-content\/uploads\/2026\/03\/IMG_5275-768x1024.jpg 768w, https:\/\/francoisejouneau.fr\/wp-content\/uploads\/2026\/03\/IMG_5275-225x300.jpg 225w, https:\/\/francoisejouneau.fr\/wp-content\/uploads\/2026\/03\/IMG_5275-1152x1536.jpg 1152w, https:\/\/francoisejouneau.fr\/wp-content\/uploads\/2026\/03\/IMG_5275-1536x2048.jpg 1536w, https:\/\/francoisejouneau.fr\/wp-content\/uploads\/2026\/03\/IMG_5275-45x60.jpg 45w, https:\/\/francoisejouneau.fr\/wp-content\/uploads\/2026\/03\/IMG_5275-scaled.jpg 1920w\" sizes=\"(max-width: 768px) 100vw, 768px\" \/><\/figure>\n<\/div>\n\n\n<p><br>\u2022 <a href=\"https:\/\/francoisejouneau.fr\/index.php\/comprendre-le-cancer-et-son-accompagnement-par-la-reflexologie\/\">Oncologie<\/a> : Je me suis form\u00e9e \u00e0 l\u2019accompagnement des personnes atteintes de cancer. Afin de proposer une approche douce et compl\u00e9mentaire. Ceci avant ou apr\u00e8s certains traitements m\u00e9dicaux. La r\u00e9flexologie ne remplace pas les soins m\u00e9dicaux. Cependant,  elle peut contribuer \u00e0 am\u00e9liorer le confort. De plus elle favorise la relaxation et apporte un moment de bien-\u00eatre dans un parcours souvent \u00e9prouvant.<\/p>\n\n\n<div class=\"wp-block-image is-style-rounded\">\n<figure class=\"aligncenter size-large is-resized\"><img loading=\"lazy\" decoding=\"async\" width=\"768\" height=\"1024\" src=\"http:\/\/francoisejouneau.fr\/wp-content\/uploads\/2026\/03\/IMG_5286-768x1024.jpg\" alt=\"\" class=\"wp-image-378\" style=\"aspect-ratio:0.7500157301956837;width:124px;height:auto\" srcset=\"https:\/\/francoisejouneau.fr\/wp-content\/uploads\/2026\/03\/IMG_5286-768x1024.jpg 768w, https:\/\/francoisejouneau.fr\/wp-content\/uploads\/2026\/03\/IMG_5286-225x300.jpg 225w, https:\/\/francoisejouneau.fr\/wp-content\/uploads\/2026\/03\/IMG_5286-1152x1536.jpg 1152w, https:\/\/francoisejouneau.fr\/wp-content\/uploads\/2026\/03\/IMG_5286-1536x2048.jpg 1536w, https:\/\/francoisejouneau.fr\/wp-content\/uploads\/2026\/03\/IMG_5286-45x60.jpg 45w, https:\/\/francoisejouneau.fr\/wp-content\/uploads\/2026\/03\/IMG_5286-scaled.jpg 1920w\" sizes=\"(max-width: 768px) 100vw, 768px\" \/><\/figure>\n<\/div>\n\n\n<p><br>\u2022 <a href=\"https:\/\/francoisejouneau.fr\/index.php\/alzheimer-accompagner-les-personnes-atteintes-et-ameliorer-leur-confort-de-vie-grace-a-la-reflexologie\/\">Alzheimer<\/a> : L\u2019accompagnement des personnes atteintes de la maladie d\u2019Alzheimer demande une grande attention et une approche adapt\u00e9e. Ainsi, la r\u00e9flexologie peut offrir un moment de d\u00e9tente. Ainsi que contribuer \u00e0 apaiser certaines tensions et favoriser un mieux-\u00eatre global. Ceci, tout en respectant le rythme et la sensibilit\u00e9 de la personne. <\/p>\n\n\n<div class=\"wp-block-image is-style-rounded\">\n<figure class=\"aligncenter size-large is-resized\"><img loading=\"lazy\" decoding=\"async\" width=\"679\" height=\"1024\" src=\"http:\/\/francoisejouneau.fr\/wp-content\/uploads\/2026\/03\/DSC_0446-modifiee-reflexo-679x1024.jpg\" alt=\"\" class=\"wp-image-170\" style=\"aspect-ratio:0.6631136416299778;width:105px;height:auto\" srcset=\"https:\/\/francoisejouneau.fr\/wp-content\/uploads\/2026\/03\/DSC_0446-modifiee-reflexo-679x1024.jpg 679w, https:\/\/francoisejouneau.fr\/wp-content\/uploads\/2026\/03\/DSC_0446-modifiee-reflexo-199x300.jpg 199w, https:\/\/francoisejouneau.fr\/wp-content\/uploads\/2026\/03\/DSC_0446-modifiee-reflexo-768x1159.jpg 768w, https:\/\/francoisejouneau.fr\/wp-content\/uploads\/2026\/03\/DSC_0446-modifiee-reflexo-1018x1536.jpg 1018w, https:\/\/francoisejouneau.fr\/wp-content\/uploads\/2026\/03\/DSC_0446-modifiee-reflexo-1358x2048.jpg 1358w, https:\/\/francoisejouneau.fr\/wp-content\/uploads\/2026\/03\/DSC_0446-modifiee-reflexo-40x60.jpg 40w, https:\/\/francoisejouneau.fr\/wp-content\/uploads\/2026\/03\/DSC_0446-modifiee-reflexo-scaled.jpg 1697w\" sizes=\"(max-width: 679px) 100vw, 679px\" \/><\/figure>\n<\/div>\n\n\n<p><br>\u2022 <a href=\"https:\/\/francoisejouneau.fr\/index.php\/maladie-neurodegenerative-parkinson-et-reflexologie-une-approche-complementaire-pour-un-mieux-etre\/\">Parkinson<\/a> : Pour cette maladie, la r\u00e9flexologie peut accompagner la personne en proposant un temps de relaxation profonde. Elle vise \u00e0 soutenir le confort physique et \u00e0 apporter un moment de calme et de d\u00e9tente dans le quotidien.<\/p>\n\n\n\n<div class=\"wp-block-buttons is-content-justification-center is-layout-flex wp-container-core-buttons-is-layout-16018d1d wp-block-buttons-is-layout-flex\">\n<div class=\"wp-block-button\"><a class=\"wp-block-button__link has-background wp-element-button\" href=\"https:\/\/francoisejouneau.fr\/index.php\/contact\/\" style=\"background-color:#9b4966\">Contactez-moi<\/a><\/div>\n\n\n\n<div class=\"wp-block-button\"><a class=\"wp-block-button__link has-background wp-element-button\" href=\"https:\/\/francoisejouneau.fr\/index.php\/agenda-rendez-vous-calendly\/\" style=\"background-color:#9b4966\">Prendre Rendez-vous<\/a><\/div>\n<\/div>\n\n\n\n<p><\/p>\n","protected":false},"excerpt":{"rendered":"<p>Ces sp\u00e9cialisations me permettent d\u2019adapter chaque s\u00e9ance avec attention, bienveillance, afin de vous proposer un accompagnement le plus juste possible. Les s\u00e9ances de r\u00e9flexologie pratiqu\u00e9es &hellip; <\/p>\n","protected":false},"author":2,"featured_media":0,"parent":0,"menu_order":0,"comment_status":"closed","ping_status":"closed","template":"","meta":{"footnotes":""},"class_list":["post-85","page","type-page","status-publish","hentry","latest_post"],"yoast_head":"<!-- This site is optimized with the Yoast SEO plugin v27.1.1 - https:\/\/yoast.com\/product\/yoast-seo-wordpress\/ -->\n<title>SP\u00c9CIALISATIONS - Fran\u00e7oise JOUNEAU - R\u00e9flexologie et Fleurs de Bach<\/title>\n<meta name=\"description\" content=\"D\u00e9couvrez mes sp\u00e9cialisations en r\u00e9flexologie : p\u00e9rinatalit\u00e9, cancer, Alzheimer et Parkinson, bien-\u00eatre en Sud Gironde et Entre-Deux-Mers.\" \/>\n<meta name=\"robots\" content=\"index, follow, max-snippet:-1, max-image-preview:large, max-video-preview:-1\" \/>\n<link rel=\"canonical\" href=\"https:\/\/francoisejouneau.fr\/index.php\/specialisations\/\" \/>\n<meta property=\"og:locale\" content=\"fr_FR\" \/>\n<meta property=\"og:type\" content=\"article\" \/>\n<meta property=\"og:title\" content=\"SP\u00c9CIALISATIONS - Fran\u00e7oise JOUNEAU - R\u00e9flexologie et Fleurs de Bach\" \/>\n<meta property=\"og:description\" content=\"D\u00e9couvrez mes sp\u00e9cialisations en r\u00e9flexologie : p\u00e9rinatalit\u00e9, cancer, Alzheimer et Parkinson, bien-\u00eatre en Sud Gironde et Entre-Deux-Mers.\" \/>\n<meta property=\"og:url\" content=\"https:\/\/francoisejouneau.fr\/index.php\/specialisations\/\" \/>\n<meta property=\"og:site_name\" content=\"Fran\u00e7oise JOUNEAU - R\u00e9flexologie et Fleurs de Bach\" \/>\n<meta property=\"article:modified_time\" content=\"2026-03-12T09:09:57+00:00\" \/>\n<meta property=\"og:image\" content=\"http:\/\/francoisejouneau.fr\/wp-content\/uploads\/2026\/03\/DSC_0434-modifie-reflexo-679x1024.jpg\" \/>\n<meta name=\"twitter:card\" content=\"summary_large_image\" \/>\n<meta name=\"twitter:label1\" content=\"Dur\u00e9e de lecture estim\u00e9e\" \/>\n\t<meta name=\"twitter:data1\" content=\"3 minutes\" \/>\n<script type=\"application\/ld+json\" class=\"yoast-schema-graph\">{\"@context\":\"https:\/\/schema.org\",\"@graph\":[{\"@type\":\"WebPage\",\"@id\":\"https:\/\/francoisejouneau.fr\/index.php\/specialisations\/\",\"url\":\"https:\/\/francoisejouneau.fr\/index.php\/specialisations\/\",\"name\":\"SP\u00c9CIALISATIONS - Fran\u00e7oise JOUNEAU - R\u00e9flexologie et Fleurs de Bach\",\"isPartOf\":{\"@id\":\"https:\/\/francoisejouneau.fr\/#website\"},\"primaryImageOfPage\":{\"@id\":\"https:\/\/francoisejouneau.fr\/index.php\/specialisations\/#primaryimage\"},\"image\":{\"@id\":\"https:\/\/francoisejouneau.fr\/index.php\/specialisations\/#primaryimage\"},\"thumbnailUrl\":\"http:\/\/francoisejouneau.fr\/wp-content\/uploads\/2026\/03\/DSC_0434-modifie-reflexo-679x1024.jpg\",\"datePublished\":\"2026-03-05T09:33:16+00:00\",\"dateModified\":\"2026-03-12T09:09:57+00:00\",\"description\":\"D\u00e9couvrez mes sp\u00e9cialisations en r\u00e9flexologie : p\u00e9rinatalit\u00e9, cancer, Alzheimer et Parkinson, bien-\u00eatre en Sud Gironde et Entre-Deux-Mers.\",\"breadcrumb\":{\"@id\":\"https:\/\/francoisejouneau.fr\/index.php\/specialisations\/#breadcrumb\"},\"inLanguage\":\"fr-FR\",\"potentialAction\":[{\"@type\":\"ReadAction\",\"target\":[\"https:\/\/francoisejouneau.fr\/index.php\/specialisations\/\"]}]},{\"@type\":\"ImageObject\",\"inLanguage\":\"fr-FR\",\"@id\":\"https:\/\/francoisejouneau.fr\/index.php\/specialisations\/#primaryimage\",\"url\":\"https:\/\/francoisejouneau.fr\/wp-content\/uploads\/2026\/03\/DSC_0434-modifie-reflexo-scaled.jpg\",\"contentUrl\":\"https:\/\/francoisejouneau.fr\/wp-content\/uploads\/2026\/03\/DSC_0434-modifie-reflexo-scaled.jpg\",\"width\":1697,\"height\":2560},{\"@type\":\"BreadcrumbList\",\"@id\":\"https:\/\/francoisejouneau.fr\/index.php\/specialisations\/#breadcrumb\",\"itemListElement\":[{\"@type\":\"ListItem\",\"position\":1,\"name\":\"Accueil\",\"item\":\"https:\/\/francoisejouneau.fr\/\"},{\"@type\":\"ListItem\",\"position\":2,\"name\":\"SP\u00c9CIALISATIONS\"}]},{\"@type\":\"WebSite\",\"@id\":\"https:\/\/francoisejouneau.fr\/#website\",\"url\":\"https:\/\/francoisejouneau.fr\/\",\"name\":\"Fran\u00e7oise JOUNEAU - R\u00e9flexologie et Fleurs de Bach\",\"description\":\"R\u00e9flexologue en \u00c9nerg\u00e9tique chinoise Fleurs de Bach en Entre-deux-Mers\/Sud Gironde\",\"publisher\":{\"@id\":\"https:\/\/francoisejouneau.fr\/#organization\"},\"potentialAction\":[{\"@type\":\"SearchAction\",\"target\":{\"@type\":\"EntryPoint\",\"urlTemplate\":\"https:\/\/francoisejouneau.fr\/?s={search_term_string}\"},\"query-input\":{\"@type\":\"PropertyValueSpecification\",\"valueRequired\":true,\"valueName\":\"search_term_string\"}}],\"inLanguage\":\"fr-FR\"},{\"@type\":\"Organization\",\"@id\":\"https:\/\/francoisejouneau.fr\/#organization\",\"name\":\"Fran\u00e7oise JOUNEAU - R\u00e9flexologie et Fleurs de Bach\",\"url\":\"https:\/\/francoisejouneau.fr\/\",\"logo\":{\"@type\":\"ImageObject\",\"inLanguage\":\"fr-FR\",\"@id\":\"https:\/\/francoisejouneau.fr\/#\/schema\/logo\/image\/\",\"url\":\"https:\/\/francoisejouneau.fr\/wp-content\/uploads\/2026\/03\/cropped-Logo-dessin-PNG-violet-rond-jaune.png\",\"contentUrl\":\"https:\/\/francoisejouneau.fr\/wp-content\/uploads\/2026\/03\/cropped-Logo-dessin-PNG-violet-rond-jaune.png\",\"width\":404,\"height\":404,\"caption\":\"Fran\u00e7oise JOUNEAU - R\u00e9flexologie et Fleurs de Bach\"},\"image\":{\"@id\":\"https:\/\/francoisejouneau.fr\/#\/schema\/logo\/image\/\"}}]}<\/script>\n<!-- \/ Yoast SEO plugin. -->","yoast_head_json":{"title":"SP\u00c9CIALISATIONS - Fran\u00e7oise JOUNEAU - R\u00e9flexologie et Fleurs de Bach","description":"D\u00e9couvrez mes sp\u00e9cialisations en r\u00e9flexologie : p\u00e9rinatalit\u00e9, cancer, Alzheimer et Parkinson, bien-\u00eatre en Sud Gironde et Entre-Deux-Mers.","robots":{"index":"index","follow":"follow","max-snippet":"max-snippet:-1","max-image-preview":"max-image-preview:large","max-video-preview":"max-video-preview:-1"},"canonical":"https:\/\/francoisejouneau.fr\/index.php\/specialisations\/","og_locale":"fr_FR","og_type":"article","og_title":"SP\u00c9CIALISATIONS - Fran\u00e7oise JOUNEAU - R\u00e9flexologie et Fleurs de Bach","og_description":"D\u00e9couvrez mes sp\u00e9cialisations en r\u00e9flexologie : p\u00e9rinatalit\u00e9, cancer, Alzheimer et Parkinson, bien-\u00eatre en Sud Gironde et Entre-Deux-Mers.","og_url":"https:\/\/francoisejouneau.fr\/index.php\/specialisations\/","og_site_name":"Fran\u00e7oise JOUNEAU - R\u00e9flexologie et Fleurs de Bach","article_modified_time":"2026-03-12T09:09:57+00:00","og_image":[{"url":"http:\/\/francoisejouneau.fr\/wp-content\/uploads\/2026\/03\/DSC_0434-modifie-reflexo-679x1024.jpg","type":"","width":"","height":""}],"twitter_card":"summary_large_image","twitter_misc":{"Dur\u00e9e de lecture estim\u00e9e":"3 minutes"},"schema":{"@context":"https:\/\/schema.org","@graph":[{"@type":"WebPage","@id":"https:\/\/francoisejouneau.fr\/index.php\/specialisations\/","url":"https:\/\/francoisejouneau.fr\/index.php\/specialisations\/","name":"SP\u00c9CIALISATIONS - Fran\u00e7oise JOUNEAU - R\u00e9flexologie et Fleurs de Bach","isPartOf":{"@id":"https:\/\/francoisejouneau.fr\/#website"},"primaryImageOfPage":{"@id":"https:\/\/francoisejouneau.fr\/index.php\/specialisations\/#primaryimage"},"image":{"@id":"https:\/\/francoisejouneau.fr\/index.php\/specialisations\/#primaryimage"},"thumbnailUrl":"http:\/\/francoisejouneau.fr\/wp-content\/uploads\/2026\/03\/DSC_0434-modifie-reflexo-679x1024.jpg","datePublished":"2026-03-05T09:33:16+00:00","dateModified":"2026-03-12T09:09:57+00:00","description":"D\u00e9couvrez mes sp\u00e9cialisations en r\u00e9flexologie : p\u00e9rinatalit\u00e9, cancer, Alzheimer et Parkinson, bien-\u00eatre en Sud Gironde et Entre-Deux-Mers.","breadcrumb":{"@id":"https:\/\/francoisejouneau.fr\/index.php\/specialisations\/#breadcrumb"},"inLanguage":"fr-FR","potentialAction":[{"@type":"ReadAction","target":["https:\/\/francoisejouneau.fr\/index.php\/specialisations\/"]}]},{"@type":"ImageObject","inLanguage":"fr-FR","@id":"https:\/\/francoisejouneau.fr\/index.php\/specialisations\/#primaryimage","url":"https:\/\/francoisejouneau.fr\/wp-content\/uploads\/2026\/03\/DSC_0434-modifie-reflexo-scaled.jpg","contentUrl":"https:\/\/francoisejouneau.fr\/wp-content\/uploads\/2026\/03\/DSC_0434-modifie-reflexo-scaled.jpg","width":1697,"height":2560},{"@type":"BreadcrumbList","@id":"https:\/\/francoisejouneau.fr\/index.php\/specialisations\/#breadcrumb","itemListElement":[{"@type":"ListItem","position":1,"name":"Accueil","item":"https:\/\/francoisejouneau.fr\/"},{"@type":"ListItem","position":2,"name":"SP\u00c9CIALISATIONS"}]},{"@type":"WebSite","@id":"https:\/\/francoisejouneau.fr\/#website","url":"https:\/\/francoisejouneau.fr\/","name":"Fran\u00e7oise JOUNEAU - R\u00e9flexologie et Fleurs de Bach","description":"R\u00e9flexologue en \u00c9nerg\u00e9tique chinoise Fleurs de Bach en Entre-deux-Mers\/Sud Gironde","publisher":{"@id":"https:\/\/francoisejouneau.fr\/#organization"},"potentialAction":[{"@type":"SearchAction","target":{"@type":"EntryPoint","urlTemplate":"https:\/\/francoisejouneau.fr\/?s={search_term_string}"},"query-input":{"@type":"PropertyValueSpecification","valueRequired":true,"valueName":"search_term_string"}}],"inLanguage":"fr-FR"},{"@type":"Organization","@id":"https:\/\/francoisejouneau.fr\/#organization","name":"Fran\u00e7oise JOUNEAU - R\u00e9flexologie et Fleurs de Bach","url":"https:\/\/francoisejouneau.fr\/","logo":{"@type":"ImageObject","inLanguage":"fr-FR","@id":"https:\/\/francoisejouneau.fr\/#\/schema\/logo\/image\/","url":"https:\/\/francoisejouneau.fr\/wp-content\/uploads\/2026\/03\/cropped-Logo-dessin-PNG-violet-rond-jaune.png","contentUrl":"https:\/\/francoisejouneau.fr\/wp-content\/uploads\/2026\/03\/cropped-Logo-dessin-PNG-violet-rond-jaune.png","width":404,"height":404,"caption":"Fran\u00e7oise JOUNEAU - R\u00e9flexologie et Fleurs de Bach"},"image":{"@id":"https:\/\/francoisejouneau.fr\/#\/schema\/logo\/image\/"}}]}},"_links":{"self":[{"href":"https:\/\/francoisejouneau.fr\/index.php\/wp-json\/wp\/v2\/pages\/85","targetHints":{"allow":["GET"]}}],"collection":[{"href":"https:\/\/francoisejouneau.fr\/index.php\/wp-json\/wp\/v2\/pages"}],"about":[{"href":"https:\/\/francoisejouneau.fr\/index.php\/wp-json\/wp\/v2\/types\/page"}],"author":[{"embeddable":true,"href":"https:\/\/francoisejouneau.fr\/index.php\/wp-json\/wp\/v2\/users\/2"}],"replies":[{"embeddable":true,"href":"https:\/\/francoisejouneau.fr\/index.php\/wp-json\/wp\/v2\/comments?post=85"}],"version-history":[{"count":15,"href":"https:\/\/francoisejouneau.fr\/index.php\/wp-json\/wp\/v2\/pages\/85\/revisions"}],"predecessor-version":[{"id":474,"href":"https:\/\/francoisejouneau.fr\/index.php\/wp-json\/wp\/v2\/pages\/85\/revisions\/474"}],"wp:attachment":[{"href":"https:\/\/francoisejouneau.fr\/index.php\/wp-json\/wp\/v2\/media?parent=85"}],"curies":[{"name":"wp","href":"https:\/\/api.w.org\/{rel}","templated":true}]}}