{"id":73,"date":"2026-03-05T10:13:55","date_gmt":"2026-03-05T09:13:55","guid":{"rendered":"https:\/\/francoisejouneau.fr\/?page_id=73"},"modified":"2026-03-12T10:04:06","modified_gmt":"2026-03-12T09:04:06","slug":"qui-suis-je","status":"publish","type":"page","link":"https:\/\/francoisejouneau.fr\/index.php\/qui-suis-je\/","title":{"rendered":"Fran\u00e7oise Jouneau \u2013 R\u00e9flexologie, Fleur de Bach &#8211; Gironde"},"content":{"rendered":"\n<p class=\"has-text-align-center\">Je vous pr\u00e9sente ici comment je suis devenue une r\u00e9flexologue certifi\u00e9e dans l&rsquo;Entre-Deux-Mers. Mais aussi pourquoi j&rsquo;ai compl\u00e9t\u00e9 ce chemin avec les Fleurs de Bach. <\/p>\n\n\n\n<p><\/p>\n\n\n\n<div class=\"wp-block-columns is-layout-flex wp-container-core-columns-is-layout-9d6595d7 wp-block-columns-is-layout-flex\">\n<div class=\"wp-block-column is-layout-flow wp-block-column-is-layout-flow\">\n<figure class=\"wp-block-gallery has-nested-images columns-default is-cropped wp-block-gallery-1 is-layout-flex wp-block-gallery-is-layout-flex\"><div class=\"wp-block-image is-style-rounded\">\n<figure class=\"aligncenter size-medium\"><img fetchpriority=\"high\" decoding=\"async\" width=\"300\" height=\"300\" data-id=\"76\" src=\"https:\/\/francoisejouneau.fr\/wp-content\/uploads\/2026\/03\/DSC_0328-modifiee-moi-recadree-300x300.jpg\" alt=\"\" class=\"wp-image-76\" srcset=\"https:\/\/francoisejouneau.fr\/wp-content\/uploads\/2026\/03\/DSC_0328-modifiee-moi-recadree-300x300.jpg 300w, https:\/\/francoisejouneau.fr\/wp-content\/uploads\/2026\/03\/DSC_0328-modifiee-moi-recadree-1024x1019.jpg 1024w, https:\/\/francoisejouneau.fr\/wp-content\/uploads\/2026\/03\/DSC_0328-modifiee-moi-recadree-150x150.jpg 150w, https:\/\/francoisejouneau.fr\/wp-content\/uploads\/2026\/03\/DSC_0328-modifiee-moi-recadree-1536x1529.jpg 1536w, https:\/\/francoisejouneau.fr\/wp-content\/uploads\/2026\/03\/DSC_0328-modifiee-moi-recadree-2048x2038.jpg 2048w, https:\/\/francoisejouneau.fr\/wp-content\/uploads\/2026\/03\/DSC_0328-modifiee-moi-recadree-60x60.jpg 60w\" sizes=\"(max-width: 300px) 100vw, 300px\" \/><\/figure>\n<\/div><\/figure>\n<\/div>\n\n\n\n<div class=\"wp-block-column is-layout-flow wp-block-column-is-layout-flow\">\n<p><strong>Je suis Fran\u00e7oise<\/strong>, originaire de la <strong>Haute-Vienne<\/strong>, install\u00e9e en <strong>Gironde depuis plus de 25 ans<\/strong>. Maman de <strong>quatre enfants<\/strong>, je <strong>vis \u00e0 la campagne<\/strong> par choix, pour les <strong>bienfaits de la nature<\/strong> et le calme qu&rsquo;elle procure. Cet environnement est pour moi une source pr\u00e9cieuse d\u2019<strong>\u00e9quilibre et de ressourcement<\/strong>.<br>Je vis \u00e0 Saint-Pierre-de-Bat, un petit village de moins de 300 habitants, o\u00f9 il fait bon vivre. Chacun s\u2019enrichit des <strong>diff\u00e9rences des autres<\/strong> dans un esprit de <strong>respect<\/strong> et de <strong>convivialit\u00e9<\/strong>.<\/p>\n<\/div>\n<\/div>\n\n\n\n<h2 class=\"wp-block-heading\">Mon parcours : de l&rsquo;Enfance  Jeunesse au bien-\u00eatre<\/h2>\n\n\n\n<p>Apr\u00e8s <strong>19 ans d&rsquo;exp\u00e9riences<\/strong> au sein d&rsquo;un <strong>Service Enfance et Jeunesse<\/strong>, <strong>une envie de reconversion professionnelle<\/strong> m&rsquo;am\u00e8ne au <strong>bien-\u00eatre et l&rsquo;accompagnement des autres<\/strong>. C&rsquo;est ainsi que j&rsquo;ai choisi la <strong>r\u00e9flexologie<\/strong> et les <strong>Fleurs de Bach<\/strong>.<\/p>\n\n\n\n<h2 class=\"wp-block-heading\">Une formation compl\u00e8te en r\u00e9flexologie<\/h2>\n\n\n\n<p>Je me suis form\u00e9e aupr\u00e8s de l&rsquo;<strong>\u00e9cole ARF<\/strong>, <strong>Dominique Bruneau Gimbert<\/strong>. Plus de <strong>20 ans d&rsquo;exp\u00e9riences<\/strong>, \u00e9galement <strong>intervenante \u00e0 l&rsquo;universit\u00e9 de Bordeaux<\/strong>. Donc un CV aussi \u00e9tendu que riche.<br>Ma formation s&rsquo;est d\u00e9roul\u00e9e sur <strong>deux ans<\/strong>, la <strong>r\u00e9flexologie plantaire en \u00e9nerg\u00e9tique chinoise<\/strong>. J&rsquo;ai \u00e9largie mes connaissances en compl\u00e9tant ma formation initiale par&nbsp;:<br>\u2705<strong>La r\u00e9flexologie faciale<\/strong>&nbsp;: facilitatrice pour les <strong>allergies alimentaires et respiratoires<\/strong>, <strong>les d\u00e9pendances <\/strong>(tabac), le <strong>surmenage<\/strong>.<br>\u2705 <strong>La r\u00e9flexologie palmaire<\/strong>, que vous pratiquerez vous-m\u00eame avec mes conseils pour <strong>prolonger les bienfaits des s\u00e9ances<\/strong>.<\/p>\n\n\n\n<p><br><strong>Sp\u00e9cialisations compl\u00e9mentaires<\/strong><br>Afin d&rsquo;accompagner au mieux chaque personne, je me suis sp\u00e9cialis\u00e9e dans les domaines suivants&nbsp;:<br><strong><a href=\"https:\/\/francoisejouneau.fr\/index.php\/perinatalite\/\">P\u00e9rinatalit\u00e9<\/a><br><a href=\"https:\/\/francoisejouneau.fr\/index.php\/comprendre-le-cancer-et-son-accompagnement-par-la-reflexologie\/\">Accompagnement en oncologie (cancer)<\/a><br><a href=\"https:\/\/francoisejouneau.fr\/index.php\/maladie-neurodegenerative-et-reflexologie-une-approche-complementaire-pour-un-mieux-etre\/\">Maladie de Parkinson<\/a><br><a href=\"https:\/\/francoisejouneau.fr\/index.php\/maladie-dalzheimer-comprendre-reconnaitre-les-symptomes-et-ameliorer-le-confort-de-vie\/\">Maladie d&rsquo;Alzheimer<\/a><\/strong><\/p>\n\n\n\n<h2 class=\"wp-block-heading\">Une formation reconnue et approfondie en Fleurs de Bach<\/h2>\n\n\n\n<p>Form\u00e9e aux <strong>Fleurs de Bach en Gironde<\/strong> aupr\u00e8s de Fran\u00e7ois Deporte \u2013 expert depuis plus de 30 ans dans les \u00e9lixirs floraux et porte-parole de la philosophie du Dr Edward Bach \u2013 j\u2019ai suivi avec passion les formations <strong>1er, 2\u1d49 et 3<strong>\u1d49<\/strong>  degr\u00e9<\/strong>, agr\u00e9\u00e9es par l\u2019<strong>Institut Fran\u00e7ais des Fleurs de Bach (IFFACB)<\/strong>.<br>Cette transmission m\u2019apporte une solide connaissance des <strong>\u00e9lixirs floraux<\/strong> et me permet de vous accompagner avec s\u00e9rieux, \u00e9coute et bienveillance dans la gestion des \u00e9motions et la recherche d\u2019un mieux-\u00eatre naturel.<\/p>\n\n\n\n<h2 class=\"wp-block-heading\">Ma philosophie et mes valeurs<\/h2>\n\n\n\n<p>Je pratique la r\u00e9flexologie et l&rsquo;utilisation des Fleurs de Bach avec<br>\u2705 La bienveillance et le respect<br>\u2705 L&rsquo;\u00e9coute, l&rsquo;\u00e9change et l&rsquo;ouverture d&rsquo;esprit<br>\u2705 L&rsquo;accompagnement personnalis\u00e9 et le non-jugement<br>\u2705 L&#8217;empathie et la transparence<br>J&rsquo;adh\u00e8re pleinement \u00e0 l&rsquo;adage : <strong>\u00ab Mieux vaut pr\u00e9venir que gu\u00e9rir \u00bb<\/strong>. Par cons\u00e9quent, j&rsquo;appr\u00e9cie les <strong>m\u00e9thodes naturelles<\/strong> telles que <strong>l&rsquo;aromath\u00e9rapie, l&rsquo;hom\u00e9opathie et la phytoth\u00e9rapie<\/strong>. Afin que la m\u00e9decine conventionnelle soit tr\u00e8s efficace d\u00e8s que n\u00e9cessaire et indispensable.<\/p>\n\n\n\n<h2 class=\"wp-block-heading\">Prenons soin de votre bien-\u00eatre ensemble<\/h2>\n\n\n\n<p>Vous souhaitez en savoir plus ou r\u00e9server une s\u00e9ance ?<br>Contactez-moi d\u00e8s aujourd&rsquo;hui et posez vos questions ou prenez un rendez-vous.<\/p>\n\n\n\n<p><strong>Au plaisir de vous rencontrer et de prendre soin de vous !<\/strong><\/p>\n\n\n\n<div class=\"wp-block-buttons is-content-justification-center is-layout-flex wp-container-core-buttons-is-layout-16018d1d wp-block-buttons-is-layout-flex\">\n<div class=\"wp-block-button\"><a class=\"wp-block-button__link has-background wp-element-button\" href=\"https:\/\/francoisejouneau.fr\/index.php\/contact\/\" style=\"background-color:#9b4966\">Contactez-moi<\/a><\/div>\n\n\n\n<div class=\"wp-block-button\"><a class=\"wp-block-button__link has-background wp-element-button\" href=\"https:\/\/francoisejouneau.fr\/index.php\/agenda-rendez-vous-calendly\/\" style=\"background-color:#9b4966\">Prendre Rendez-vous<\/a><\/div>\n<\/div>\n\n\n<div class=\"wp-block-image is-style-rounded\">\n<figure class=\"aligncenter size-large is-resized\"><img decoding=\"async\" width=\"679\" height=\"1024\" src=\"http:\/\/francoisejouneau.fr\/wp-content\/uploads\/2026\/03\/DSC_0380-modifiee-679x1024.jpg\" alt=\"\" class=\"wp-image-82\" style=\"aspect-ratio:0.663109756097561;width:220px;height:auto\" srcset=\"https:\/\/francoisejouneau.fr\/wp-content\/uploads\/2026\/03\/DSC_0380-modifiee-679x1024.jpg 679w, https:\/\/francoisejouneau.fr\/wp-content\/uploads\/2026\/03\/DSC_0380-modifiee-199x300.jpg 199w, https:\/\/francoisejouneau.fr\/wp-content\/uploads\/2026\/03\/DSC_0380-modifiee-768x1159.jpg 768w, https:\/\/francoisejouneau.fr\/wp-content\/uploads\/2026\/03\/DSC_0380-modifiee-1018x1536.jpg 1018w, https:\/\/francoisejouneau.fr\/wp-content\/uploads\/2026\/03\/DSC_0380-modifiee-1358x2048.jpg 1358w, https:\/\/francoisejouneau.fr\/wp-content\/uploads\/2026\/03\/DSC_0380-modifiee-40x60.jpg 40w, https:\/\/francoisejouneau.fr\/wp-content\/uploads\/2026\/03\/DSC_0380-modifiee-scaled.jpg 1697w\" sizes=\"(max-width: 679px) 100vw, 679px\" \/><\/figure>\n<\/div>","protected":false},"excerpt":{"rendered":"<p>Je vous pr\u00e9sente ici comment je suis devenue une r\u00e9flexologue certifi\u00e9e dans l&rsquo;Entre-Deux-Mers. Mais aussi pourquoi j&rsquo;ai compl\u00e9t\u00e9 ce chemin avec les Fleurs de Bach. &hellip; <\/p>\n","protected":false},"author":2,"featured_media":0,"parent":0,"menu_order":0,"comment_status":"closed","ping_status":"closed","template":"","meta":{"footnotes":""},"class_list":["post-73","page","type-page","status-publish","hentry","latest_post"],"yoast_head":"<!-- This site is optimized with the Yoast SEO plugin v27.1.1 - https:\/\/yoast.com\/product\/yoast-seo-wordpress\/ -->\n<title>Fran\u00e7oise Jouneau \u2013 R\u00e9flexologie, Fleur de Bach - Gironde - Fran\u00e7oise JOUNEAU - R\u00e9flexologie et Fleurs de Bach<\/title>\n<meta name=\"description\" content=\"Fran\u00e7oise, r\u00e9flexologue et conseill\u00e8re en Fleurs de Bach. Reconversion guid\u00e9e par l\u2019humain, l\u2019\u00e9coute et le sens du bien-\u00eatre.\" \/>\n<meta name=\"robots\" content=\"index, follow, max-snippet:-1, max-image-preview:large, max-video-preview:-1\" \/>\n<link rel=\"canonical\" href=\"https:\/\/francoisejouneau.fr\/index.php\/qui-suis-je\/\" \/>\n<meta property=\"og:locale\" content=\"fr_FR\" \/>\n<meta property=\"og:type\" content=\"article\" \/>\n<meta property=\"og:title\" content=\"Fran\u00e7oise Jouneau \u2013 R\u00e9flexologie, Fleur de Bach - Gironde - Fran\u00e7oise JOUNEAU - R\u00e9flexologie et Fleurs de Bach\" \/>\n<meta property=\"og:description\" content=\"Fran\u00e7oise, r\u00e9flexologue et conseill\u00e8re en Fleurs de Bach. Reconversion guid\u00e9e par l\u2019humain, l\u2019\u00e9coute et le sens du bien-\u00eatre.\" \/>\n<meta property=\"og:url\" content=\"https:\/\/francoisejouneau.fr\/index.php\/qui-suis-je\/\" \/>\n<meta property=\"og:site_name\" content=\"Fran\u00e7oise JOUNEAU - R\u00e9flexologie et Fleurs de Bach\" \/>\n<meta property=\"article:modified_time\" content=\"2026-03-12T09:04:06+00:00\" \/>\n<meta property=\"og:image\" content=\"https:\/\/francoisejouneau.fr\/wp-content\/uploads\/2026\/03\/DSC_0328-modifiee-moi-recadree-300x300.jpg\" \/>\n<meta name=\"twitter:card\" content=\"summary_large_image\" \/>\n<meta name=\"twitter:label1\" content=\"Dur\u00e9e de lecture estim\u00e9e\" \/>\n\t<meta name=\"twitter:data1\" content=\"3 minutes\" \/>\n<script type=\"application\/ld+json\" class=\"yoast-schema-graph\">{\"@context\":\"https:\/\/schema.org\",\"@graph\":[{\"@type\":\"WebPage\",\"@id\":\"https:\/\/francoisejouneau.fr\/index.php\/qui-suis-je\/\",\"url\":\"https:\/\/francoisejouneau.fr\/index.php\/qui-suis-je\/\",\"name\":\"Fran\u00e7oise Jouneau \u2013 R\u00e9flexologie, Fleur de Bach - Gironde - Fran\u00e7oise JOUNEAU - R\u00e9flexologie et Fleurs de Bach\",\"isPartOf\":{\"@id\":\"https:\/\/francoisejouneau.fr\/#website\"},\"primaryImageOfPage\":{\"@id\":\"https:\/\/francoisejouneau.fr\/index.php\/qui-suis-je\/#primaryimage\"},\"image\":{\"@id\":\"https:\/\/francoisejouneau.fr\/index.php\/qui-suis-je\/#primaryimage\"},\"thumbnailUrl\":\"https:\/\/francoisejouneau.fr\/wp-content\/uploads\/2026\/03\/DSC_0328-modifiee-moi-recadree-300x300.jpg\",\"datePublished\":\"2026-03-05T09:13:55+00:00\",\"dateModified\":\"2026-03-12T09:04:06+00:00\",\"description\":\"Fran\u00e7oise, r\u00e9flexologue et conseill\u00e8re en Fleurs de Bach. Reconversion guid\u00e9e par l\u2019humain, l\u2019\u00e9coute et le sens du bien-\u00eatre.\",\"breadcrumb\":{\"@id\":\"https:\/\/francoisejouneau.fr\/index.php\/qui-suis-je\/#breadcrumb\"},\"inLanguage\":\"fr-FR\",\"potentialAction\":[{\"@type\":\"ReadAction\",\"target\":[\"https:\/\/francoisejouneau.fr\/index.php\/qui-suis-je\/\"]}]},{\"@type\":\"ImageObject\",\"inLanguage\":\"fr-FR\",\"@id\":\"https:\/\/francoisejouneau.fr\/index.php\/qui-suis-je\/#primaryimage\",\"url\":\"https:\/\/francoisejouneau.fr\/wp-content\/uploads\/2026\/03\/DSC_0328-modifiee-moi-recadree.jpg\",\"contentUrl\":\"https:\/\/francoisejouneau.fr\/wp-content\/uploads\/2026\/03\/DSC_0328-modifiee-moi-recadree.jpg\",\"width\":2492,\"height\":2480},{\"@type\":\"BreadcrumbList\",\"@id\":\"https:\/\/francoisejouneau.fr\/index.php\/qui-suis-je\/#breadcrumb\",\"itemListElement\":[{\"@type\":\"ListItem\",\"position\":1,\"name\":\"Accueil\",\"item\":\"https:\/\/francoisejouneau.fr\/\"},{\"@type\":\"ListItem\",\"position\":2,\"name\":\"Fran\u00e7oise Jouneau \u2013 R\u00e9flexologie, Fleur de Bach &#8211; Gironde\"}]},{\"@type\":\"WebSite\",\"@id\":\"https:\/\/francoisejouneau.fr\/#website\",\"url\":\"https:\/\/francoisejouneau.fr\/\",\"name\":\"Fran\u00e7oise JOUNEAU - R\u00e9flexologie et Fleurs de Bach\",\"description\":\"R\u00e9flexologue en \u00c9nerg\u00e9tique chinoise Fleurs de Bach en Entre-deux-Mers\/Sud Gironde\",\"publisher\":{\"@id\":\"https:\/\/francoisejouneau.fr\/#organization\"},\"potentialAction\":[{\"@type\":\"SearchAction\",\"target\":{\"@type\":\"EntryPoint\",\"urlTemplate\":\"https:\/\/francoisejouneau.fr\/?s={search_term_string}\"},\"query-input\":{\"@type\":\"PropertyValueSpecification\",\"valueRequired\":true,\"valueName\":\"search_term_string\"}}],\"inLanguage\":\"fr-FR\"},{\"@type\":\"Organization\",\"@id\":\"https:\/\/francoisejouneau.fr\/#organization\",\"name\":\"Fran\u00e7oise JOUNEAU - R\u00e9flexologie et Fleurs de Bach\",\"url\":\"https:\/\/francoisejouneau.fr\/\",\"logo\":{\"@type\":\"ImageObject\",\"inLanguage\":\"fr-FR\",\"@id\":\"https:\/\/francoisejouneau.fr\/#\/schema\/logo\/image\/\",\"url\":\"https:\/\/francoisejouneau.fr\/wp-content\/uploads\/2026\/03\/cropped-Logo-dessin-PNG-violet-rond-jaune.png\",\"contentUrl\":\"https:\/\/francoisejouneau.fr\/wp-content\/uploads\/2026\/03\/cropped-Logo-dessin-PNG-violet-rond-jaune.png\",\"width\":404,\"height\":404,\"caption\":\"Fran\u00e7oise JOUNEAU - R\u00e9flexologie et Fleurs de Bach\"},\"image\":{\"@id\":\"https:\/\/francoisejouneau.fr\/#\/schema\/logo\/image\/\"}}]}<\/script>\n<!-- \/ Yoast SEO plugin. -->","yoast_head_json":{"title":"Fran\u00e7oise Jouneau \u2013 R\u00e9flexologie, Fleur de Bach - Gironde - Fran\u00e7oise JOUNEAU - R\u00e9flexologie et Fleurs de Bach","description":"Fran\u00e7oise, r\u00e9flexologue et conseill\u00e8re en Fleurs de Bach. Reconversion guid\u00e9e par l\u2019humain, l\u2019\u00e9coute et le sens du bien-\u00eatre.","robots":{"index":"index","follow":"follow","max-snippet":"max-snippet:-1","max-image-preview":"max-image-preview:large","max-video-preview":"max-video-preview:-1"},"canonical":"https:\/\/francoisejouneau.fr\/index.php\/qui-suis-je\/","og_locale":"fr_FR","og_type":"article","og_title":"Fran\u00e7oise Jouneau \u2013 R\u00e9flexologie, Fleur de Bach - Gironde - Fran\u00e7oise JOUNEAU - R\u00e9flexologie et Fleurs de Bach","og_description":"Fran\u00e7oise, r\u00e9flexologue et conseill\u00e8re en Fleurs de Bach. Reconversion guid\u00e9e par l\u2019humain, l\u2019\u00e9coute et le sens du bien-\u00eatre.","og_url":"https:\/\/francoisejouneau.fr\/index.php\/qui-suis-je\/","og_site_name":"Fran\u00e7oise JOUNEAU - R\u00e9flexologie et Fleurs de Bach","article_modified_time":"2026-03-12T09:04:06+00:00","og_image":[{"url":"https:\/\/francoisejouneau.fr\/wp-content\/uploads\/2026\/03\/DSC_0328-modifiee-moi-recadree-300x300.jpg","type":"","width":"","height":""}],"twitter_card":"summary_large_image","twitter_misc":{"Dur\u00e9e de lecture estim\u00e9e":"3 minutes"},"schema":{"@context":"https:\/\/schema.org","@graph":[{"@type":"WebPage","@id":"https:\/\/francoisejouneau.fr\/index.php\/qui-suis-je\/","url":"https:\/\/francoisejouneau.fr\/index.php\/qui-suis-je\/","name":"Fran\u00e7oise Jouneau \u2013 R\u00e9flexologie, Fleur de Bach - Gironde - Fran\u00e7oise JOUNEAU - R\u00e9flexologie et Fleurs de Bach","isPartOf":{"@id":"https:\/\/francoisejouneau.fr\/#website"},"primaryImageOfPage":{"@id":"https:\/\/francoisejouneau.fr\/index.php\/qui-suis-je\/#primaryimage"},"image":{"@id":"https:\/\/francoisejouneau.fr\/index.php\/qui-suis-je\/#primaryimage"},"thumbnailUrl":"https:\/\/francoisejouneau.fr\/wp-content\/uploads\/2026\/03\/DSC_0328-modifiee-moi-recadree-300x300.jpg","datePublished":"2026-03-05T09:13:55+00:00","dateModified":"2026-03-12T09:04:06+00:00","description":"Fran\u00e7oise, r\u00e9flexologue et conseill\u00e8re en Fleurs de Bach. Reconversion guid\u00e9e par l\u2019humain, l\u2019\u00e9coute et le sens du bien-\u00eatre.","breadcrumb":{"@id":"https:\/\/francoisejouneau.fr\/index.php\/qui-suis-je\/#breadcrumb"},"inLanguage":"fr-FR","potentialAction":[{"@type":"ReadAction","target":["https:\/\/francoisejouneau.fr\/index.php\/qui-suis-je\/"]}]},{"@type":"ImageObject","inLanguage":"fr-FR","@id":"https:\/\/francoisejouneau.fr\/index.php\/qui-suis-je\/#primaryimage","url":"https:\/\/francoisejouneau.fr\/wp-content\/uploads\/2026\/03\/DSC_0328-modifiee-moi-recadree.jpg","contentUrl":"https:\/\/francoisejouneau.fr\/wp-content\/uploads\/2026\/03\/DSC_0328-modifiee-moi-recadree.jpg","width":2492,"height":2480},{"@type":"BreadcrumbList","@id":"https:\/\/francoisejouneau.fr\/index.php\/qui-suis-je\/#breadcrumb","itemListElement":[{"@type":"ListItem","position":1,"name":"Accueil","item":"https:\/\/francoisejouneau.fr\/"},{"@type":"ListItem","position":2,"name":"Fran\u00e7oise Jouneau \u2013 R\u00e9flexologie, Fleur de Bach &#8211; Gironde"}]},{"@type":"WebSite","@id":"https:\/\/francoisejouneau.fr\/#website","url":"https:\/\/francoisejouneau.fr\/","name":"Fran\u00e7oise JOUNEAU - R\u00e9flexologie et Fleurs de Bach","description":"R\u00e9flexologue en \u00c9nerg\u00e9tique chinoise Fleurs de Bach en Entre-deux-Mers\/Sud Gironde","publisher":{"@id":"https:\/\/francoisejouneau.fr\/#organization"},"potentialAction":[{"@type":"SearchAction","target":{"@type":"EntryPoint","urlTemplate":"https:\/\/francoisejouneau.fr\/?s={search_term_string}"},"query-input":{"@type":"PropertyValueSpecification","valueRequired":true,"valueName":"search_term_string"}}],"inLanguage":"fr-FR"},{"@type":"Organization","@id":"https:\/\/francoisejouneau.fr\/#organization","name":"Fran\u00e7oise JOUNEAU - R\u00e9flexologie et Fleurs de Bach","url":"https:\/\/francoisejouneau.fr\/","logo":{"@type":"ImageObject","inLanguage":"fr-FR","@id":"https:\/\/francoisejouneau.fr\/#\/schema\/logo\/image\/","url":"https:\/\/francoisejouneau.fr\/wp-content\/uploads\/2026\/03\/cropped-Logo-dessin-PNG-violet-rond-jaune.png","contentUrl":"https:\/\/francoisejouneau.fr\/wp-content\/uploads\/2026\/03\/cropped-Logo-dessin-PNG-violet-rond-jaune.png","width":404,"height":404,"caption":"Fran\u00e7oise JOUNEAU - R\u00e9flexologie et Fleurs de Bach"},"image":{"@id":"https:\/\/francoisejouneau.fr\/#\/schema\/logo\/image\/"}}]}},"_links":{"self":[{"href":"https:\/\/francoisejouneau.fr\/index.php\/wp-json\/wp\/v2\/pages\/73","targetHints":{"allow":["GET"]}}],"collection":[{"href":"https:\/\/francoisejouneau.fr\/index.php\/wp-json\/wp\/v2\/pages"}],"about":[{"href":"https:\/\/francoisejouneau.fr\/index.php\/wp-json\/wp\/v2\/types\/page"}],"author":[{"embeddable":true,"href":"https:\/\/francoisejouneau.fr\/index.php\/wp-json\/wp\/v2\/users\/2"}],"replies":[{"embeddable":true,"href":"https:\/\/francoisejouneau.fr\/index.php\/wp-json\/wp\/v2\/comments?post=73"}],"version-history":[{"count":27,"href":"https:\/\/francoisejouneau.fr\/index.php\/wp-json\/wp\/v2\/pages\/73\/revisions"}],"predecessor-version":[{"id":468,"href":"https:\/\/francoisejouneau.fr\/index.php\/wp-json\/wp\/v2\/pages\/73\/revisions\/468"}],"wp:attachment":[{"href":"https:\/\/francoisejouneau.fr\/index.php\/wp-json\/wp\/v2\/media?parent=73"}],"curies":[{"name":"wp","href":"https:\/\/api.w.org\/{rel}","templated":true}]}}