{"id":68,"date":"2026-03-03T16:14:31","date_gmt":"2026-03-03T15:14:31","guid":{"rendered":"https:\/\/francoisejouneau.fr\/?page_id=68"},"modified":"2026-03-23T12:57:03","modified_gmt":"2026-03-23T11:57:03","slug":"tarifs","status":"publish","type":"page","link":"https:\/\/francoisejouneau.fr\/index.php\/tarifs\/","title":{"rendered":"TARIFS"},"content":{"rendered":"\n<h2 class=\"wp-block-heading\">R\u00e9flexologie<\/h2>\n\n\n<div class=\"wp-block-image is-style-rounded\">\n<figure class=\"aligncenter size-large is-resized\"><img fetchpriority=\"high\" decoding=\"async\" width=\"1024\" height=\"679\" src=\"http:\/\/francoisejouneau.fr\/wp-content\/uploads\/2026\/03\/DSC_0440-modifiee-reflexo-1-1024x679.jpg\" alt=\"\" class=\"wp-image-284\" style=\"aspect-ratio:1.5081448679424323;width:359px;height:auto\" srcset=\"https:\/\/francoisejouneau.fr\/wp-content\/uploads\/2026\/03\/DSC_0440-modifiee-reflexo-1-1024x679.jpg 1024w, https:\/\/francoisejouneau.fr\/wp-content\/uploads\/2026\/03\/DSC_0440-modifiee-reflexo-1-300x199.jpg 300w, https:\/\/francoisejouneau.fr\/wp-content\/uploads\/2026\/03\/DSC_0440-modifiee-reflexo-1-768x509.jpg 768w, https:\/\/francoisejouneau.fr\/wp-content\/uploads\/2026\/03\/DSC_0440-modifiee-reflexo-1-1536x1018.jpg 1536w, https:\/\/francoisejouneau.fr\/wp-content\/uploads\/2026\/03\/DSC_0440-modifiee-reflexo-1-2048x1358.jpg 2048w, https:\/\/francoisejouneau.fr\/wp-content\/uploads\/2026\/03\/DSC_0440-modifiee-reflexo-1-91x60.jpg 91w, https:\/\/francoisejouneau.fr\/wp-content\/uploads\/2026\/03\/DSC_0440-modifiee-reflexo-1-800x530.jpg 800w\" sizes=\"(max-width: 1024px) 100vw, 1024px\" \/><\/figure>\n<\/div>\n\n\n<p>\u2705 <strong>Offre d\u00e9couverte \u2013 Premi\u00e8re s\u00e9ance<\/strong> <strong><a href=\"https:\/\/francoisejouneau.fr\/index.php\/reflexologie-une-approche-naturelle-pour-le-bien-etre\/\">r\u00e9flexologie<\/a><\/strong> (60 minutes) : <strong>44 \u20ac (-30 %)<\/strong><br>Accueil au sein du cabinet. \u00c9changes sur vos ant\u00e9c\u00e9dents m\u00e9dicaux \u00e0 titre informatif, sur vos attentes pour le soin. Mise en pratique du soin, dialogue sur vos ressentis \u00e0 chaud. Derniers conseils, derni\u00e8res recommandations pour finaliser le soin. Prise du rendez-vous suivant si souhait\u00e9.<\/p>\n\n\n\n<p>\u2705 <strong>S\u00e9ance de <a href=\"https:\/\/francoisejouneau.fr\/index.php\/reflexologie-une-approche-naturelle-pour-le-bien-etre\/\">r\u00e9flexologie<\/a><\/strong> (60 minutes) : <strong>62 \u20ac<\/strong><br>Accueil au sein du cabinet, \u00c9changes sur vos ant\u00e9c\u00e9dents m\u00e9dicaux \u00e0 titre informatif, sur vos attentes pour le soin du jour. \u00c9changes sur vos ressentis suite \u00e0 la s\u00e9ance pr\u00e9c\u00e9dente si c&rsquo;est un suivi. Mise en pratique du soin, dialogue sur vos ressentis \u00e0 chaud. Derniers conseils. Derni\u00e8res recommandations pour finaliser le soin. Prise du rendez-vous suivant si souhait\u00e9.<\/p>\n\n\n\n<p>\u2705 <strong>S\u00e9ances de <a href=\"https:\/\/francoisejouneau.fr\/index.php\/reflexologie-une-approche-naturelle-pour-le-bien-etre\/\">r\u00e9flexologie<\/a> SUIVI<\/strong> (addictions, allergies respiratoires) : <strong>44 \u20ac<\/strong><br>Accueil au sein du cabinet, \u00e9changes sur vos ressentis suite \u00e0 la s\u00e9ance pr\u00e9c\u00e9dente. \u00c9changes sur vos attentes pour le soin du jour. Mise en pratique du soin. Dialogue sur vos ressentis \u00e0 chaud, derniers conseils. Derni\u00e8res recommandations pour finaliser le soin. Prise du rendez-vous suivant si souhait\u00e9.<\/p>\n\n\n\n<h2 class=\"wp-block-heading\">Fleurs de Bach<\/h2>\n\n\n<div class=\"wp-block-image is-style-rounded\">\n<figure class=\"aligncenter size-large is-resized\"><img decoding=\"async\" width=\"1024\" height=\"679\" src=\"http:\/\/francoisejouneau.fr\/wp-content\/uploads\/2026\/03\/DSC_0392-modifiee-1024x679.jpg\" alt=\"\" class=\"wp-image-171\" style=\"aspect-ratio:1.5081448679424323;width:329px;height:auto\" srcset=\"https:\/\/francoisejouneau.fr\/wp-content\/uploads\/2026\/03\/DSC_0392-modifiee-1024x679.jpg 1024w, https:\/\/francoisejouneau.fr\/wp-content\/uploads\/2026\/03\/DSC_0392-modifiee-300x199.jpg 300w, https:\/\/francoisejouneau.fr\/wp-content\/uploads\/2026\/03\/DSC_0392-modifiee-768x509.jpg 768w, https:\/\/francoisejouneau.fr\/wp-content\/uploads\/2026\/03\/DSC_0392-modifiee-1536x1018.jpg 1536w, https:\/\/francoisejouneau.fr\/wp-content\/uploads\/2026\/03\/DSC_0392-modifiee-2048x1358.jpg 2048w, https:\/\/francoisejouneau.fr\/wp-content\/uploads\/2026\/03\/DSC_0392-modifiee-91x60.jpg 91w, https:\/\/francoisejouneau.fr\/wp-content\/uploads\/2026\/03\/DSC_0392-modifiee-800x530.jpg 800w\" sizes=\"(max-width: 1024px) 100vw, 1024px\" \/><\/figure>\n<\/div>\n\n\n<p><em><strong>+ 12 ans<\/strong><\/em><br>\u2705 Offre d\u00e9couverte \u2013 Premi\u00e8re s\u00e9ance <strong><a href=\"https:\/\/francoisejouneau.fr\/index.php\/les-fleurs-de-bach-une-solution-naturelle-pour-lequilibre-emotionnel\/\">Fleurs de Bach<\/a><\/strong> (60 minutes, avec m\u00e9lange) : <strong>44 \u20ac (-30%)<\/strong><br>Accueil au sein du cabinet, \u00e9changes sur vos besoins de prendre des fleurs de Bach. Dialogue sans jugement. Recherche des fleurs adapt\u00e9es \u00e0 votre situation. Pr\u00e9paration du m\u00e9lange. Remise de ce dernier en main propre et derni\u00e8res recommandations.<\/p>\n\n\n\n<p>\u2705 <strong>S\u00e9ance <a href=\"https:\/\/francoisejouneau.fr\/index.php\/les-fleurs-de-bach-une-solution-naturelle-pour-lequilibre-emotionnel\/\">Fleurs de Bach<\/a><\/strong> (60 minutes, avec m\u00e9lange) : <strong>62 \u20ac<\/strong><br>Accueil au sein du cabinet, \u00e9changes sur vos besoins de prendre des fleurs de Bach. Bilan de la prise pr\u00e9c\u00e9dente s&rsquo;il y a eu, dialogue sans jugement. Recherche des fleurs adapt\u00e9es \u00e0 votre situation, pr\u00e9paration du m\u00e9lange. Remise de ce dernier en main propre et derni\u00e8res recommandations.<\/p>\n\n\n\n<p>\u2705 <strong>S\u00e9ance de suivi <a href=\"https:\/\/francoisejouneau.fr\/index.php\/les-fleurs-de-bach-une-solution-naturelle-pour-lequilibre-emotionnel\/\">Fleurs de Bach<\/a><\/strong> (Point + remise m\u00eame m\u00e9lange ou ajust\u00e9 que la s\u00e9ance pr\u00e9c\u00e9dente) : <strong>44 \u20ac<\/strong><br>Accueil au sein du cabinet, \u00e9changes sur vos besoins \u00e0 poursuivre, dialogue sans jugement. Pr\u00e9paration du m\u00e9lange. Remise de ce dernier en main propre et derni\u00e8res recommandations.<\/p>\n\n\n\n<p><em><strong>&#8211; 12 ans (enfants)<\/strong><\/em><\/p>\n\n\n\n<p>\u2705 <strong>S\u00e9ance <a href=\"https:\/\/francoisejouneau.fr\/index.php\/les-fleurs-de-bach-une-solution-naturelle-pour-lequilibre-emotionnel\/\">Fleurs de Bach<\/a><\/strong> (45 minutes, avec m\u00e9lange) : <strong>44 \u20ac<\/strong><br>Accueil au sein du cabinet, \u00e9changes sur les besoins de prendre des fleurs de Bach, dialogue sans jugement. Recherche des fleurs adapt\u00e9es \u00e0 la situation et aux ressentis de l&rsquo;enfant. Pr\u00e9paration du m\u00e9lange. Remise de ce dernier en main propre et derni\u00e8res recommandations.<br>(Si l&rsquo;enfant l&rsquo;exprime et en accord avec l&rsquo;adulte l&rsquo;accompagnant, la s\u00e9ance pourra se d\u00e9rouler sans la pr\u00e9sence de l&rsquo;adulte.)<\/p>\n\n\n\n<p>\u2705 <strong>S\u00e9ance de suivi <a href=\"https:\/\/francoisejouneau.fr\/index.php\/les-fleurs-de-bach-une-solution-naturelle-pour-lequilibre-emotionnel\/\">Fleurs de Bach<\/a><\/strong> (Point + remise m\u00eame m\u00e9lange ou ajust\u00e9 que la s\u00e9ance pr\u00e9c\u00e9dente) :<strong>35 \u20ac<\/strong><br>Accueil au sein du cabinet, \u00e9changes sur les besoins \u00e0 poursuivre, les ressentis, dialogue sans jugement. Pr\u00e9paration du m\u00e9lange. Remise de ce dernier en main propre et derni\u00e8res recommandations.<br>(Si l&rsquo;enfant l&rsquo;exprime et en accord avec l&rsquo;adulte l&rsquo;accompagnant, la s\u00e9ance pourra se d\u00e9rouler sans la pr\u00e9sence de l&rsquo;adulte.)<\/p>\n\n\n\n<p><strong>Toutes les s\u00e9ances sont uniquement sur rendez-vous.<\/strong><\/p>\n\n\n\n<p><\/p>\n\n\n\n<p><strong>Prenez soin de vous, offrez-vous un moment de bien-\u00eatre !<\/strong><\/p>\n\n\n\n<p><\/p>\n\n\n\n<p><\/p>\n\n\n\n<p><em>Ce type d\u2019accompagnement th\u00e9rapeutique n\u2019est pas pris en charge par la S\u00e9curit\u00e9 Sociale. N\u00e9anmoins certaines mutuelles peuvent assurer ce relais partiellement ou en globalit\u00e9. Renseignez-vous pour cela aupr\u00e8s de l&rsquo;organisme aupr\u00e8s duquel vous \u00eates affili\u00e9.<\/em><\/p>\n\n\n\n<p><\/p>\n\n\n\n<div class=\"wp-block-buttons is-content-justification-center is-layout-flex wp-container-core-buttons-is-layout-16018d1d wp-block-buttons-is-layout-flex\">\n<div class=\"wp-block-button\"><a class=\"wp-block-button__link has-background wp-element-button\" href=\"https:\/\/francoisejouneau.fr\/index.php\/contact\/\" style=\"background-color:#9b4966\">Contactez-moi<\/a><\/div>\n\n\n\n<div class=\"wp-block-button\"><a class=\"wp-block-button__link has-background wp-element-button\" href=\"https:\/\/francoisejouneau.fr\/index.php\/agenda-rendez-vous-calendly\/\" style=\"background-color:#9b4966\">Prendre Rendez-vous<\/a><\/div>\n<\/div>\n\n\n\n<p><\/p>\n","protected":false},"excerpt":{"rendered":"<p>R\u00e9flexologie \u2705 Offre d\u00e9couverte \u2013 Premi\u00e8re s\u00e9ance r\u00e9flexologie (60 minutes) : 44 \u20ac (-30 %)Accueil au sein du cabinet. \u00c9changes sur vos ant\u00e9c\u00e9dents m\u00e9dicaux \u00e0 &hellip; <\/p>\n","protected":false},"author":2,"featured_media":0,"parent":0,"menu_order":0,"comment_status":"closed","ping_status":"closed","template":"","meta":{"footnotes":""},"class_list":["post-68","page","type-page","status-publish","hentry","latest_post"],"yoast_head":"<!-- This site is optimized with the Yoast SEO plugin v27.1.1 - https:\/\/yoast.com\/product\/yoast-seo-wordpress\/ -->\n<title>TARIFS - Fran\u00e7oise JOUNEAU - R\u00e9flexologie et Fleurs de Bach<\/title>\n<meta name=\"description\" content=\"Tarifs des s\u00e9ances de r\u00e9flexologie et Fleurs de Bach. Accompagnements bien-\u00eatre clairs, accessibles et personnalis\u00e9s\" \/>\n<meta name=\"robots\" content=\"index, follow, max-snippet:-1, max-image-preview:large, max-video-preview:-1\" \/>\n<link rel=\"canonical\" href=\"https:\/\/francoisejouneau.fr\/index.php\/tarifs\/\" \/>\n<meta property=\"og:locale\" content=\"fr_FR\" \/>\n<meta property=\"og:type\" content=\"article\" \/>\n<meta property=\"og:title\" content=\"TARIFS - Fran\u00e7oise JOUNEAU - R\u00e9flexologie et Fleurs de Bach\" \/>\n<meta property=\"og:description\" content=\"Tarifs des s\u00e9ances de r\u00e9flexologie et Fleurs de Bach. Accompagnements bien-\u00eatre clairs, accessibles et personnalis\u00e9s\" \/>\n<meta property=\"og:url\" content=\"https:\/\/francoisejouneau.fr\/index.php\/tarifs\/\" \/>\n<meta property=\"og:site_name\" content=\"Fran\u00e7oise JOUNEAU - R\u00e9flexologie et Fleurs de Bach\" \/>\n<meta property=\"article:modified_time\" content=\"2026-03-23T11:57:03+00:00\" \/>\n<meta property=\"og:image\" content=\"http:\/\/francoisejouneau.fr\/wp-content\/uploads\/2026\/03\/DSC_0440-modifiee-reflexo-1-1024x679.jpg\" \/>\n<meta name=\"twitter:card\" content=\"summary_large_image\" \/>\n<meta name=\"twitter:label1\" content=\"Dur\u00e9e de lecture estim\u00e9e\" \/>\n\t<meta name=\"twitter:data1\" content=\"4 minutes\" \/>\n<script type=\"application\/ld+json\" class=\"yoast-schema-graph\">{\"@context\":\"https:\/\/schema.org\",\"@graph\":[{\"@type\":\"WebPage\",\"@id\":\"https:\/\/francoisejouneau.fr\/index.php\/tarifs\/\",\"url\":\"https:\/\/francoisejouneau.fr\/index.php\/tarifs\/\",\"name\":\"TARIFS - Fran\u00e7oise JOUNEAU - R\u00e9flexologie et Fleurs de Bach\",\"isPartOf\":{\"@id\":\"https:\/\/francoisejouneau.fr\/#website\"},\"primaryImageOfPage\":{\"@id\":\"https:\/\/francoisejouneau.fr\/index.php\/tarifs\/#primaryimage\"},\"image\":{\"@id\":\"https:\/\/francoisejouneau.fr\/index.php\/tarifs\/#primaryimage\"},\"thumbnailUrl\":\"http:\/\/francoisejouneau.fr\/wp-content\/uploads\/2026\/03\/DSC_0440-modifiee-reflexo-1-1024x679.jpg\",\"datePublished\":\"2026-03-03T15:14:31+00:00\",\"dateModified\":\"2026-03-23T11:57:03+00:00\",\"description\":\"Tarifs des s\u00e9ances de r\u00e9flexologie et Fleurs de Bach. Accompagnements bien-\u00eatre clairs, accessibles et personnalis\u00e9s\",\"breadcrumb\":{\"@id\":\"https:\/\/francoisejouneau.fr\/index.php\/tarifs\/#breadcrumb\"},\"inLanguage\":\"fr-FR\",\"potentialAction\":[{\"@type\":\"ReadAction\",\"target\":[\"https:\/\/francoisejouneau.fr\/index.php\/tarifs\/\"]}]},{\"@type\":\"ImageObject\",\"inLanguage\":\"fr-FR\",\"@id\":\"https:\/\/francoisejouneau.fr\/index.php\/tarifs\/#primaryimage\",\"url\":\"https:\/\/francoisejouneau.fr\/wp-content\/uploads\/2026\/03\/DSC_0440-modifiee-reflexo-1-scaled.jpg\",\"contentUrl\":\"https:\/\/francoisejouneau.fr\/wp-content\/uploads\/2026\/03\/DSC_0440-modifiee-reflexo-1-scaled.jpg\",\"width\":2560,\"height\":1697},{\"@type\":\"BreadcrumbList\",\"@id\":\"https:\/\/francoisejouneau.fr\/index.php\/tarifs\/#breadcrumb\",\"itemListElement\":[{\"@type\":\"ListItem\",\"position\":1,\"name\":\"Accueil\",\"item\":\"https:\/\/francoisejouneau.fr\/\"},{\"@type\":\"ListItem\",\"position\":2,\"name\":\"TARIFS\"}]},{\"@type\":\"WebSite\",\"@id\":\"https:\/\/francoisejouneau.fr\/#website\",\"url\":\"https:\/\/francoisejouneau.fr\/\",\"name\":\"Fran\u00e7oise JOUNEAU - R\u00e9flexologie et Fleurs de Bach\",\"description\":\"R\u00e9flexologue en \u00c9nerg\u00e9tique chinoise Fleurs de Bach en Entre-deux-Mers\/Sud Gironde\",\"publisher\":{\"@id\":\"https:\/\/francoisejouneau.fr\/#organization\"},\"potentialAction\":[{\"@type\":\"SearchAction\",\"target\":{\"@type\":\"EntryPoint\",\"urlTemplate\":\"https:\/\/francoisejouneau.fr\/?s={search_term_string}\"},\"query-input\":{\"@type\":\"PropertyValueSpecification\",\"valueRequired\":true,\"valueName\":\"search_term_string\"}}],\"inLanguage\":\"fr-FR\"},{\"@type\":\"Organization\",\"@id\":\"https:\/\/francoisejouneau.fr\/#organization\",\"name\":\"Fran\u00e7oise JOUNEAU - R\u00e9flexologie et Fleurs de Bach\",\"url\":\"https:\/\/francoisejouneau.fr\/\",\"logo\":{\"@type\":\"ImageObject\",\"inLanguage\":\"fr-FR\",\"@id\":\"https:\/\/francoisejouneau.fr\/#\/schema\/logo\/image\/\",\"url\":\"https:\/\/francoisejouneau.fr\/wp-content\/uploads\/2026\/03\/cropped-Logo-dessin-PNG-violet-rond-jaune.png\",\"contentUrl\":\"https:\/\/francoisejouneau.fr\/wp-content\/uploads\/2026\/03\/cropped-Logo-dessin-PNG-violet-rond-jaune.png\",\"width\":404,\"height\":404,\"caption\":\"Fran\u00e7oise JOUNEAU - R\u00e9flexologie et Fleurs de Bach\"},\"image\":{\"@id\":\"https:\/\/francoisejouneau.fr\/#\/schema\/logo\/image\/\"}}]}<\/script>\n<!-- \/ Yoast SEO plugin. -->","yoast_head_json":{"title":"TARIFS - Fran\u00e7oise JOUNEAU - R\u00e9flexologie et Fleurs de Bach","description":"Tarifs des s\u00e9ances de r\u00e9flexologie et Fleurs de Bach. Accompagnements bien-\u00eatre clairs, accessibles et personnalis\u00e9s","robots":{"index":"index","follow":"follow","max-snippet":"max-snippet:-1","max-image-preview":"max-image-preview:large","max-video-preview":"max-video-preview:-1"},"canonical":"https:\/\/francoisejouneau.fr\/index.php\/tarifs\/","og_locale":"fr_FR","og_type":"article","og_title":"TARIFS - Fran\u00e7oise JOUNEAU - R\u00e9flexologie et Fleurs de Bach","og_description":"Tarifs des s\u00e9ances de r\u00e9flexologie et Fleurs de Bach. Accompagnements bien-\u00eatre clairs, accessibles et personnalis\u00e9s","og_url":"https:\/\/francoisejouneau.fr\/index.php\/tarifs\/","og_site_name":"Fran\u00e7oise JOUNEAU - R\u00e9flexologie et Fleurs de Bach","article_modified_time":"2026-03-23T11:57:03+00:00","og_image":[{"url":"http:\/\/francoisejouneau.fr\/wp-content\/uploads\/2026\/03\/DSC_0440-modifiee-reflexo-1-1024x679.jpg","type":"","width":"","height":""}],"twitter_card":"summary_large_image","twitter_misc":{"Dur\u00e9e de lecture estim\u00e9e":"4 minutes"},"schema":{"@context":"https:\/\/schema.org","@graph":[{"@type":"WebPage","@id":"https:\/\/francoisejouneau.fr\/index.php\/tarifs\/","url":"https:\/\/francoisejouneau.fr\/index.php\/tarifs\/","name":"TARIFS - Fran\u00e7oise JOUNEAU - R\u00e9flexologie et Fleurs de Bach","isPartOf":{"@id":"https:\/\/francoisejouneau.fr\/#website"},"primaryImageOfPage":{"@id":"https:\/\/francoisejouneau.fr\/index.php\/tarifs\/#primaryimage"},"image":{"@id":"https:\/\/francoisejouneau.fr\/index.php\/tarifs\/#primaryimage"},"thumbnailUrl":"http:\/\/francoisejouneau.fr\/wp-content\/uploads\/2026\/03\/DSC_0440-modifiee-reflexo-1-1024x679.jpg","datePublished":"2026-03-03T15:14:31+00:00","dateModified":"2026-03-23T11:57:03+00:00","description":"Tarifs des s\u00e9ances de r\u00e9flexologie et Fleurs de Bach. Accompagnements bien-\u00eatre clairs, accessibles et personnalis\u00e9s","breadcrumb":{"@id":"https:\/\/francoisejouneau.fr\/index.php\/tarifs\/#breadcrumb"},"inLanguage":"fr-FR","potentialAction":[{"@type":"ReadAction","target":["https:\/\/francoisejouneau.fr\/index.php\/tarifs\/"]}]},{"@type":"ImageObject","inLanguage":"fr-FR","@id":"https:\/\/francoisejouneau.fr\/index.php\/tarifs\/#primaryimage","url":"https:\/\/francoisejouneau.fr\/wp-content\/uploads\/2026\/03\/DSC_0440-modifiee-reflexo-1-scaled.jpg","contentUrl":"https:\/\/francoisejouneau.fr\/wp-content\/uploads\/2026\/03\/DSC_0440-modifiee-reflexo-1-scaled.jpg","width":2560,"height":1697},{"@type":"BreadcrumbList","@id":"https:\/\/francoisejouneau.fr\/index.php\/tarifs\/#breadcrumb","itemListElement":[{"@type":"ListItem","position":1,"name":"Accueil","item":"https:\/\/francoisejouneau.fr\/"},{"@type":"ListItem","position":2,"name":"TARIFS"}]},{"@type":"WebSite","@id":"https:\/\/francoisejouneau.fr\/#website","url":"https:\/\/francoisejouneau.fr\/","name":"Fran\u00e7oise JOUNEAU - R\u00e9flexologie et Fleurs de Bach","description":"R\u00e9flexologue en \u00c9nerg\u00e9tique chinoise Fleurs de Bach en Entre-deux-Mers\/Sud Gironde","publisher":{"@id":"https:\/\/francoisejouneau.fr\/#organization"},"potentialAction":[{"@type":"SearchAction","target":{"@type":"EntryPoint","urlTemplate":"https:\/\/francoisejouneau.fr\/?s={search_term_string}"},"query-input":{"@type":"PropertyValueSpecification","valueRequired":true,"valueName":"search_term_string"}}],"inLanguage":"fr-FR"},{"@type":"Organization","@id":"https:\/\/francoisejouneau.fr\/#organization","name":"Fran\u00e7oise JOUNEAU - R\u00e9flexologie et Fleurs de Bach","url":"https:\/\/francoisejouneau.fr\/","logo":{"@type":"ImageObject","inLanguage":"fr-FR","@id":"https:\/\/francoisejouneau.fr\/#\/schema\/logo\/image\/","url":"https:\/\/francoisejouneau.fr\/wp-content\/uploads\/2026\/03\/cropped-Logo-dessin-PNG-violet-rond-jaune.png","contentUrl":"https:\/\/francoisejouneau.fr\/wp-content\/uploads\/2026\/03\/cropped-Logo-dessin-PNG-violet-rond-jaune.png","width":404,"height":404,"caption":"Fran\u00e7oise JOUNEAU - R\u00e9flexologie et Fleurs de Bach"},"image":{"@id":"https:\/\/francoisejouneau.fr\/#\/schema\/logo\/image\/"}}]}},"_links":{"self":[{"href":"https:\/\/francoisejouneau.fr\/index.php\/wp-json\/wp\/v2\/pages\/68","targetHints":{"allow":["GET"]}}],"collection":[{"href":"https:\/\/francoisejouneau.fr\/index.php\/wp-json\/wp\/v2\/pages"}],"about":[{"href":"https:\/\/francoisejouneau.fr\/index.php\/wp-json\/wp\/v2\/types\/page"}],"author":[{"embeddable":true,"href":"https:\/\/francoisejouneau.fr\/index.php\/wp-json\/wp\/v2\/users\/2"}],"replies":[{"embeddable":true,"href":"https:\/\/francoisejouneau.fr\/index.php\/wp-json\/wp\/v2\/comments?post=68"}],"version-history":[{"count":15,"href":"https:\/\/francoisejouneau.fr\/index.php\/wp-json\/wp\/v2\/pages\/68\/revisions"}],"predecessor-version":[{"id":491,"href":"https:\/\/francoisejouneau.fr\/index.php\/wp-json\/wp\/v2\/pages\/68\/revisions\/491"}],"wp:attachment":[{"href":"https:\/\/francoisejouneau.fr\/index.php\/wp-json\/wp\/v2\/media?parent=68"}],"curies":[{"name":"wp","href":"https:\/\/api.w.org\/{rel}","templated":true}]}}