{"id":55,"date":"2026-03-03T15:34:16","date_gmt":"2026-03-03T14:34:16","guid":{"rendered":"https:\/\/francoisejouneau.fr\/?page_id=55"},"modified":"2026-03-23T13:06:00","modified_gmt":"2026-03-23T12:06:00","slug":"les-fleurs-de-bach-une-solution-naturelle-pour-lequilibre-emotionnel","status":"publish","type":"page","link":"https:\/\/francoisejouneau.fr\/index.php\/les-fleurs-de-bach-une-solution-naturelle-pour-lequilibre-emotionnel\/","title":{"rendered":"Les Fleurs de Bach : Une Solution Naturelle pour l&rsquo;\u00c9quilibre \u00c9motionnel"},"content":{"rendered":"\n<div class=\"wp-block-columns is-layout-flex wp-container-core-columns-is-layout-9d6595d7 wp-block-columns-is-layout-flex\">\n<div class=\"wp-block-column is-layout-flow wp-block-column-is-layout-flow\"><div class=\"wp-block-image is-style-rounded\">\n<figure class=\"aligncenter size-large is-resized\"><img fetchpriority=\"high\" decoding=\"async\" width=\"1024\" height=\"679\" src=\"http:\/\/francoisejouneau.fr\/wp-content\/uploads\/2026\/03\/DSC_0392-modifiee-1024x679.jpg\" alt=\"\" class=\"wp-image-171\" style=\"aspect-ratio:1.508109545333688;width:288px;height:auto\" srcset=\"https:\/\/francoisejouneau.fr\/wp-content\/uploads\/2026\/03\/DSC_0392-modifiee-1024x679.jpg 1024w, https:\/\/francoisejouneau.fr\/wp-content\/uploads\/2026\/03\/DSC_0392-modifiee-300x199.jpg 300w, https:\/\/francoisejouneau.fr\/wp-content\/uploads\/2026\/03\/DSC_0392-modifiee-768x509.jpg 768w, https:\/\/francoisejouneau.fr\/wp-content\/uploads\/2026\/03\/DSC_0392-modifiee-1536x1018.jpg 1536w, https:\/\/francoisejouneau.fr\/wp-content\/uploads\/2026\/03\/DSC_0392-modifiee-2048x1358.jpg 2048w, https:\/\/francoisejouneau.fr\/wp-content\/uploads\/2026\/03\/DSC_0392-modifiee-91x60.jpg 91w, https:\/\/francoisejouneau.fr\/wp-content\/uploads\/2026\/03\/DSC_0392-modifiee-800x530.jpg 800w\" sizes=\"(max-width: 1024px) 100vw, 1024px\" \/><\/figure>\n<\/div><\/div>\n\n\n\n<div class=\"wp-block-column is-layout-flow wp-block-column-is-layout-flow\">\n<p class=\"has-text-align-center\">Les Fleurs de Bach sont une m\u00e9thode du Docteur Edward Bach, m\u00e9decin Britannique des ann\u00e9es 30.<\/p>\n<\/div>\n<\/div>\n\n\n\n<h2 class=\"wp-block-heading\">Comment fonctionnent les Fleurs de Bach ?<\/h2>\n\n\n\n<p>Le <strong>Dr Edouard Bach<\/strong> a identifi\u00e9 <strong>38 fleurs<\/strong>, chacune \u00e9tant associ\u00e9e \u00e0 un \u00e9tat \u00e9motionnel sp\u00e9cifique comme la <strong>peur, l&rsquo;anxi\u00e9t\u00e9, la tristesse, la col\u00e8re, le doute de soi, le souci excessif du bien-\u00eatre d&rsquo;autrui, la solitude, l&rsquo;abattement et le d\u00e9sespoir, le manque d&rsquo;int\u00e9r\u00eat pour le pr\u00e9sent <\/strong>. Par exemple :<br>\u2022 <strong>Mimulus ou Mimule<\/strong> : pour la peur au quotidien.<br>\u2022 <strong>Chicory ou Chicor\u00e9e<\/strong> : id\u00e9al pour l&rsquo;amour envahissant, la possessivit\u00e9.<br>\u2022 <strong>Star of Bethlehem ou Etoile de Bethl\u00e9em<\/strong>\u00a0: pour le choc, la douleur suite \u00e0 une perte<br>Ces \u00e9lixirs floraux agissent en douceur pour transformer les \u00e9motions qui ne vous conviennent plus en \u00e9tats d&rsquo;esprit plus positifs et \u00e9quilibr\u00e9s.<\/p>\n\n\n\n<h2 class=\"wp-block-heading\"><br><strong>Comment utiliser les Fleurs de Bach ?<\/strong><\/h2>\n\n\n\n<p>Les <strong>Fleurs de Bach<\/strong> peuvent \u00eatre prises sous forme de <strong>gouttes dilu\u00e9es dans de l&rsquo;eau, en spray, en cr\u00e8me ou en application topique<\/strong> . Vous pouvez :<br>\u2022 Utiliser des m\u00e9langes pr\u00eats mais ils ne seront pas forc\u00e9ment tr\u00e8s bien adapt\u00e9s \u00e0 vos besoins<br>\u2022 Cr\u00e9ez votre propre combinaison personnalis\u00e9e selon vos \u00e9motions du moment, accompagn\u00e9(e) par un(e) conseiller(\u00e8re) certifi\u00e9(e).<\/p>\n\n\n\n<h2 class=\"wp-block-heading\">Un compl\u00e9ment naturel pour le bien-\u00eatre<\/h2>\n\n\n\n<p>Les <strong>Fleurs de Bach ne sont pas des m\u00e9dicaments<\/strong>, elles peuvent \u00eatre prises <strong>seules ou en compl\u00e9ment d&rsquo;autres traitements<\/strong>. Cependant, il est toujours recommand\u00e9 de consulter un <strong>professionnel de sant\u00e9<\/strong> avant d&rsquo;entreprendre tout traitement. <em>Seul un m\u00e9decin habilit\u00e9 peut poser un diagnostic<\/em>.<\/p>\n\n\n\n<h2 class=\"wp-block-heading\">Pourquoi choisir les Fleurs de Bach ?<\/h2>\n\n\n\n<ul class=\"wp-block-list\">\n<li>100 % naturel et sans effets secondaires<\/li>\n\n\n\n<li>Faciles \u00e0 utiliser et adapt\u00e9es \u00e0 tous<\/li>\n\n\n\n<li>Favoriser l&rsquo;harmonie \u00e9motionnelle au quotidien<\/li>\n<\/ul>\n\n\n\n<ul class=\"wp-block-list\"><\/ul>\n\n\n\n<p>Les Fleurs de Bach sont une approche pour un \u00e9quilibre, une s\u00e9r\u00e9nit\u00e9 et bien-\u00eatre \u00e9motionnel. <\/p>\n\n\n\n<p>Le conseiller vous accompagne dans la mise en lumi\u00e8re de vos ressentis. Il vous propose quelques fleurs adapt\u00e9es \u00e0 votre \u00e9tat \u00e9motionnel au moment de l&rsquo;entretien. Cependant, vous restez le seul \u00e0 d\u00e9cider si vous les acceptez ou non.  <\/p>\n\n\n\n<p>Contactez-moi d\u00e8s aujourd&rsquo;hui pour en discuter, poser vos questions en toute bienveillance et transparence ou prendre rendez-vous.<\/p>\n\n\n\n<p>Au plaisir de vous rencontrer et de prendre soin de vous !<\/p>\n\n\n\n<div class=\"wp-block-buttons is-content-justification-center is-layout-flex wp-container-core-buttons-is-layout-16018d1d wp-block-buttons-is-layout-flex\">\n<div class=\"wp-block-button\"><a class=\"wp-block-button__link has-background wp-element-button\" href=\"https:\/\/francoisejouneau.fr\/index.php\/contact\/\" style=\"background-color:#9b4966\">Contactez-moi<\/a><\/div>\n\n\n\n<div class=\"wp-block-button\"><a class=\"wp-block-button__link has-background wp-element-button\" href=\"https:\/\/francoisejouneau.fr\/index.php\/agenda-rendez-vous-calendly\/\" style=\"background-color:#9b4966\">Prendre Rendez-vous<\/a><\/div>\n<\/div>\n\n\n\n<p><\/p>\n","protected":false},"excerpt":{"rendered":"<p>Les Fleurs de Bach sont une m\u00e9thode du Docteur Edward Bach, m\u00e9decin Britannique des ann\u00e9es 30. Comment fonctionnent les Fleurs de Bach ? Le Dr &hellip; <\/p>\n","protected":false},"author":2,"featured_media":0,"parent":0,"menu_order":0,"comment_status":"closed","ping_status":"closed","template":"","meta":{"footnotes":""},"class_list":["post-55","page","type-page","status-publish","hentry","latest_post"],"yoast_head":"<!-- This site is optimized with the Yoast SEO plugin v27.1.1 - https:\/\/yoast.com\/product\/yoast-seo-wordpress\/ -->\n<title>Les Fleurs de Bach : Une Solution Naturelle pour l&#039;\u00c9quilibre \u00c9motionnel - Fran\u00e7oise JOUNEAU - R\u00e9flexologie et Fleurs de Bach<\/title>\n<meta name=\"description\" content=\"Fleurs de Bach pour accompagner stress, \u00e9motions et changements de vie. Conseils personnalis\u00e9s et approche naturelle.\" \/>\n<meta name=\"robots\" content=\"index, follow, max-snippet:-1, max-image-preview:large, max-video-preview:-1\" \/>\n<link rel=\"canonical\" href=\"https:\/\/francoisejouneau.fr\/index.php\/les-fleurs-de-bach-une-solution-naturelle-pour-lequilibre-emotionnel\/\" \/>\n<meta property=\"og:locale\" content=\"fr_FR\" \/>\n<meta property=\"og:type\" content=\"article\" \/>\n<meta property=\"og:title\" content=\"Les Fleurs de Bach : Une Solution Naturelle pour l&#039;\u00c9quilibre \u00c9motionnel - Fran\u00e7oise JOUNEAU - R\u00e9flexologie et Fleurs de Bach\" \/>\n<meta property=\"og:description\" content=\"Fleurs de Bach pour accompagner stress, \u00e9motions et changements de vie. Conseils personnalis\u00e9s et approche naturelle.\" \/>\n<meta property=\"og:url\" content=\"https:\/\/francoisejouneau.fr\/index.php\/les-fleurs-de-bach-une-solution-naturelle-pour-lequilibre-emotionnel\/\" \/>\n<meta property=\"og:site_name\" content=\"Fran\u00e7oise JOUNEAU - R\u00e9flexologie et Fleurs de Bach\" \/>\n<meta property=\"article:modified_time\" content=\"2026-03-23T12:06:00+00:00\" \/>\n<meta property=\"og:image\" content=\"http:\/\/francoisejouneau.fr\/wp-content\/uploads\/2026\/03\/DSC_0392-modifiee-1024x679.jpg\" \/>\n<meta name=\"twitter:card\" content=\"summary_large_image\" \/>\n<meta name=\"twitter:label1\" content=\"Dur\u00e9e de lecture estim\u00e9e\" \/>\n\t<meta name=\"twitter:data1\" content=\"2 minutes\" \/>\n<script type=\"application\/ld+json\" class=\"yoast-schema-graph\">{\"@context\":\"https:\/\/schema.org\",\"@graph\":[{\"@type\":\"WebPage\",\"@id\":\"https:\/\/francoisejouneau.fr\/index.php\/les-fleurs-de-bach-une-solution-naturelle-pour-lequilibre-emotionnel\/\",\"url\":\"https:\/\/francoisejouneau.fr\/index.php\/les-fleurs-de-bach-une-solution-naturelle-pour-lequilibre-emotionnel\/\",\"name\":\"Les Fleurs de Bach : Une Solution Naturelle pour l'\u00c9quilibre \u00c9motionnel - Fran\u00e7oise JOUNEAU - R\u00e9flexologie et Fleurs de Bach\",\"isPartOf\":{\"@id\":\"http:\/\/francoisejouneau.fr\/#website\"},\"primaryImageOfPage\":{\"@id\":\"https:\/\/francoisejouneau.fr\/index.php\/les-fleurs-de-bach-une-solution-naturelle-pour-lequilibre-emotionnel\/#primaryimage\"},\"image\":{\"@id\":\"https:\/\/francoisejouneau.fr\/index.php\/les-fleurs-de-bach-une-solution-naturelle-pour-lequilibre-emotionnel\/#primaryimage\"},\"thumbnailUrl\":\"http:\/\/francoisejouneau.fr\/wp-content\/uploads\/2026\/03\/DSC_0392-modifiee-1024x679.jpg\",\"datePublished\":\"2026-03-03T14:34:16+00:00\",\"dateModified\":\"2026-03-23T12:06:00+00:00\",\"description\":\"Fleurs de Bach pour accompagner stress, \u00e9motions et changements de vie. Conseils personnalis\u00e9s et approche naturelle.\",\"breadcrumb\":{\"@id\":\"https:\/\/francoisejouneau.fr\/index.php\/les-fleurs-de-bach-une-solution-naturelle-pour-lequilibre-emotionnel\/#breadcrumb\"},\"inLanguage\":\"fr-FR\",\"potentialAction\":[{\"@type\":\"ReadAction\",\"target\":[\"https:\/\/francoisejouneau.fr\/index.php\/les-fleurs-de-bach-une-solution-naturelle-pour-lequilibre-emotionnel\/\"]}]},{\"@type\":\"ImageObject\",\"inLanguage\":\"fr-FR\",\"@id\":\"https:\/\/francoisejouneau.fr\/index.php\/les-fleurs-de-bach-une-solution-naturelle-pour-lequilibre-emotionnel\/#primaryimage\",\"url\":\"https:\/\/francoisejouneau.fr\/wp-content\/uploads\/2026\/03\/DSC_0392-modifiee-scaled.jpg\",\"contentUrl\":\"https:\/\/francoisejouneau.fr\/wp-content\/uploads\/2026\/03\/DSC_0392-modifiee-scaled.jpg\",\"width\":2560,\"height\":1697},{\"@type\":\"BreadcrumbList\",\"@id\":\"https:\/\/francoisejouneau.fr\/index.php\/les-fleurs-de-bach-une-solution-naturelle-pour-lequilibre-emotionnel\/#breadcrumb\",\"itemListElement\":[{\"@type\":\"ListItem\",\"position\":1,\"name\":\"Accueil\",\"item\":\"http:\/\/francoisejouneau.fr\/\"},{\"@type\":\"ListItem\",\"position\":2,\"name\":\"Les Fleurs de Bach : Une Solution Naturelle pour l&rsquo;\u00c9quilibre \u00c9motionnel\"}]},{\"@type\":\"WebSite\",\"@id\":\"http:\/\/francoisejouneau.fr\/#website\",\"url\":\"http:\/\/francoisejouneau.fr\/\",\"name\":\"Fran\u00e7oise JOUNEAU - R\u00e9flexologie et Fleurs de Bach\",\"description\":\"R\u00e9flexologue en \u00c9nerg\u00e9tique chinoise Fleurs de Bach en Entre-deux-Mers\/Sud Gironde\",\"publisher\":{\"@id\":\"http:\/\/francoisejouneau.fr\/#organization\"},\"potentialAction\":[{\"@type\":\"SearchAction\",\"target\":{\"@type\":\"EntryPoint\",\"urlTemplate\":\"http:\/\/francoisejouneau.fr\/?s={search_term_string}\"},\"query-input\":{\"@type\":\"PropertyValueSpecification\",\"valueRequired\":true,\"valueName\":\"search_term_string\"}}],\"inLanguage\":\"fr-FR\"},{\"@type\":\"Organization\",\"@id\":\"http:\/\/francoisejouneau.fr\/#organization\",\"name\":\"Fran\u00e7oise JOUNEAU - R\u00e9flexologie et Fleurs de Bach\",\"url\":\"http:\/\/francoisejouneau.fr\/\",\"logo\":{\"@type\":\"ImageObject\",\"inLanguage\":\"fr-FR\",\"@id\":\"http:\/\/francoisejouneau.fr\/#\/schema\/logo\/image\/\",\"url\":\"https:\/\/francoisejouneau.fr\/wp-content\/uploads\/2026\/03\/cropped-Logo-dessin-PNG-violet-rond-jaune.png\",\"contentUrl\":\"https:\/\/francoisejouneau.fr\/wp-content\/uploads\/2026\/03\/cropped-Logo-dessin-PNG-violet-rond-jaune.png\",\"width\":404,\"height\":404,\"caption\":\"Fran\u00e7oise JOUNEAU - R\u00e9flexologie et Fleurs de Bach\"},\"image\":{\"@id\":\"http:\/\/francoisejouneau.fr\/#\/schema\/logo\/image\/\"}}]}<\/script>\n<!-- \/ Yoast SEO plugin. -->","yoast_head_json":{"title":"Les Fleurs de Bach : Une Solution Naturelle pour l'\u00c9quilibre \u00c9motionnel - Fran\u00e7oise JOUNEAU - R\u00e9flexologie et Fleurs de Bach","description":"Fleurs de Bach pour accompagner stress, \u00e9motions et changements de vie. Conseils personnalis\u00e9s et approche naturelle.","robots":{"index":"index","follow":"follow","max-snippet":"max-snippet:-1","max-image-preview":"max-image-preview:large","max-video-preview":"max-video-preview:-1"},"canonical":"https:\/\/francoisejouneau.fr\/index.php\/les-fleurs-de-bach-une-solution-naturelle-pour-lequilibre-emotionnel\/","og_locale":"fr_FR","og_type":"article","og_title":"Les Fleurs de Bach : Une Solution Naturelle pour l'\u00c9quilibre \u00c9motionnel - Fran\u00e7oise JOUNEAU - R\u00e9flexologie et Fleurs de Bach","og_description":"Fleurs de Bach pour accompagner stress, \u00e9motions et changements de vie. Conseils personnalis\u00e9s et approche naturelle.","og_url":"https:\/\/francoisejouneau.fr\/index.php\/les-fleurs-de-bach-une-solution-naturelle-pour-lequilibre-emotionnel\/","og_site_name":"Fran\u00e7oise JOUNEAU - R\u00e9flexologie et Fleurs de Bach","article_modified_time":"2026-03-23T12:06:00+00:00","og_image":[{"url":"http:\/\/francoisejouneau.fr\/wp-content\/uploads\/2026\/03\/DSC_0392-modifiee-1024x679.jpg","type":"","width":"","height":""}],"twitter_card":"summary_large_image","twitter_misc":{"Dur\u00e9e de lecture estim\u00e9e":"2 minutes"},"schema":{"@context":"https:\/\/schema.org","@graph":[{"@type":"WebPage","@id":"https:\/\/francoisejouneau.fr\/index.php\/les-fleurs-de-bach-une-solution-naturelle-pour-lequilibre-emotionnel\/","url":"https:\/\/francoisejouneau.fr\/index.php\/les-fleurs-de-bach-une-solution-naturelle-pour-lequilibre-emotionnel\/","name":"Les Fleurs de Bach : Une Solution Naturelle pour l'\u00c9quilibre \u00c9motionnel - Fran\u00e7oise JOUNEAU - R\u00e9flexologie et Fleurs de Bach","isPartOf":{"@id":"http:\/\/francoisejouneau.fr\/#website"},"primaryImageOfPage":{"@id":"https:\/\/francoisejouneau.fr\/index.php\/les-fleurs-de-bach-une-solution-naturelle-pour-lequilibre-emotionnel\/#primaryimage"},"image":{"@id":"https:\/\/francoisejouneau.fr\/index.php\/les-fleurs-de-bach-une-solution-naturelle-pour-lequilibre-emotionnel\/#primaryimage"},"thumbnailUrl":"http:\/\/francoisejouneau.fr\/wp-content\/uploads\/2026\/03\/DSC_0392-modifiee-1024x679.jpg","datePublished":"2026-03-03T14:34:16+00:00","dateModified":"2026-03-23T12:06:00+00:00","description":"Fleurs de Bach pour accompagner stress, \u00e9motions et changements de vie. Conseils personnalis\u00e9s et approche naturelle.","breadcrumb":{"@id":"https:\/\/francoisejouneau.fr\/index.php\/les-fleurs-de-bach-une-solution-naturelle-pour-lequilibre-emotionnel\/#breadcrumb"},"inLanguage":"fr-FR","potentialAction":[{"@type":"ReadAction","target":["https:\/\/francoisejouneau.fr\/index.php\/les-fleurs-de-bach-une-solution-naturelle-pour-lequilibre-emotionnel\/"]}]},{"@type":"ImageObject","inLanguage":"fr-FR","@id":"https:\/\/francoisejouneau.fr\/index.php\/les-fleurs-de-bach-une-solution-naturelle-pour-lequilibre-emotionnel\/#primaryimage","url":"https:\/\/francoisejouneau.fr\/wp-content\/uploads\/2026\/03\/DSC_0392-modifiee-scaled.jpg","contentUrl":"https:\/\/francoisejouneau.fr\/wp-content\/uploads\/2026\/03\/DSC_0392-modifiee-scaled.jpg","width":2560,"height":1697},{"@type":"BreadcrumbList","@id":"https:\/\/francoisejouneau.fr\/index.php\/les-fleurs-de-bach-une-solution-naturelle-pour-lequilibre-emotionnel\/#breadcrumb","itemListElement":[{"@type":"ListItem","position":1,"name":"Accueil","item":"http:\/\/francoisejouneau.fr\/"},{"@type":"ListItem","position":2,"name":"Les Fleurs de Bach : Une Solution Naturelle pour l&rsquo;\u00c9quilibre \u00c9motionnel"}]},{"@type":"WebSite","@id":"http:\/\/francoisejouneau.fr\/#website","url":"http:\/\/francoisejouneau.fr\/","name":"Fran\u00e7oise JOUNEAU - R\u00e9flexologie et Fleurs de Bach","description":"R\u00e9flexologue en \u00c9nerg\u00e9tique chinoise Fleurs de Bach en Entre-deux-Mers\/Sud Gironde","publisher":{"@id":"http:\/\/francoisejouneau.fr\/#organization"},"potentialAction":[{"@type":"SearchAction","target":{"@type":"EntryPoint","urlTemplate":"http:\/\/francoisejouneau.fr\/?s={search_term_string}"},"query-input":{"@type":"PropertyValueSpecification","valueRequired":true,"valueName":"search_term_string"}}],"inLanguage":"fr-FR"},{"@type":"Organization","@id":"http:\/\/francoisejouneau.fr\/#organization","name":"Fran\u00e7oise JOUNEAU - R\u00e9flexologie et Fleurs de Bach","url":"http:\/\/francoisejouneau.fr\/","logo":{"@type":"ImageObject","inLanguage":"fr-FR","@id":"http:\/\/francoisejouneau.fr\/#\/schema\/logo\/image\/","url":"https:\/\/francoisejouneau.fr\/wp-content\/uploads\/2026\/03\/cropped-Logo-dessin-PNG-violet-rond-jaune.png","contentUrl":"https:\/\/francoisejouneau.fr\/wp-content\/uploads\/2026\/03\/cropped-Logo-dessin-PNG-violet-rond-jaune.png","width":404,"height":404,"caption":"Fran\u00e7oise JOUNEAU - R\u00e9flexologie et Fleurs de Bach"},"image":{"@id":"http:\/\/francoisejouneau.fr\/#\/schema\/logo\/image\/"}}]}},"_links":{"self":[{"href":"https:\/\/francoisejouneau.fr\/index.php\/wp-json\/wp\/v2\/pages\/55","targetHints":{"allow":["GET"]}}],"collection":[{"href":"https:\/\/francoisejouneau.fr\/index.php\/wp-json\/wp\/v2\/pages"}],"about":[{"href":"https:\/\/francoisejouneau.fr\/index.php\/wp-json\/wp\/v2\/types\/page"}],"author":[{"embeddable":true,"href":"https:\/\/francoisejouneau.fr\/index.php\/wp-json\/wp\/v2\/users\/2"}],"replies":[{"embeddable":true,"href":"https:\/\/francoisejouneau.fr\/index.php\/wp-json\/wp\/v2\/comments?post=55"}],"version-history":[{"count":17,"href":"https:\/\/francoisejouneau.fr\/index.php\/wp-json\/wp\/v2\/pages\/55\/revisions"}],"predecessor-version":[{"id":523,"href":"https:\/\/francoisejouneau.fr\/index.php\/wp-json\/wp\/v2\/pages\/55\/revisions\/523"}],"wp:attachment":[{"href":"https:\/\/francoisejouneau.fr\/index.php\/wp-json\/wp\/v2\/media?parent=55"}],"curies":[{"name":"wp","href":"https:\/\/api.w.org\/{rel}","templated":true}]}}