{"id":50,"date":"2026-03-03T15:20:22","date_gmt":"2026-03-03T14:20:22","guid":{"rendered":"https:\/\/francoisejouneau.fr\/?page_id=50"},"modified":"2026-03-12T10:07:21","modified_gmt":"2026-03-12T09:07:21","slug":"historique","status":"publish","type":"page","link":"https:\/\/francoisejouneau.fr\/index.php\/historique\/","title":{"rendered":"HISTORIQUE R\u00c9FLEXOLOGIE"},"content":{"rendered":"\n<p>La r\u00e9flexologie existe depuis plusieurs mill\u00e9naires. Elle est pratiqu\u00e9e par diverses civilisations&nbsp;: \u00e9gyptienne, incas, chinoise, indienne, indiens d&rsquo;Am\u00e9rique.<\/p>\n\n\n\n<h2 class=\"wp-block-heading\">L\u2019\u00c9gypte ancienne<\/h2>\n\n\n\n<div class=\"wp-block-columns is-layout-flex wp-container-core-columns-is-layout-9d6595d7 wp-block-columns-is-layout-flex\">\n<div class=\"wp-block-column is-layout-flow wp-block-column-is-layout-flow\"><div class=\"wp-block-image is-style-rounded\">\n<figure class=\"aligncenter size-full\"><img decoding=\"async\" width=\"144\" height=\"93\" src=\"http:\/\/francoisejouneau.fr\/wp-content\/uploads\/2026\/03\/Egypte-ancienne.png\" alt=\"\" class=\"wp-image-52\" srcset=\"https:\/\/francoisejouneau.fr\/wp-content\/uploads\/2026\/03\/Egypte-ancienne.png 144w, https:\/\/francoisejouneau.fr\/wp-content\/uploads\/2026\/03\/Egypte-ancienne-93x60.png 93w\" sizes=\"(max-width: 144px) 100vw, 144px\" \/><\/figure>\n<\/div><\/div>\n\n\n\n<div class=\"wp-block-column is-layout-flow wp-block-column-is-layout-flow\">\n<p>Reproduction d&rsquo;une partie du tombeau d&rsquo;Ankhamahor 2230 avant J-C<\/p>\n<\/div>\n<\/div>\n\n\n\n<p>D&rsquo;apr\u00e8s l&rsquo;Institut du Payprus du Caire, ces hi\u00e9roglyphes signifient&nbsp;: \u00ab&nbsp;Ne me fait pas mal.&nbsp;\u00bb, le praticien r\u00e9pond&nbsp;: \u00ab&nbsp;je ferai en sorte que tu me remercies.&nbsp;\u00bb <\/p>\n\n\n\n<h2 class=\"wp-block-heading\">Les incas<\/h2>\n\n\n\n<p>Certains t\u00e9moignages rapportent que l\u2019origine du traitement par la r\u00e9flexologie plantaire remonte aux Incas, tr\u00e8s ancienne civilisation du P\u00e9rou, datant d\u2019avant le 13\u00e8me si\u00e8cle.<br>Ceux-l\u00e0 auraient transmis leur savoir aux Indiens d\u2019Am\u00e9rique du Nord, qui pratiquent encore de nos jours ce type de th\u00e9rapie, en particulier chez les Cherokees de Caroline du Nord. Dans cette tribu, le massage r\u00e9flexe des pieds est consid\u00e9r\u00e9 comme un art sacr\u00e9, les pieds symbolisant la partie du corps qui relie l\u2019homme \u00e0 l\u2019univers et aux esprits.<\/p>\n\n\n\n<h2 class=\"wp-block-heading\">La chine<\/h2>\n\n\n\n<p>Il y a plus de 5000 ans, une forme de traitement par pression sur des points au niveau des pieds \u00e9tait connue en Inde et en Chine. Ainsi, il existe, sans aucun doute, un rapport entre la r\u00e9flexologie et la m\u00e9decine chinoise traditionnelle, puisque ces deux th\u00e9ories reposent sur la notion d\u2019un vecteur d\u2019\u00e9nergie reliant les extr\u00e9mit\u00e9s des mains et des pieds aux organes et aux entrailles.<br>Par ailleurs, il est rapport\u00e9 dans les textes, que le c\u00e9l\u00e8bre docteur Wang Wei, au IV\u00e8me si\u00e8cle avant J-C, traitait ses patients par de fortes pressions des pouces au niveau de la plante des pieds. Ce type de traitement resta inconnu en Occident jusqu\u2019en 1883, date \u00e0 laquelle un m\u00e9decin hollandais d\u00e9nomm\u00e9 Ten Thyne publia un premier trait\u00e9 sur l\u2019acupuncture chinoise.<\/p>\n\n\n\n<h2 class=\"wp-block-heading\">L&rsquo;Inde<\/h2>\n\n\n\n<div class=\"wp-block-columns is-layout-flex wp-container-core-columns-is-layout-9d6595d7 wp-block-columns-is-layout-flex\">\n<div class=\"wp-block-column is-layout-flow wp-block-column-is-layout-flow\"><div class=\"wp-block-image is-style-rounded\">\n<figure class=\"aligncenter size-full is-resized\"><img fetchpriority=\"high\" decoding=\"async\" width=\"350\" height=\"394\" src=\"http:\/\/francoisejouneau.fr\/wp-content\/uploads\/2026\/03\/Inde.jpg\" alt=\"\" class=\"wp-image-51\" style=\"aspect-ratio:0.8883818216390948;width:112px;height:auto\" srcset=\"https:\/\/francoisejouneau.fr\/wp-content\/uploads\/2026\/03\/Inde.jpg 350w, https:\/\/francoisejouneau.fr\/wp-content\/uploads\/2026\/03\/Inde-266x300.jpg 266w, https:\/\/francoisejouneau.fr\/wp-content\/uploads\/2026\/03\/Inde-53x60.jpg 53w\" sizes=\"(max-width: 350px) 100vw, 350px\" \/><\/figure>\n<\/div><\/div>\n\n\n\n<div class=\"wp-block-column is-layout-flow wp-block-column-is-layout-flow\">\n<p>Pieds Vishnu, Rajasthan, Inde<\/p>\n<\/div>\n<\/div>\n\n\n\n<p>Dans la tradition hindoue, les pieds de Vishnu sont richement garnis de symboles. Ils sont le symbole de l&rsquo;unit\u00e9 de&nbsp;l&rsquo;ensemble de l&rsquo;univers ; tous les \u00e9l\u00e9ments y sont repr\u00e9sent\u00e9s avec des signes. Nous ne connaissons pas la&nbsp;signification pr\u00e9cise de chaque symbole, mais certains&nbsp;points correspondent \u00e0 des points d&rsquo;anatomie.&nbsp;De m\u00eame, on ne trouve pas de localisation d\u2019organes sur les pieds de Bouddha, \u00e0 proprement parler, mais les signes et symboles utilis\u00e9s renvoient aux planches que nous utilisons aujourd\u2019hui ; symbole de fertilit\u00e9, de longue vie\u2026&nbsp;<\/p>\n\n\n\n<h2 class=\"wp-block-heading\">Les Indiens d&rsquo;Am\u00e9rique<\/h2>\n\n\n\n<p><br>De nombreuses tribus&nbsp;indiennes d&rsquo;Am\u00e9rique du Nord se soignent traditionnellement par la pratique de la r\u00e9flexologie plantaire. L&rsquo;enseignement de cette technique est orale. Jenny Wallace, une indienne Ch\u00e9rokee de la \u00ab&nbsp;Blue Bridge Mountain&nbsp;\u00bb t\u00e9moigne, dans l&rsquo;ouvrage de Christine Issel \u00ab&nbsp;Reflexology : Art , science and History&nbsp;\u00bb, de cet h\u00e9ritage : \u00ab&nbsp;Nos&nbsp;pieds&nbsp;marchent sur la terre et, gr\u00e2ce \u00e0 cela, notre&nbsp;esprit est reli\u00e9 \u00e0 l&rsquo;univers&nbsp;\u00bb. De m\u00eame, Jim Rolls est un indien Cherokee qui a \u00e9t\u00e9 initi\u00e9 par son grand-p\u00e8re \u00e0 la r\u00e9flexologie.<\/p>\n\n\n\n<h2 class=\"wp-block-heading\">L&rsquo;histoire contemporaine<\/h2>\n\n\n\n<h3 class=\"wp-block-heading\">En Europe<\/h3>\n\n\n\n<p>A la fin du XIX\u00e8me si\u00e8cle, en Grande Bretagne, les neurologues Sir Henry Head et Sir Mackensie ont \u00e9labor\u00e9 une th\u00e9orie nomm\u00e9e \u00ab les zones de Head \u00bb. Dans celle-ci, ils \u00e9laborent des cartographies de correspondance de segments de peau avec des organes internes.<br>En Allemagne, le Dr Alfons Cornelius remarque que le massage d&rsquo;une zone douloureuse (nomm\u00e9e point de pression) permet de soulager d&rsquo;autres parties du corps. Il publie en 1902 \u00ab&nbsp;Points de pression, leur origine et signification \u00bb. En 1911, un allemand, Barczewski parle dans son livre de \u00ab&nbsp;Reflexmassage&nbsp;\u00bb pour d\u00e9signer une m\u00e9thode de soin par pression.<\/p>\n\n\n\n<h3 class=\"wp-block-heading\">Aux \u00c9tats-Unis<\/h3>\n\n\n\n<h3 class=\"wp-block-heading\">Dr William Fitzgerald<\/h3>\n\n\n\n<p>Ainsi, on attribue g\u00e9n\u00e9ralement au DR. William Fitzgerald le d\u00e9veloppement et la pratique de la r\u00e9flexologie aux \u00c9tats-Unis. Ses th\u00e9ories sont \u00e0 l&rsquo;origine de la r\u00e9flexologie plantaire que l&rsquo;on peut qualifi\u00e9 d&rsquo;occidentale. Pour la distinguer la r\u00e9flexologie orientale bas\u00e9e sur la m\u00e9decine traditionnelle chinoise. Le Docteur ORL William H. Fitzgerald, d\u00e9couvre qu&rsquo;une pression exerc\u00e9e sur une partie de la main ou du pied permet d&rsquo;anesth\u00e9sier des zones du corps. D\u00e8s lors, Fitzgerald \u00e9tablit ce que l&rsquo;on nomme la \u00ab th\u00e9rapie des zones \u00bb. Il divise le corps en dix zones longitudinales (5 du c\u00f4t\u00e9 droit et 5 du c\u00f4t\u00e9 gauche) qui aboutissent \u00e0 un orteil ou \u00e0 un doigt. En outre, ces zones restent la base des cartes de r\u00e9flexologie actuelles. Il d\u00e9couvre que la stimulation de la peau permet d&rsquo;obtenir une action \u00e0 distance (une action r\u00e9flexe) comme l&rsquo;a fait le Dr Head au XIX\u00e8me si\u00e8cle. Ensuite, il transmet ses connaissances au physicien Joe Shelby Riley qui la pratique \u00e9galement sur les oreilles. Par ailleurs, il publie plusieurs ouvrages entre 1919 et 1942 et d\u00e9veloppe la technique en utilisant le crochet.<\/p>\n\n\n\n<h3 class=\"wp-block-heading\">Eunice Ingham<\/h3>\n\n\n\n<p>Dans les ann\u00e9es 30, la kin\u00e9sith\u00e9rapeute am\u00e9ricaine Eunice Ingham participe aux recherches du Dr. Riley. Elle reprend la th\u00e9orie et l&rsquo;affine en concentrant ses recherches sur les pieds. Ainsi, elle v\u00e9rifia l&#8217;emplacement de chaque organe sur le pied en travaillant sur des milliers de cas au sein de l&rsquo;h\u00f4pital St Peterburg \u00e0 Tampa en Floride. De m\u00eame, elle mit au point la cartographie que nous connaissons actuellement. En outre, elle a largement contribu\u00e9 \u00e0 la d\u00e9mocratisation de la r\u00e9flexologie. Aujourd&rsquo;hui les diff\u00e9rentes m\u00e9thodes de r\u00e9flexologie plantaire (\u00e9nerg\u00e9tique ou symptomatique) s&rsquo;appuient sur les travaux d&rsquo;Eunice Ingham. Lorsqu&rsquo;elle s&rsquo;arr\u00eata, \u00e0 80 ans, c&rsquo;est son neveu Dwight Byers qui prit la rel\u00e8ve. Puis, en 1973, il devint directeur de l&rsquo;Institut International de R\u00e9flexologie (IIR). Donc il se consacra \u00e0 la pratique et \u00e0 l&rsquo;enseignement de la r\u00e9flexologie. Aussi, il existe d\u2019autres \u00e9coles et r\u00e9f\u00e9rences : chinoise, sud-am\u00e9ricaines, tib\u00e9taines, etc.<\/p>\n\n\n\n<h3 class=\"wp-block-heading\">En France<\/h3>\n\n\n\n<p>Paul Nogier&nbsp;est un m\u00e9decin fran\u00e7ais qui permis le d\u00e9veloppement de l&rsquo;auriculoth\u00e9rapie. Apr\u00e8s la visite de quelques patients qui \u00e9taient pass\u00e9s chez un gu\u00e9risseur, Paul Nogier, curieux, s&rsquo;int\u00e9resse \u00e0 la m\u00e9thode de celui-ci. C&rsquo;est ainsi, qu&rsquo;en 1951 il d\u00e9couvre l&rsquo;auriculoth\u00e9rapie. C&rsquo;est une&nbsp;r\u00e9flexoth\u00e9rapie&nbsp;t\u00e9gumentaire qui utilise le pavillon de l&rsquo;oreille comme zone r\u00e9flexe. Quelques points \u00e9taient partiellement connus, mais la d\u00e9couverte r\u00e9elle revient bien au Docteur Paul Nogier qui \u00e9met la premi\u00e8re hypoth\u00e8se. Mais aussi, il dessine la premi\u00e8re v\u00e9ritable carte de localisation des points r\u00e9flexes publi\u00e9e en 1956. En 1966, il met en \u00e9vidence le RAC, R\u00e9flexe Auriculo Cardiaque. Ensuite, il est renomm\u00e9 VAS par le Professeur Pierre Magnin pour \u00ab&nbsp;Vascular Autonomic Signal&nbsp;\u00bb, parfois aussi nomm\u00e9 \u00ab&nbsp;pouls de Nogier&nbsp;\u00bb.<br>De plus, les r\u00e9sultats de ses travaux sont aujourd&rsquo;hui enseign\u00e9s. Mais aussi utilis\u00e9s en Europe, aux \u00c9tats-Unis et m\u00eame en Chine o\u00f9 est n\u00e9e l\u2019acupuncture. Plus que connus, ils sont m\u00eame reconnus par l&rsquo;Organisation mondiale de la sant\u00e9&nbsp;(O.M.S.).<\/p>\n\n\n\n<h2 class=\"wp-block-heading\">Aujourd&rsquo;hui<\/h2>\n\n\n\n<p>L&rsquo;int\u00e9r\u00eat des m\u00e9decins pour cette technique s&rsquo;est progressivement \u00e9teint. Probablement \u00e0 cause de la d\u00e9couverte des mol\u00e9cules chimiques telles que les antibiotiques. Selon les pays, l&rsquo;usage de la r\u00e9flexologie est courant ou tol\u00e9r\u00e9. Dans les pays d&rsquo;Europe du Nord, elle y est consid\u00e9r\u00e9e comme une th\u00e9rapie. Par cons\u00e9quent, elle est int\u00e9gr\u00e9e dans les syst\u00e8mes de soin. En Allemagne, il existe un dipl\u00f4me d\u2019\u00c9tat pour pratiquer la r\u00e9flexologie. En France, elle est de plus en plus connue. Ainsi de plus en plus de mutuelles remboursent partiellement ou totalement les s\u00e9ances de r\u00e9flexologie.<br>Il existe deux approches de la r\u00e9flexologie. D&rsquo;une part, l\u2019approche \u00e9nerg\u00e9tique (bas\u00e9e sur la m\u00e9decine traditionnelle chinoise). D&rsquo;autre part, l\u2019approche occidentale (s&rsquo;inscrivant dans la lign\u00e9e d&rsquo;Eunice Ingham). Aujourd&rsquo;hui, la r\u00e9flexologie m\u00eale couramment ces deux approches. <br>\u2022 1 : La th\u00e9orie des m\u00e9ridiens chinois, qui repose sur la circulation des flux \u00e9nerg\u00e9tiques. <br>\u2022 2 : La carte des zones qui permet d&rsquo;agir sur des points extr\u00eamement pr\u00e9cis du corps humain.<\/p>\n\n\n\n<div class=\"wp-block-buttons is-content-justification-center is-layout-flex wp-container-core-buttons-is-layout-16018d1d wp-block-buttons-is-layout-flex\">\n<div class=\"wp-block-button\"><a class=\"wp-block-button__link has-background wp-element-button\" href=\"https:\/\/francoisejouneau.fr\/index.php\/contact\/\" style=\"background-color:#9b4966\">Contact<\/a><\/div>\n\n\n\n<div class=\"wp-block-button\"><a class=\"wp-block-button__link has-background wp-element-button\" href=\"https:\/\/francoisejouneau.fr\/index.php\/agenda-rendez-vous-calendly\/\" style=\"background-color:#9b4966\">Prendre Rendez-vous<\/a><\/div>\n<\/div>\n\n\n\n<p><\/p>\n","protected":false},"excerpt":{"rendered":"<p>La r\u00e9flexologie existe depuis plusieurs mill\u00e9naires. Elle est pratiqu\u00e9e par diverses civilisations&nbsp;: \u00e9gyptienne, incas, chinoise, indienne, indiens d&rsquo;Am\u00e9rique. L\u2019\u00c9gypte ancienne Reproduction d&rsquo;une partie du tombeau &hellip; <\/p>\n","protected":false},"author":2,"featured_media":0,"parent":0,"menu_order":0,"comment_status":"closed","ping_status":"closed","template":"","meta":{"footnotes":""},"class_list":["post-50","page","type-page","status-publish","hentry","latest_post"],"yoast_head":"<!-- This site is optimized with the Yoast SEO plugin v27.1.1 - https:\/\/yoast.com\/product\/yoast-seo-wordpress\/ -->\n<title>HISTORIQUE R\u00c9FLEXOLOGIE - Fran\u00e7oise JOUNEAU - R\u00e9flexologie et Fleurs de Bach<\/title>\n<meta name=\"description\" content=\"Historique de la r\u00e9flexologie : origines, \u00e9volution et principes de cette pratique de bien-\u00eatre qui stimule les zones r\u00e9flexes pour favoriser l\u2019\u00e9quilibre du corps.\" \/>\n<meta name=\"robots\" content=\"index, follow, max-snippet:-1, max-image-preview:large, max-video-preview:-1\" \/>\n<link rel=\"canonical\" href=\"https:\/\/francoisejouneau.fr\/index.php\/historique\/\" \/>\n<meta property=\"og:locale\" content=\"fr_FR\" \/>\n<meta property=\"og:type\" content=\"article\" \/>\n<meta property=\"og:title\" content=\"HISTORIQUE R\u00c9FLEXOLOGIE - Fran\u00e7oise JOUNEAU - R\u00e9flexologie et Fleurs de Bach\" \/>\n<meta property=\"og:description\" content=\"Historique de la r\u00e9flexologie : origines, \u00e9volution et principes de cette pratique de bien-\u00eatre qui stimule les zones r\u00e9flexes pour favoriser l\u2019\u00e9quilibre du corps.\" \/>\n<meta property=\"og:url\" content=\"https:\/\/francoisejouneau.fr\/index.php\/historique\/\" \/>\n<meta property=\"og:site_name\" content=\"Fran\u00e7oise JOUNEAU - R\u00e9flexologie et Fleurs de Bach\" \/>\n<meta property=\"article:modified_time\" content=\"2026-03-12T09:07:21+00:00\" \/>\n<meta property=\"og:image\" content=\"http:\/\/francoisejouneau.fr\/wp-content\/uploads\/2026\/03\/Egypte-ancienne.png\" \/>\n<meta name=\"twitter:card\" content=\"summary_large_image\" \/>\n<meta name=\"twitter:label1\" content=\"Dur\u00e9e de lecture estim\u00e9e\" \/>\n\t<meta name=\"twitter:data1\" content=\"7 minutes\" \/>\n<script type=\"application\/ld+json\" class=\"yoast-schema-graph\">{\"@context\":\"https:\/\/schema.org\",\"@graph\":[{\"@type\":\"WebPage\",\"@id\":\"https:\/\/francoisejouneau.fr\/index.php\/historique\/\",\"url\":\"https:\/\/francoisejouneau.fr\/index.php\/historique\/\",\"name\":\"HISTORIQUE R\u00c9FLEXOLOGIE - Fran\u00e7oise JOUNEAU - R\u00e9flexologie et Fleurs de Bach\",\"isPartOf\":{\"@id\":\"http:\/\/francoisejouneau.fr\/#website\"},\"primaryImageOfPage\":{\"@id\":\"https:\/\/francoisejouneau.fr\/index.php\/historique\/#primaryimage\"},\"image\":{\"@id\":\"https:\/\/francoisejouneau.fr\/index.php\/historique\/#primaryimage\"},\"thumbnailUrl\":\"http:\/\/francoisejouneau.fr\/wp-content\/uploads\/2026\/03\/Egypte-ancienne.png\",\"datePublished\":\"2026-03-03T14:20:22+00:00\",\"dateModified\":\"2026-03-12T09:07:21+00:00\",\"description\":\"Historique de la r\u00e9flexologie : origines, \u00e9volution et principes de cette pratique de bien-\u00eatre qui stimule les zones r\u00e9flexes pour favoriser l\u2019\u00e9quilibre du corps.\",\"breadcrumb\":{\"@id\":\"https:\/\/francoisejouneau.fr\/index.php\/historique\/#breadcrumb\"},\"inLanguage\":\"fr-FR\",\"potentialAction\":[{\"@type\":\"ReadAction\",\"target\":[\"https:\/\/francoisejouneau.fr\/index.php\/historique\/\"]}]},{\"@type\":\"ImageObject\",\"inLanguage\":\"fr-FR\",\"@id\":\"https:\/\/francoisejouneau.fr\/index.php\/historique\/#primaryimage\",\"url\":\"https:\/\/francoisejouneau.fr\/wp-content\/uploads\/2026\/03\/Egypte-ancienne.png\",\"contentUrl\":\"https:\/\/francoisejouneau.fr\/wp-content\/uploads\/2026\/03\/Egypte-ancienne.png\",\"width\":144,\"height\":93},{\"@type\":\"BreadcrumbList\",\"@id\":\"https:\/\/francoisejouneau.fr\/index.php\/historique\/#breadcrumb\",\"itemListElement\":[{\"@type\":\"ListItem\",\"position\":1,\"name\":\"Accueil\",\"item\":\"http:\/\/francoisejouneau.fr\/\"},{\"@type\":\"ListItem\",\"position\":2,\"name\":\"HISTORIQUE R\u00c9FLEXOLOGIE\"}]},{\"@type\":\"WebSite\",\"@id\":\"http:\/\/francoisejouneau.fr\/#website\",\"url\":\"http:\/\/francoisejouneau.fr\/\",\"name\":\"Fran\u00e7oise JOUNEAU - R\u00e9flexologie et Fleurs de Bach\",\"description\":\"R\u00e9flexologue en \u00c9nerg\u00e9tique chinoise Fleurs de Bach en Entre-deux-Mers\/Sud Gironde\",\"publisher\":{\"@id\":\"http:\/\/francoisejouneau.fr\/#organization\"},\"potentialAction\":[{\"@type\":\"SearchAction\",\"target\":{\"@type\":\"EntryPoint\",\"urlTemplate\":\"http:\/\/francoisejouneau.fr\/?s={search_term_string}\"},\"query-input\":{\"@type\":\"PropertyValueSpecification\",\"valueRequired\":true,\"valueName\":\"search_term_string\"}}],\"inLanguage\":\"fr-FR\"},{\"@type\":\"Organization\",\"@id\":\"http:\/\/francoisejouneau.fr\/#organization\",\"name\":\"Fran\u00e7oise JOUNEAU - R\u00e9flexologie et Fleurs de Bach\",\"url\":\"http:\/\/francoisejouneau.fr\/\",\"logo\":{\"@type\":\"ImageObject\",\"inLanguage\":\"fr-FR\",\"@id\":\"http:\/\/francoisejouneau.fr\/#\/schema\/logo\/image\/\",\"url\":\"https:\/\/francoisejouneau.fr\/wp-content\/uploads\/2026\/03\/cropped-Logo-dessin-PNG-violet-rond-jaune.png\",\"contentUrl\":\"https:\/\/francoisejouneau.fr\/wp-content\/uploads\/2026\/03\/cropped-Logo-dessin-PNG-violet-rond-jaune.png\",\"width\":404,\"height\":404,\"caption\":\"Fran\u00e7oise JOUNEAU - R\u00e9flexologie et Fleurs de Bach\"},\"image\":{\"@id\":\"http:\/\/francoisejouneau.fr\/#\/schema\/logo\/image\/\"}}]}<\/script>\n<!-- \/ Yoast SEO plugin. -->","yoast_head_json":{"title":"HISTORIQUE R\u00c9FLEXOLOGIE - Fran\u00e7oise JOUNEAU - R\u00e9flexologie et Fleurs de Bach","description":"Historique de la r\u00e9flexologie : origines, \u00e9volution et principes de cette pratique de bien-\u00eatre qui stimule les zones r\u00e9flexes pour favoriser l\u2019\u00e9quilibre du corps.","robots":{"index":"index","follow":"follow","max-snippet":"max-snippet:-1","max-image-preview":"max-image-preview:large","max-video-preview":"max-video-preview:-1"},"canonical":"https:\/\/francoisejouneau.fr\/index.php\/historique\/","og_locale":"fr_FR","og_type":"article","og_title":"HISTORIQUE R\u00c9FLEXOLOGIE - Fran\u00e7oise JOUNEAU - R\u00e9flexologie et Fleurs de Bach","og_description":"Historique de la r\u00e9flexologie : origines, \u00e9volution et principes de cette pratique de bien-\u00eatre qui stimule les zones r\u00e9flexes pour favoriser l\u2019\u00e9quilibre du corps.","og_url":"https:\/\/francoisejouneau.fr\/index.php\/historique\/","og_site_name":"Fran\u00e7oise JOUNEAU - R\u00e9flexologie et Fleurs de Bach","article_modified_time":"2026-03-12T09:07:21+00:00","og_image":[{"url":"http:\/\/francoisejouneau.fr\/wp-content\/uploads\/2026\/03\/Egypte-ancienne.png","type":"","width":"","height":""}],"twitter_card":"summary_large_image","twitter_misc":{"Dur\u00e9e de lecture estim\u00e9e":"7 minutes"},"schema":{"@context":"https:\/\/schema.org","@graph":[{"@type":"WebPage","@id":"https:\/\/francoisejouneau.fr\/index.php\/historique\/","url":"https:\/\/francoisejouneau.fr\/index.php\/historique\/","name":"HISTORIQUE R\u00c9FLEXOLOGIE - Fran\u00e7oise JOUNEAU - R\u00e9flexologie et Fleurs de Bach","isPartOf":{"@id":"http:\/\/francoisejouneau.fr\/#website"},"primaryImageOfPage":{"@id":"https:\/\/francoisejouneau.fr\/index.php\/historique\/#primaryimage"},"image":{"@id":"https:\/\/francoisejouneau.fr\/index.php\/historique\/#primaryimage"},"thumbnailUrl":"http:\/\/francoisejouneau.fr\/wp-content\/uploads\/2026\/03\/Egypte-ancienne.png","datePublished":"2026-03-03T14:20:22+00:00","dateModified":"2026-03-12T09:07:21+00:00","description":"Historique de la r\u00e9flexologie : origines, \u00e9volution et principes de cette pratique de bien-\u00eatre qui stimule les zones r\u00e9flexes pour favoriser l\u2019\u00e9quilibre du corps.","breadcrumb":{"@id":"https:\/\/francoisejouneau.fr\/index.php\/historique\/#breadcrumb"},"inLanguage":"fr-FR","potentialAction":[{"@type":"ReadAction","target":["https:\/\/francoisejouneau.fr\/index.php\/historique\/"]}]},{"@type":"ImageObject","inLanguage":"fr-FR","@id":"https:\/\/francoisejouneau.fr\/index.php\/historique\/#primaryimage","url":"https:\/\/francoisejouneau.fr\/wp-content\/uploads\/2026\/03\/Egypte-ancienne.png","contentUrl":"https:\/\/francoisejouneau.fr\/wp-content\/uploads\/2026\/03\/Egypte-ancienne.png","width":144,"height":93},{"@type":"BreadcrumbList","@id":"https:\/\/francoisejouneau.fr\/index.php\/historique\/#breadcrumb","itemListElement":[{"@type":"ListItem","position":1,"name":"Accueil","item":"http:\/\/francoisejouneau.fr\/"},{"@type":"ListItem","position":2,"name":"HISTORIQUE R\u00c9FLEXOLOGIE"}]},{"@type":"WebSite","@id":"http:\/\/francoisejouneau.fr\/#website","url":"http:\/\/francoisejouneau.fr\/","name":"Fran\u00e7oise JOUNEAU - R\u00e9flexologie et Fleurs de Bach","description":"R\u00e9flexologue en \u00c9nerg\u00e9tique chinoise Fleurs de Bach en Entre-deux-Mers\/Sud Gironde","publisher":{"@id":"http:\/\/francoisejouneau.fr\/#organization"},"potentialAction":[{"@type":"SearchAction","target":{"@type":"EntryPoint","urlTemplate":"http:\/\/francoisejouneau.fr\/?s={search_term_string}"},"query-input":{"@type":"PropertyValueSpecification","valueRequired":true,"valueName":"search_term_string"}}],"inLanguage":"fr-FR"},{"@type":"Organization","@id":"http:\/\/francoisejouneau.fr\/#organization","name":"Fran\u00e7oise JOUNEAU - R\u00e9flexologie et Fleurs de Bach","url":"http:\/\/francoisejouneau.fr\/","logo":{"@type":"ImageObject","inLanguage":"fr-FR","@id":"http:\/\/francoisejouneau.fr\/#\/schema\/logo\/image\/","url":"https:\/\/francoisejouneau.fr\/wp-content\/uploads\/2026\/03\/cropped-Logo-dessin-PNG-violet-rond-jaune.png","contentUrl":"https:\/\/francoisejouneau.fr\/wp-content\/uploads\/2026\/03\/cropped-Logo-dessin-PNG-violet-rond-jaune.png","width":404,"height":404,"caption":"Fran\u00e7oise JOUNEAU - R\u00e9flexologie et Fleurs de Bach"},"image":{"@id":"http:\/\/francoisejouneau.fr\/#\/schema\/logo\/image\/"}}]}},"_links":{"self":[{"href":"https:\/\/francoisejouneau.fr\/index.php\/wp-json\/wp\/v2\/pages\/50","targetHints":{"allow":["GET"]}}],"collection":[{"href":"https:\/\/francoisejouneau.fr\/index.php\/wp-json\/wp\/v2\/pages"}],"about":[{"href":"https:\/\/francoisejouneau.fr\/index.php\/wp-json\/wp\/v2\/types\/page"}],"author":[{"embeddable":true,"href":"https:\/\/francoisejouneau.fr\/index.php\/wp-json\/wp\/v2\/users\/2"}],"replies":[{"embeddable":true,"href":"https:\/\/francoisejouneau.fr\/index.php\/wp-json\/wp\/v2\/comments?post=50"}],"version-history":[{"count":11,"href":"https:\/\/francoisejouneau.fr\/index.php\/wp-json\/wp\/v2\/pages\/50\/revisions"}],"predecessor-version":[{"id":471,"href":"https:\/\/francoisejouneau.fr\/index.php\/wp-json\/wp\/v2\/pages\/50\/revisions\/471"}],"wp:attachment":[{"href":"https:\/\/francoisejouneau.fr\/index.php\/wp-json\/wp\/v2\/media?parent=50"}],"curies":[{"name":"wp","href":"https:\/\/api.w.org\/{rel}","templated":true}]}}