{"id":145,"date":"2026-03-05T12:51:35","date_gmt":"2026-03-05T11:51:35","guid":{"rendered":"https:\/\/francoisejouneau.fr\/?page_id=145"},"modified":"2026-03-13T10:07:22","modified_gmt":"2026-03-13T09:07:22","slug":"contact","status":"publish","type":"page","link":"https:\/\/francoisejouneau.fr\/index.php\/contact\/","title":{"rendered":"CONTACT\/RENDEZ-VOUS CABINET"},"content":{"rendered":"\n<p>Profitez de cette page pour me contacter et poser toutes vos questions sur la <strong><a href=\"https:\/\/francoisejouneau.fr\/index.php\/reflexologie-une-approche-naturelle-pour-le-bien-etre\/\">r\u00e9flexologie<\/a><\/strong> ou les <strong><a href=\"https:\/\/francoisejouneau.fr\/index.php\/les-fleurs-de-bach-une-solution-naturelle-pour-lequilibre-emotionnel\/\">Fleurs de Bach<\/a><\/strong>. Ou bien prenez une rendrez-vous au cabinet situ\u00e9 dans l&rsquo;Entre-Deux-Mers.<\/p>\n\n\n\n<p>Les s<strong>\u00e9ances sont uniquement sur rendez-vous<\/strong>, afin de vous offrir un <strong>accueil personnalis\u00e9<\/strong> et un <strong>accompagnement optimal<\/strong>.<\/p>\n\n\n\n<div class=\"wpcf7 no-js\" id=\"wpcf7-f204-o1\" lang=\"fr-FR\" dir=\"ltr\" data-wpcf7-id=\"204\">\n<div class=\"screen-reader-response\"><p role=\"status\" aria-live=\"polite\" aria-atomic=\"true\"><\/p> <ul><\/ul><\/div>\n<form action=\"\/index.php\/wp-json\/wp\/v2\/pages\/145#wpcf7-f204-o1\" method=\"post\" class=\"wpcf7-form init\" aria-label=\"Formulaire de contact\" novalidate=\"novalidate\" data-status=\"init\">\n<fieldset class=\"hidden-fields-container\"><input type=\"hidden\" name=\"_wpcf7\" value=\"204\" \/><input type=\"hidden\" name=\"_wpcf7_version\" value=\"6.1.5\" \/><input type=\"hidden\" name=\"_wpcf7_locale\" value=\"fr_FR\" \/><input type=\"hidden\" name=\"_wpcf7_unit_tag\" value=\"wpcf7-f204-o1\" \/><input type=\"hidden\" name=\"_wpcf7_container_post\" value=\"0\" \/><input type=\"hidden\" name=\"_wpcf7_posted_data_hash\" value=\"\" \/>\n<\/fieldset>\n<p><label> Votre nom<br \/>\n<span class=\"wpcf7-form-control-wrap\" data-name=\"your-name\"><input size=\"40\" maxlength=\"400\" class=\"wpcf7-form-control wpcf7-text wpcf7-validates-as-required\" autocomplete=\"name\" aria-required=\"true\" aria-invalid=\"false\" value=\"\" type=\"text\" name=\"your-name\" \/><\/span> <\/label>\n<\/p>\n<p><label> Votre e-mail<br \/>\n<span class=\"wpcf7-form-control-wrap\" data-name=\"your-email\"><input size=\"40\" maxlength=\"400\" class=\"wpcf7-form-control wpcf7-email wpcf7-validates-as-required wpcf7-text wpcf7-validates-as-email\" autocomplete=\"email\" aria-required=\"true\" aria-invalid=\"false\" value=\"\" type=\"email\" name=\"your-email\" \/><\/span> <\/label>\n<\/p>\n<p><label> Objet<br \/>\n<span class=\"wpcf7-form-control-wrap\" data-name=\"your-subject\"><input size=\"40\" maxlength=\"400\" class=\"wpcf7-form-control wpcf7-text wpcf7-validates-as-required\" aria-required=\"true\" aria-invalid=\"false\" value=\"\" type=\"text\" name=\"your-subject\" \/><\/span> <\/label>\n<\/p>\n<p><label> Votre message (facultatif)<br \/>\n<span class=\"wpcf7-form-control-wrap\" data-name=\"your-message\"><textarea cols=\"40\" rows=\"10\" maxlength=\"2000\" class=\"wpcf7-form-control wpcf7-textarea\" aria-invalid=\"false\" name=\"your-message\"><\/textarea><\/span> <\/label>\n<\/p>\n<p><input class=\"wpcf7-form-control wpcf7-submit has-spinner\" type=\"submit\" value=\"Envoyer\" \/>\n<\/p><div class=\"wpcf7-response-output\" aria-hidden=\"true\"><\/div>\n<\/form>\n<\/div>\n\n\n\n\n<h2 class=\"wp-block-heading\">Comment prendre rendez-vous ?<\/h2>\n\n\n\n<p>Privil\u00e9giez et gagnez du temps par le <strong><a href=\"https:\/\/francoisejouneau.fr\/index.php\/agenda-rendez-vous-calendly\/\">lien vers mon Agenda<\/a><\/strong><br>Si vous le souhaitez, vous pouvez aussi par <strong>t\u00e9l\u00e9phone, SMS<\/strong>, <strong>mail<\/strong> (Contact)<\/p>\n\n\n\n<h2 class=\"wp-block-heading\">Quelques pr\u00e9cisions \u00e0 donner <\/h2>\n\n\n\n<p>Votre pr\u00e9nom et nom<br>Votre num\u00e9ro de t\u00e9l\u00e9phone<br>Votre adresse e-mail<br>La raison de votre prise de rendez-vous<br>Vos disponibilit\u00e9s (jeudi et vendredi&nbsp;: matin, apr\u00e8s-midi ou soir\u00e9e ou samedi matin)<\/p>\n\n\n\n<h2 class=\"wp-block-heading\">Adresse du cabinet<\/h2>\n\n\n\n<p>324 Impasse du <strong>Tucaou<\/strong>, 33760 <strong>Saint-Pierre-de-Bat<\/strong><br>Situ\u00e9 au c\u0153ur de l&rsquo;<strong>Entre-Deux-Mers<\/strong> , \u00e0 deux pas du <strong>Sud-Gironde<\/strong> .<\/p>\n\n\n\n<iframe src=\"https:\/\/www.google.com\/maps\/embed?pb=!1m18!1m12!1m3!1d13712.736278!2d-0.21530472344747656!3d44.67637198714943!2m3!1f0!2f0!3f0!3m2!1i1024!2i768!4f13.1!3m3!1m2!1s0xd5569bde57d8111%3A0xbf7d99c1e1c1bee7!2sTucaou%2C%2033760%20Saint-Pierre-de-Bat!5e1!3m2!1sfr!2sfr!4v1773048242788!5m2!1sfr!2sfr\" width=\"100%\" height=\"450\" style=\"border:0;\" allowfullscreen=\"\" loading=\"lazy\" referrerpolicy=\"no-referrer-when-downgrade\"><\/iframe>\n\n\n\n<p><strong>Au plaisir de vous accompagner vers un mieux-\u00eatre.<\/strong><\/p>\n\n\n\n<p><em>Ce type d\u2019accompagnement th\u00e9rapeutique n\u2019est pas pris en charge par la S\u00e9curit\u00e9 Sociale. N\u00e9anmoins certaines mutuelles peuvent assurer ce relais partiellement ou en globalit\u00e9. Renseignez-vous pour cela aupr\u00e8s de l&rsquo;organisme aupr\u00e8s duquel vous \u00eates affili\u00e9.<\/em><\/p>\n\n\n\n<div class=\"wp-block-buttons is-content-justification-center is-layout-flex wp-container-core-buttons-is-layout-16018d1d wp-block-buttons-is-layout-flex\">\n<div class=\"wp-block-button\"><a class=\"wp-block-button__link has-background wp-element-button\" href=\"https:\/\/francoisejouneau.fr\/index.php\/contact\/\" style=\"background-color:#9b4966\">Contactez-moi<\/a><\/div>\n\n\n\n<div class=\"wp-block-button\"><a class=\"wp-block-button__link has-background wp-element-button\" href=\"https:\/\/francoisejouneau.fr\/index.php\/agenda-rendez-vous-calendly\/\" style=\"background-color:#9b4966\">Prendre Rendez-vous<\/a><\/div>\n<\/div>\n\n\n\n<figure class=\"wp-block-gallery has-nested-images columns-default is-cropped wp-block-gallery-1 is-layout-flex wp-block-gallery-is-layout-flex\">\n<figure class=\"wp-block-image size-large is-style-rounded\"><img fetchpriority=\"high\" decoding=\"async\" width=\"1024\" height=\"585\" data-id=\"432\" src=\"https:\/\/francoisejouneau.fr\/wp-content\/uploads\/2026\/03\/ai-generated-8659170_1280-1024x585.webp\" alt=\"\" class=\"wp-image-432\" srcset=\"https:\/\/francoisejouneau.fr\/wp-content\/uploads\/2026\/03\/ai-generated-8659170_1280-1024x585.webp 1024w, https:\/\/francoisejouneau.fr\/wp-content\/uploads\/2026\/03\/ai-generated-8659170_1280-300x171.webp 300w, https:\/\/francoisejouneau.fr\/wp-content\/uploads\/2026\/03\/ai-generated-8659170_1280-768x439.webp 768w, https:\/\/francoisejouneau.fr\/wp-content\/uploads\/2026\/03\/ai-generated-8659170_1280-105x60.webp 105w, https:\/\/francoisejouneau.fr\/wp-content\/uploads\/2026\/03\/ai-generated-8659170_1280.webp 1280w\" sizes=\"(max-width: 1024px) 100vw, 1024px\" \/><\/figure>\n\n\n\n<figure class=\"wp-block-image size-large is-style-rounded\"><img decoding=\"async\" data-id=\"431\" src=\"https:\/\/francoisejouneau.fr\/wp-content\/uploads\/2026\/03\/IMG_5281.jpg\" alt=\"\" class=\"wp-image-431\"\/><\/figure>\n\n\n\n<figure class=\"wp-block-image size-large is-style-rounded\"><img decoding=\"async\" width=\"1024\" height=\"682\" data-id=\"433\" src=\"https:\/\/francoisejouneau.fr\/wp-content\/uploads\/2026\/03\/essential-oils-3931427_1280-1024x682.jpg\" alt=\"\" class=\"wp-image-433\" srcset=\"https:\/\/francoisejouneau.fr\/wp-content\/uploads\/2026\/03\/essential-oils-3931427_1280-1024x682.jpg 1024w, https:\/\/francoisejouneau.fr\/wp-content\/uploads\/2026\/03\/essential-oils-3931427_1280-300x200.jpg 300w, https:\/\/francoisejouneau.fr\/wp-content\/uploads\/2026\/03\/essential-oils-3931427_1280-768x512.jpg 768w, https:\/\/francoisejouneau.fr\/wp-content\/uploads\/2026\/03\/essential-oils-3931427_1280-90x60.jpg 90w, https:\/\/francoisejouneau.fr\/wp-content\/uploads\/2026\/03\/essential-oils-3931427_1280-420x280.jpg 420w, https:\/\/francoisejouneau.fr\/wp-content\/uploads\/2026\/03\/essential-oils-3931427_1280.jpg 1280w\" sizes=\"(max-width: 1024px) 100vw, 1024px\" \/><\/figure>\n<\/figure>\n","protected":false},"excerpt":{"rendered":"<p>Profitez de cette page pour me contacter et poser toutes vos questions sur la r\u00e9flexologie ou les Fleurs de Bach. Ou bien prenez une rendrez-vous &hellip; <\/p>\n","protected":false},"author":2,"featured_media":0,"parent":0,"menu_order":0,"comment_status":"closed","ping_status":"closed","template":"","meta":{"footnotes":""},"class_list":["post-145","page","type-page","status-publish","hentry","latest_post"],"yoast_head":"<!-- This site is optimized with the Yoast SEO plugin v27.1.1 - https:\/\/yoast.com\/product\/yoast-seo-wordpress\/ -->\n<title>CONTACT\/RENDEZ-VOUS CABINET - Fran\u00e7oise JOUNEAU - R\u00e9flexologie et Fleurs de Bach<\/title>\n<meta name=\"description\" content=\"Prendre rendez-vous en r\u00e9flexologie ou Fleurs de Bach. Contactez Fran\u00e7oise pour un accompagnement bien-\u00eatre personnalis\u00e9.\" \/>\n<meta name=\"robots\" content=\"index, follow, max-snippet:-1, max-image-preview:large, max-video-preview:-1\" \/>\n<link rel=\"canonical\" href=\"https:\/\/francoisejouneau.fr\/index.php\/contact\/\" \/>\n<meta property=\"og:locale\" content=\"fr_FR\" \/>\n<meta property=\"og:type\" content=\"article\" \/>\n<meta property=\"og:title\" content=\"CONTACT\/RENDEZ-VOUS CABINET - Fran\u00e7oise JOUNEAU - R\u00e9flexologie et Fleurs de Bach\" \/>\n<meta property=\"og:description\" content=\"Prendre rendez-vous en r\u00e9flexologie ou Fleurs de Bach. Contactez Fran\u00e7oise pour un accompagnement bien-\u00eatre personnalis\u00e9.\" \/>\n<meta property=\"og:url\" content=\"https:\/\/francoisejouneau.fr\/index.php\/contact\/\" \/>\n<meta property=\"og:site_name\" content=\"Fran\u00e7oise JOUNEAU - R\u00e9flexologie et Fleurs de Bach\" \/>\n<meta property=\"article:modified_time\" content=\"2026-03-13T09:07:22+00:00\" \/>\n<meta property=\"og:image\" content=\"https:\/\/francoisejouneau.fr\/wp-content\/uploads\/2026\/03\/ai-generated-8659170_1280-1024x585.webp\" \/>\n<meta name=\"twitter:card\" content=\"summary_large_image\" \/>\n<meta name=\"twitter:label1\" content=\"Dur\u00e9e de lecture estim\u00e9e\" \/>\n\t<meta name=\"twitter:data1\" content=\"2 minutes\" \/>\n<script type=\"application\/ld+json\" class=\"yoast-schema-graph\">{\"@context\":\"https:\/\/schema.org\",\"@graph\":[{\"@type\":\"WebPage\",\"@id\":\"https:\/\/francoisejouneau.fr\/index.php\/contact\/\",\"url\":\"https:\/\/francoisejouneau.fr\/index.php\/contact\/\",\"name\":\"CONTACT\/RENDEZ-VOUS CABINET - Fran\u00e7oise JOUNEAU - R\u00e9flexologie et Fleurs de Bach\",\"isPartOf\":{\"@id\":\"https:\/\/francoisejouneau.fr\/#website\"},\"primaryImageOfPage\":{\"@id\":\"https:\/\/francoisejouneau.fr\/index.php\/contact\/#primaryimage\"},\"image\":{\"@id\":\"https:\/\/francoisejouneau.fr\/index.php\/contact\/#primaryimage\"},\"thumbnailUrl\":\"https:\/\/francoisejouneau.fr\/wp-content\/uploads\/2026\/03\/ai-generated-8659170_1280-1024x585.webp\",\"datePublished\":\"2026-03-05T11:51:35+00:00\",\"dateModified\":\"2026-03-13T09:07:22+00:00\",\"description\":\"Prendre rendez-vous en r\u00e9flexologie ou Fleurs de Bach. Contactez Fran\u00e7oise pour un accompagnement bien-\u00eatre personnalis\u00e9.\",\"breadcrumb\":{\"@id\":\"https:\/\/francoisejouneau.fr\/index.php\/contact\/#breadcrumb\"},\"inLanguage\":\"fr-FR\",\"potentialAction\":[{\"@type\":\"ReadAction\",\"target\":[\"https:\/\/francoisejouneau.fr\/index.php\/contact\/\"]}]},{\"@type\":\"ImageObject\",\"inLanguage\":\"fr-FR\",\"@id\":\"https:\/\/francoisejouneau.fr\/index.php\/contact\/#primaryimage\",\"url\":\"https:\/\/francoisejouneau.fr\/wp-content\/uploads\/2026\/03\/ai-generated-8659170_1280.webp\",\"contentUrl\":\"https:\/\/francoisejouneau.fr\/wp-content\/uploads\/2026\/03\/ai-generated-8659170_1280.webp\",\"width\":1280,\"height\":731},{\"@type\":\"BreadcrumbList\",\"@id\":\"https:\/\/francoisejouneau.fr\/index.php\/contact\/#breadcrumb\",\"itemListElement\":[{\"@type\":\"ListItem\",\"position\":1,\"name\":\"Accueil\",\"item\":\"https:\/\/francoisejouneau.fr\/\"},{\"@type\":\"ListItem\",\"position\":2,\"name\":\"CONTACT\/RENDEZ-VOUS CABINET\"}]},{\"@type\":\"WebSite\",\"@id\":\"https:\/\/francoisejouneau.fr\/#website\",\"url\":\"https:\/\/francoisejouneau.fr\/\",\"name\":\"Fran\u00e7oise JOUNEAU - R\u00e9flexologie et Fleurs de Bach\",\"description\":\"R\u00e9flexologue en \u00c9nerg\u00e9tique chinoise Fleurs de Bach en Entre-deux-Mers\/Sud Gironde\",\"publisher\":{\"@id\":\"https:\/\/francoisejouneau.fr\/#organization\"},\"potentialAction\":[{\"@type\":\"SearchAction\",\"target\":{\"@type\":\"EntryPoint\",\"urlTemplate\":\"https:\/\/francoisejouneau.fr\/?s={search_term_string}\"},\"query-input\":{\"@type\":\"PropertyValueSpecification\",\"valueRequired\":true,\"valueName\":\"search_term_string\"}}],\"inLanguage\":\"fr-FR\"},{\"@type\":\"Organization\",\"@id\":\"https:\/\/francoisejouneau.fr\/#organization\",\"name\":\"Fran\u00e7oise JOUNEAU - R\u00e9flexologie et Fleurs de Bach\",\"url\":\"https:\/\/francoisejouneau.fr\/\",\"logo\":{\"@type\":\"ImageObject\",\"inLanguage\":\"fr-FR\",\"@id\":\"https:\/\/francoisejouneau.fr\/#\/schema\/logo\/image\/\",\"url\":\"https:\/\/francoisejouneau.fr\/wp-content\/uploads\/2026\/03\/cropped-Logo-dessin-PNG-violet-rond-jaune.png\",\"contentUrl\":\"https:\/\/francoisejouneau.fr\/wp-content\/uploads\/2026\/03\/cropped-Logo-dessin-PNG-violet-rond-jaune.png\",\"width\":404,\"height\":404,\"caption\":\"Fran\u00e7oise JOUNEAU - R\u00e9flexologie et Fleurs de Bach\"},\"image\":{\"@id\":\"https:\/\/francoisejouneau.fr\/#\/schema\/logo\/image\/\"}}]}<\/script>\n<!-- \/ Yoast SEO plugin. -->","yoast_head_json":{"title":"CONTACT\/RENDEZ-VOUS CABINET - Fran\u00e7oise JOUNEAU - R\u00e9flexologie et Fleurs de Bach","description":"Prendre rendez-vous en r\u00e9flexologie ou Fleurs de Bach. Contactez Fran\u00e7oise pour un accompagnement bien-\u00eatre personnalis\u00e9.","robots":{"index":"index","follow":"follow","max-snippet":"max-snippet:-1","max-image-preview":"max-image-preview:large","max-video-preview":"max-video-preview:-1"},"canonical":"https:\/\/francoisejouneau.fr\/index.php\/contact\/","og_locale":"fr_FR","og_type":"article","og_title":"CONTACT\/RENDEZ-VOUS CABINET - Fran\u00e7oise JOUNEAU - R\u00e9flexologie et Fleurs de Bach","og_description":"Prendre rendez-vous en r\u00e9flexologie ou Fleurs de Bach. Contactez Fran\u00e7oise pour un accompagnement bien-\u00eatre personnalis\u00e9.","og_url":"https:\/\/francoisejouneau.fr\/index.php\/contact\/","og_site_name":"Fran\u00e7oise JOUNEAU - R\u00e9flexologie et Fleurs de Bach","article_modified_time":"2026-03-13T09:07:22+00:00","og_image":[{"url":"https:\/\/francoisejouneau.fr\/wp-content\/uploads\/2026\/03\/ai-generated-8659170_1280-1024x585.webp","type":"","width":"","height":""}],"twitter_card":"summary_large_image","twitter_misc":{"Dur\u00e9e de lecture estim\u00e9e":"2 minutes"},"schema":{"@context":"https:\/\/schema.org","@graph":[{"@type":"WebPage","@id":"https:\/\/francoisejouneau.fr\/index.php\/contact\/","url":"https:\/\/francoisejouneau.fr\/index.php\/contact\/","name":"CONTACT\/RENDEZ-VOUS CABINET - Fran\u00e7oise JOUNEAU - R\u00e9flexologie et Fleurs de Bach","isPartOf":{"@id":"https:\/\/francoisejouneau.fr\/#website"},"primaryImageOfPage":{"@id":"https:\/\/francoisejouneau.fr\/index.php\/contact\/#primaryimage"},"image":{"@id":"https:\/\/francoisejouneau.fr\/index.php\/contact\/#primaryimage"},"thumbnailUrl":"https:\/\/francoisejouneau.fr\/wp-content\/uploads\/2026\/03\/ai-generated-8659170_1280-1024x585.webp","datePublished":"2026-03-05T11:51:35+00:00","dateModified":"2026-03-13T09:07:22+00:00","description":"Prendre rendez-vous en r\u00e9flexologie ou Fleurs de Bach. Contactez Fran\u00e7oise pour un accompagnement bien-\u00eatre personnalis\u00e9.","breadcrumb":{"@id":"https:\/\/francoisejouneau.fr\/index.php\/contact\/#breadcrumb"},"inLanguage":"fr-FR","potentialAction":[{"@type":"ReadAction","target":["https:\/\/francoisejouneau.fr\/index.php\/contact\/"]}]},{"@type":"ImageObject","inLanguage":"fr-FR","@id":"https:\/\/francoisejouneau.fr\/index.php\/contact\/#primaryimage","url":"https:\/\/francoisejouneau.fr\/wp-content\/uploads\/2026\/03\/ai-generated-8659170_1280.webp","contentUrl":"https:\/\/francoisejouneau.fr\/wp-content\/uploads\/2026\/03\/ai-generated-8659170_1280.webp","width":1280,"height":731},{"@type":"BreadcrumbList","@id":"https:\/\/francoisejouneau.fr\/index.php\/contact\/#breadcrumb","itemListElement":[{"@type":"ListItem","position":1,"name":"Accueil","item":"https:\/\/francoisejouneau.fr\/"},{"@type":"ListItem","position":2,"name":"CONTACT\/RENDEZ-VOUS CABINET"}]},{"@type":"WebSite","@id":"https:\/\/francoisejouneau.fr\/#website","url":"https:\/\/francoisejouneau.fr\/","name":"Fran\u00e7oise JOUNEAU - R\u00e9flexologie et Fleurs de Bach","description":"R\u00e9flexologue en \u00c9nerg\u00e9tique chinoise Fleurs de Bach en Entre-deux-Mers\/Sud Gironde","publisher":{"@id":"https:\/\/francoisejouneau.fr\/#organization"},"potentialAction":[{"@type":"SearchAction","target":{"@type":"EntryPoint","urlTemplate":"https:\/\/francoisejouneau.fr\/?s={search_term_string}"},"query-input":{"@type":"PropertyValueSpecification","valueRequired":true,"valueName":"search_term_string"}}],"inLanguage":"fr-FR"},{"@type":"Organization","@id":"https:\/\/francoisejouneau.fr\/#organization","name":"Fran\u00e7oise JOUNEAU - R\u00e9flexologie et Fleurs de Bach","url":"https:\/\/francoisejouneau.fr\/","logo":{"@type":"ImageObject","inLanguage":"fr-FR","@id":"https:\/\/francoisejouneau.fr\/#\/schema\/logo\/image\/","url":"https:\/\/francoisejouneau.fr\/wp-content\/uploads\/2026\/03\/cropped-Logo-dessin-PNG-violet-rond-jaune.png","contentUrl":"https:\/\/francoisejouneau.fr\/wp-content\/uploads\/2026\/03\/cropped-Logo-dessin-PNG-violet-rond-jaune.png","width":404,"height":404,"caption":"Fran\u00e7oise JOUNEAU - R\u00e9flexologie et Fleurs de Bach"},"image":{"@id":"https:\/\/francoisejouneau.fr\/#\/schema\/logo\/image\/"}}]}},"_links":{"self":[{"href":"https:\/\/francoisejouneau.fr\/index.php\/wp-json\/wp\/v2\/pages\/145","targetHints":{"allow":["GET"]}}],"collection":[{"href":"https:\/\/francoisejouneau.fr\/index.php\/wp-json\/wp\/v2\/pages"}],"about":[{"href":"https:\/\/francoisejouneau.fr\/index.php\/wp-json\/wp\/v2\/types\/page"}],"author":[{"embeddable":true,"href":"https:\/\/francoisejouneau.fr\/index.php\/wp-json\/wp\/v2\/users\/2"}],"replies":[{"embeddable":true,"href":"https:\/\/francoisejouneau.fr\/index.php\/wp-json\/wp\/v2\/comments?post=145"}],"version-history":[{"count":18,"href":"https:\/\/francoisejouneau.fr\/index.php\/wp-json\/wp\/v2\/pages\/145\/revisions"}],"predecessor-version":[{"id":513,"href":"https:\/\/francoisejouneau.fr\/index.php\/wp-json\/wp\/v2\/pages\/145\/revisions\/513"}],"wp:attachment":[{"href":"https:\/\/francoisejouneau.fr\/index.php\/wp-json\/wp\/v2\/media?parent=145"}],"curies":[{"name":"wp","href":"https:\/\/api.w.org\/{rel}","templated":true}]}}