{"id":118,"date":"2026-03-05T11:29:53","date_gmt":"2026-03-05T10:29:53","guid":{"rendered":"https:\/\/francoisejouneau.fr\/?page_id=118"},"modified":"2026-03-12T11:27:35","modified_gmt":"2026-03-12T10:27:35","slug":"maladie-neurodegenerative-parkinson-et-reflexologie-une-approche-complementaire-pour-un-mieux-etre","status":"publish","type":"page","link":"https:\/\/francoisejouneau.fr\/index.php\/maladie-neurodegenerative-parkinson-et-reflexologie-une-approche-complementaire-pour-un-mieux-etre\/","title":{"rendered":"Maladie Neurod\u00e9g\u00e9n\u00e9rative, Parkinson et R\u00e9flexologie : Une Approche Compl\u00e9mentaire pour un Mieux-\u00catre"},"content":{"rendered":"<div class=\"wp-block-image is-style-rounded\">\n<figure class=\"aligncenter size-large is-resized\"><img fetchpriority=\"high\" decoding=\"async\" width=\"1024\" height=\"679\" src=\"http:\/\/francoisejouneau.fr\/wp-content\/uploads\/2026\/03\/DSC_0452-modifiee-reflexo-1024x679.jpg\" alt=\"\" class=\"wp-image-110\" style=\"aspect-ratio:1.5081448679424323;width:342px;height:auto\" srcset=\"https:\/\/francoisejouneau.fr\/wp-content\/uploads\/2026\/03\/DSC_0452-modifiee-reflexo-1024x679.jpg 1024w, https:\/\/francoisejouneau.fr\/wp-content\/uploads\/2026\/03\/DSC_0452-modifiee-reflexo-300x199.jpg 300w, https:\/\/francoisejouneau.fr\/wp-content\/uploads\/2026\/03\/DSC_0452-modifiee-reflexo-768x509.jpg 768w\" sizes=\"(max-width: 1024px) 100vw, 1024px\" \/><\/figure>\n<\/div>\n\n\n<p>La <strong>maladie de Parkinson<\/strong> est une <strong>maladie neurod\u00e9g\u00e9n\u00e9rative chronique<\/strong> avec une \u00e9volution lente et continue. Elle touche une zone <strong>du tronc c\u00e9r\u00e9bral<\/strong> o\u00f9 se situent les <strong>neurones dopaminergiques<\/strong> qui disparaissent progressivement. Leur fonction est de lib\u00e9rer la <strong>dopamine<\/strong>, neurotransmetteur indispensable au <strong>contr\u00f4le des mouvements automatiques<\/strong>. <\/p>\n\n\n\n<p><em>Seul un m\u00e9decin habilit\u00e9 peut poser un diagnostic et proposer un traitement adapt\u00e9<\/em>. <\/p>\n\n\n\n<h2 class=\"wp-block-heading\">Les premiers signes et le diagnostic<\/h2>\n\n\n\n<p>Cette maladie commence <strong>5 \u00e0 10 ans avant l&rsquo;apparition des premiers sympt\u00f4mes cliniques<\/strong>. Le diagnostic s&rsquo;\u00e9tablit du fait de la pr\u00e9sence d&rsquo;au moins <strong>deux des trois sympt\u00f4mes suivants<\/strong> :<br>\u2705 <strong>Bradykin\u00e9sie<\/strong> : lenteur du mouvement<br>\u2705 <strong>Tremblements au repos<\/strong> : de la main et\/ou du pied unilat\u00e9ral<br>\u2705 <strong>Raideur musculaire (hypertonie)<\/strong><br>Le diagnostic est confirm\u00e9 par une <strong>r\u00e9ponse positive au traitement par L-Dopa<\/strong>.<\/p>\n\n\n\n<h2 class=\"wp-block-heading\">Apports de la R\u00e9flexologie dans l&rsquo;Accompagnement de la Maladie<\/h2>\n\n\n\n<p>La <strong>r\u00e9flexologie<\/strong> peut <strong>apporter du confort<\/strong> aux personnes&nbsp;:<br><strong>D\u00e9tendre les muscles<\/strong>, une nuque plus souple, moins de tension dans les lombaires.<br><strong>Am\u00e9liorer la respiration<\/strong>, plus profonde cela permet une relaxation du corps.<br><strong>Apaiser le cerveau<\/strong> en stimulant les pieds.<br><strong>Att\u00e9nuer les crispations du visage<\/strong> et d\u00e9nouer la gorge.<\/p>\n\n\n\n<h2 class=\"wp-block-heading\">Une approche compl\u00e9mentaire au suivi m\u00e9dical<\/h2>\n\n\n\n<p>\u26a0\ufe0f <strong>La r\u00e9flexologie ne remplace en aucun cas un traitement m\u00e9dical<\/strong> , elle est un <strong>accompagnement compl\u00e9mentaire.<\/strong><\/p>\n\n\n\n<h2 class=\"wp-block-heading\">Prenez rendez-vous pour une s\u00e9ance en toute bienveillance<\/h2>\n\n\n\n<p>Vous avez des questions ? Vous souhaitez essayer une s\u00e9ance de <strong>r\u00e9flexologie adapt\u00e9e<\/strong> ?<br><strong>Contactez-moi d\u00e8s aujourd&rsquo;hui<\/strong> pour un \u00e9change en toute bienveillance et transparence.<\/p>\n\n\n\n<p><strong>\u00c0 bient\u00f4t pour un moment de d\u00e9tente et de r\u00e9confort !<\/strong><br><strong>Au plaisir de vous rencontrer et de prendre soin de vous !<\/strong><\/p>\n\n\n\n<div class=\"wp-block-buttons is-content-justification-center is-layout-flex wp-container-core-buttons-is-layout-16018d1d wp-block-buttons-is-layout-flex\">\n<div class=\"wp-block-button\"><a class=\"wp-block-button__link has-background wp-element-button\" href=\"https:\/\/francoisejouneau.fr\/index.php\/contact\/\" style=\"background-color:#9b4966\">Contactez-moi<\/a><\/div>\n\n\n\n<div class=\"wp-block-button\"><a class=\"wp-block-button__link has-background wp-element-button\" href=\"https:\/\/francoisejouneau.fr\/index.php\/agenda-rendez-vous-calendly\/\" style=\"background-color:#9b4966\">Prendre Rendez-vous<\/a><\/div>\n<\/div>\n\n\n\n<p><\/p>\n","protected":false},"excerpt":{"rendered":"<p>La maladie de Parkinson est une maladie neurod\u00e9g\u00e9n\u00e9rative chronique avec une \u00e9volution lente et continue. Elle touche une zone du tronc c\u00e9r\u00e9bral o\u00f9 se situent &hellip; <\/p>\n","protected":false},"author":2,"featured_media":0,"parent":0,"menu_order":0,"comment_status":"closed","ping_status":"closed","template":"","meta":{"footnotes":""},"class_list":["post-118","page","type-page","status-publish","hentry","latest_post"],"yoast_head":"<!-- This site is optimized with the Yoast SEO plugin v27.1.1 - https:\/\/yoast.com\/product\/yoast-seo-wordpress\/ -->\n<title>Maladie Neurod\u00e9g\u00e9n\u00e9rative, Parkinson et R\u00e9flexologie : Une Approche Compl\u00e9mentaire pour un Mieux-\u00catre - Fran\u00e7oise JOUNEAU - R\u00e9flexologie et Fleurs de Bach<\/title>\n<meta name=\"description\" content=\"Accompagnement bien-\u00eatre pour les personnes atteintes de Parkinson. Approche douce en r\u00e9flexologie et Fleurs de Bach.\" \/>\n<meta name=\"robots\" content=\"index, follow, max-snippet:-1, max-image-preview:large, max-video-preview:-1\" \/>\n<link rel=\"canonical\" href=\"https:\/\/francoisejouneau.fr\/index.php\/maladie-neurodegenerative-parkinson-et-reflexologie-une-approche-complementaire-pour-un-mieux-etre\/\" \/>\n<meta property=\"og:locale\" content=\"fr_FR\" \/>\n<meta property=\"og:type\" content=\"article\" \/>\n<meta property=\"og:title\" content=\"Maladie Neurod\u00e9g\u00e9n\u00e9rative, Parkinson et R\u00e9flexologie : Une Approche Compl\u00e9mentaire pour un Mieux-\u00catre - Fran\u00e7oise JOUNEAU - R\u00e9flexologie et Fleurs de Bach\" \/>\n<meta property=\"og:description\" content=\"Accompagnement bien-\u00eatre pour les personnes atteintes de Parkinson. Approche douce en r\u00e9flexologie et Fleurs de Bach.\" \/>\n<meta property=\"og:url\" content=\"https:\/\/francoisejouneau.fr\/index.php\/maladie-neurodegenerative-parkinson-et-reflexologie-une-approche-complementaire-pour-un-mieux-etre\/\" \/>\n<meta property=\"og:site_name\" content=\"Fran\u00e7oise JOUNEAU - R\u00e9flexologie et Fleurs de Bach\" \/>\n<meta property=\"article:modified_time\" content=\"2026-03-12T10:27:35+00:00\" \/>\n<meta property=\"og:image\" content=\"http:\/\/francoisejouneau.fr\/wp-content\/uploads\/2026\/03\/DSC_0452-modifiee-reflexo-1024x679.jpg\" \/>\n<meta name=\"twitter:card\" content=\"summary_large_image\" \/>\n<meta name=\"twitter:label1\" content=\"Dur\u00e9e de lecture estim\u00e9e\" \/>\n\t<meta name=\"twitter:data1\" content=\"2 minutes\" \/>\n<script type=\"application\/ld+json\" class=\"yoast-schema-graph\">{\"@context\":\"https:\/\/schema.org\",\"@graph\":[{\"@type\":\"WebPage\",\"@id\":\"https:\/\/francoisejouneau.fr\/index.php\/maladie-neurodegenerative-parkinson-et-reflexologie-une-approche-complementaire-pour-un-mieux-etre\/\",\"url\":\"https:\/\/francoisejouneau.fr\/index.php\/maladie-neurodegenerative-parkinson-et-reflexologie-une-approche-complementaire-pour-un-mieux-etre\/\",\"name\":\"Maladie Neurod\u00e9g\u00e9n\u00e9rative, Parkinson et R\u00e9flexologie : Une Approche Compl\u00e9mentaire pour un Mieux-\u00catre - Fran\u00e7oise JOUNEAU - R\u00e9flexologie et Fleurs de Bach\",\"isPartOf\":{\"@id\":\"https:\/\/francoisejouneau.fr\/#website\"},\"primaryImageOfPage\":{\"@id\":\"https:\/\/francoisejouneau.fr\/index.php\/maladie-neurodegenerative-parkinson-et-reflexologie-une-approche-complementaire-pour-un-mieux-etre\/#primaryimage\"},\"image\":{\"@id\":\"https:\/\/francoisejouneau.fr\/index.php\/maladie-neurodegenerative-parkinson-et-reflexologie-une-approche-complementaire-pour-un-mieux-etre\/#primaryimage\"},\"thumbnailUrl\":\"http:\/\/francoisejouneau.fr\/wp-content\/uploads\/2026\/03\/DSC_0452-modifiee-reflexo-1024x679.jpg\",\"datePublished\":\"2026-03-05T10:29:53+00:00\",\"dateModified\":\"2026-03-12T10:27:35+00:00\",\"description\":\"Accompagnement bien-\u00eatre pour les personnes atteintes de Parkinson. Approche douce en r\u00e9flexologie et Fleurs de Bach.\",\"breadcrumb\":{\"@id\":\"https:\/\/francoisejouneau.fr\/index.php\/maladie-neurodegenerative-parkinson-et-reflexologie-une-approche-complementaire-pour-un-mieux-etre\/#breadcrumb\"},\"inLanguage\":\"fr-FR\",\"potentialAction\":[{\"@type\":\"ReadAction\",\"target\":[\"https:\/\/francoisejouneau.fr\/index.php\/maladie-neurodegenerative-parkinson-et-reflexologie-une-approche-complementaire-pour-un-mieux-etre\/\"]}]},{\"@type\":\"ImageObject\",\"inLanguage\":\"fr-FR\",\"@id\":\"https:\/\/francoisejouneau.fr\/index.php\/maladie-neurodegenerative-parkinson-et-reflexologie-une-approche-complementaire-pour-un-mieux-etre\/#primaryimage\",\"url\":\"https:\/\/francoisejouneau.fr\/wp-content\/uploads\/2026\/03\/DSC_0452-modifiee-reflexo-scaled.jpg\",\"contentUrl\":\"https:\/\/francoisejouneau.fr\/wp-content\/uploads\/2026\/03\/DSC_0452-modifiee-reflexo-scaled.jpg\",\"width\":2560,\"height\":1697},{\"@type\":\"BreadcrumbList\",\"@id\":\"https:\/\/francoisejouneau.fr\/index.php\/maladie-neurodegenerative-parkinson-et-reflexologie-une-approche-complementaire-pour-un-mieux-etre\/#breadcrumb\",\"itemListElement\":[{\"@type\":\"ListItem\",\"position\":1,\"name\":\"Accueil\",\"item\":\"https:\/\/francoisejouneau.fr\/\"},{\"@type\":\"ListItem\",\"position\":2,\"name\":\"Maladie Neurod\u00e9g\u00e9n\u00e9rative, Parkinson et R\u00e9flexologie : Une Approche Compl\u00e9mentaire pour un Mieux-\u00catre\"}]},{\"@type\":\"WebSite\",\"@id\":\"https:\/\/francoisejouneau.fr\/#website\",\"url\":\"https:\/\/francoisejouneau.fr\/\",\"name\":\"Fran\u00e7oise JOUNEAU - R\u00e9flexologie et Fleurs de Bach\",\"description\":\"R\u00e9flexologue en \u00c9nerg\u00e9tique chinoise Fleurs de Bach en Entre-deux-Mers\/Sud Gironde\",\"publisher\":{\"@id\":\"https:\/\/francoisejouneau.fr\/#organization\"},\"potentialAction\":[{\"@type\":\"SearchAction\",\"target\":{\"@type\":\"EntryPoint\",\"urlTemplate\":\"https:\/\/francoisejouneau.fr\/?s={search_term_string}\"},\"query-input\":{\"@type\":\"PropertyValueSpecification\",\"valueRequired\":true,\"valueName\":\"search_term_string\"}}],\"inLanguage\":\"fr-FR\"},{\"@type\":\"Organization\",\"@id\":\"https:\/\/francoisejouneau.fr\/#organization\",\"name\":\"Fran\u00e7oise JOUNEAU - R\u00e9flexologie et Fleurs de Bach\",\"url\":\"https:\/\/francoisejouneau.fr\/\",\"logo\":{\"@type\":\"ImageObject\",\"inLanguage\":\"fr-FR\",\"@id\":\"https:\/\/francoisejouneau.fr\/#\/schema\/logo\/image\/\",\"url\":\"https:\/\/francoisejouneau.fr\/wp-content\/uploads\/2026\/03\/cropped-Logo-dessin-PNG-violet-rond-jaune.png\",\"contentUrl\":\"https:\/\/francoisejouneau.fr\/wp-content\/uploads\/2026\/03\/cropped-Logo-dessin-PNG-violet-rond-jaune.png\",\"width\":404,\"height\":404,\"caption\":\"Fran\u00e7oise JOUNEAU - R\u00e9flexologie et Fleurs de Bach\"},\"image\":{\"@id\":\"https:\/\/francoisejouneau.fr\/#\/schema\/logo\/image\/\"}}]}<\/script>\n<!-- \/ Yoast SEO plugin. -->","yoast_head_json":{"title":"Maladie Neurod\u00e9g\u00e9n\u00e9rative, Parkinson et R\u00e9flexologie : Une Approche Compl\u00e9mentaire pour un Mieux-\u00catre - Fran\u00e7oise JOUNEAU - R\u00e9flexologie et Fleurs de Bach","description":"Accompagnement bien-\u00eatre pour les personnes atteintes de Parkinson. Approche douce en r\u00e9flexologie et Fleurs de Bach.","robots":{"index":"index","follow":"follow","max-snippet":"max-snippet:-1","max-image-preview":"max-image-preview:large","max-video-preview":"max-video-preview:-1"},"canonical":"https:\/\/francoisejouneau.fr\/index.php\/maladie-neurodegenerative-parkinson-et-reflexologie-une-approche-complementaire-pour-un-mieux-etre\/","og_locale":"fr_FR","og_type":"article","og_title":"Maladie Neurod\u00e9g\u00e9n\u00e9rative, Parkinson et R\u00e9flexologie : Une Approche Compl\u00e9mentaire pour un Mieux-\u00catre - Fran\u00e7oise JOUNEAU - R\u00e9flexologie et Fleurs de Bach","og_description":"Accompagnement bien-\u00eatre pour les personnes atteintes de Parkinson. Approche douce en r\u00e9flexologie et Fleurs de Bach.","og_url":"https:\/\/francoisejouneau.fr\/index.php\/maladie-neurodegenerative-parkinson-et-reflexologie-une-approche-complementaire-pour-un-mieux-etre\/","og_site_name":"Fran\u00e7oise JOUNEAU - R\u00e9flexologie et Fleurs de Bach","article_modified_time":"2026-03-12T10:27:35+00:00","og_image":[{"url":"http:\/\/francoisejouneau.fr\/wp-content\/uploads\/2026\/03\/DSC_0452-modifiee-reflexo-1024x679.jpg","type":"","width":"","height":""}],"twitter_card":"summary_large_image","twitter_misc":{"Dur\u00e9e de lecture estim\u00e9e":"2 minutes"},"schema":{"@context":"https:\/\/schema.org","@graph":[{"@type":"WebPage","@id":"https:\/\/francoisejouneau.fr\/index.php\/maladie-neurodegenerative-parkinson-et-reflexologie-une-approche-complementaire-pour-un-mieux-etre\/","url":"https:\/\/francoisejouneau.fr\/index.php\/maladie-neurodegenerative-parkinson-et-reflexologie-une-approche-complementaire-pour-un-mieux-etre\/","name":"Maladie Neurod\u00e9g\u00e9n\u00e9rative, Parkinson et R\u00e9flexologie : Une Approche Compl\u00e9mentaire pour un Mieux-\u00catre - Fran\u00e7oise JOUNEAU - R\u00e9flexologie et Fleurs de Bach","isPartOf":{"@id":"https:\/\/francoisejouneau.fr\/#website"},"primaryImageOfPage":{"@id":"https:\/\/francoisejouneau.fr\/index.php\/maladie-neurodegenerative-parkinson-et-reflexologie-une-approche-complementaire-pour-un-mieux-etre\/#primaryimage"},"image":{"@id":"https:\/\/francoisejouneau.fr\/index.php\/maladie-neurodegenerative-parkinson-et-reflexologie-une-approche-complementaire-pour-un-mieux-etre\/#primaryimage"},"thumbnailUrl":"http:\/\/francoisejouneau.fr\/wp-content\/uploads\/2026\/03\/DSC_0452-modifiee-reflexo-1024x679.jpg","datePublished":"2026-03-05T10:29:53+00:00","dateModified":"2026-03-12T10:27:35+00:00","description":"Accompagnement bien-\u00eatre pour les personnes atteintes de Parkinson. Approche douce en r\u00e9flexologie et Fleurs de Bach.","breadcrumb":{"@id":"https:\/\/francoisejouneau.fr\/index.php\/maladie-neurodegenerative-parkinson-et-reflexologie-une-approche-complementaire-pour-un-mieux-etre\/#breadcrumb"},"inLanguage":"fr-FR","potentialAction":[{"@type":"ReadAction","target":["https:\/\/francoisejouneau.fr\/index.php\/maladie-neurodegenerative-parkinson-et-reflexologie-une-approche-complementaire-pour-un-mieux-etre\/"]}]},{"@type":"ImageObject","inLanguage":"fr-FR","@id":"https:\/\/francoisejouneau.fr\/index.php\/maladie-neurodegenerative-parkinson-et-reflexologie-une-approche-complementaire-pour-un-mieux-etre\/#primaryimage","url":"https:\/\/francoisejouneau.fr\/wp-content\/uploads\/2026\/03\/DSC_0452-modifiee-reflexo-scaled.jpg","contentUrl":"https:\/\/francoisejouneau.fr\/wp-content\/uploads\/2026\/03\/DSC_0452-modifiee-reflexo-scaled.jpg","width":2560,"height":1697},{"@type":"BreadcrumbList","@id":"https:\/\/francoisejouneau.fr\/index.php\/maladie-neurodegenerative-parkinson-et-reflexologie-une-approche-complementaire-pour-un-mieux-etre\/#breadcrumb","itemListElement":[{"@type":"ListItem","position":1,"name":"Accueil","item":"https:\/\/francoisejouneau.fr\/"},{"@type":"ListItem","position":2,"name":"Maladie Neurod\u00e9g\u00e9n\u00e9rative, Parkinson et R\u00e9flexologie : Une Approche Compl\u00e9mentaire pour un Mieux-\u00catre"}]},{"@type":"WebSite","@id":"https:\/\/francoisejouneau.fr\/#website","url":"https:\/\/francoisejouneau.fr\/","name":"Fran\u00e7oise JOUNEAU - R\u00e9flexologie et Fleurs de Bach","description":"R\u00e9flexologue en \u00c9nerg\u00e9tique chinoise Fleurs de Bach en Entre-deux-Mers\/Sud Gironde","publisher":{"@id":"https:\/\/francoisejouneau.fr\/#organization"},"potentialAction":[{"@type":"SearchAction","target":{"@type":"EntryPoint","urlTemplate":"https:\/\/francoisejouneau.fr\/?s={search_term_string}"},"query-input":{"@type":"PropertyValueSpecification","valueRequired":true,"valueName":"search_term_string"}}],"inLanguage":"fr-FR"},{"@type":"Organization","@id":"https:\/\/francoisejouneau.fr\/#organization","name":"Fran\u00e7oise JOUNEAU - R\u00e9flexologie et Fleurs de Bach","url":"https:\/\/francoisejouneau.fr\/","logo":{"@type":"ImageObject","inLanguage":"fr-FR","@id":"https:\/\/francoisejouneau.fr\/#\/schema\/logo\/image\/","url":"https:\/\/francoisejouneau.fr\/wp-content\/uploads\/2026\/03\/cropped-Logo-dessin-PNG-violet-rond-jaune.png","contentUrl":"https:\/\/francoisejouneau.fr\/wp-content\/uploads\/2026\/03\/cropped-Logo-dessin-PNG-violet-rond-jaune.png","width":404,"height":404,"caption":"Fran\u00e7oise JOUNEAU - R\u00e9flexologie et Fleurs de Bach"},"image":{"@id":"https:\/\/francoisejouneau.fr\/#\/schema\/logo\/image\/"}}]}},"_links":{"self":[{"href":"https:\/\/francoisejouneau.fr\/index.php\/wp-json\/wp\/v2\/pages\/118","targetHints":{"allow":["GET"]}}],"collection":[{"href":"https:\/\/francoisejouneau.fr\/index.php\/wp-json\/wp\/v2\/pages"}],"about":[{"href":"https:\/\/francoisejouneau.fr\/index.php\/wp-json\/wp\/v2\/types\/page"}],"author":[{"embeddable":true,"href":"https:\/\/francoisejouneau.fr\/index.php\/wp-json\/wp\/v2\/users\/2"}],"replies":[{"embeddable":true,"href":"https:\/\/francoisejouneau.fr\/index.php\/wp-json\/wp\/v2\/comments?post=118"}],"version-history":[{"count":11,"href":"https:\/\/francoisejouneau.fr\/index.php\/wp-json\/wp\/v2\/pages\/118\/revisions"}],"predecessor-version":[{"id":495,"href":"https:\/\/francoisejouneau.fr\/index.php\/wp-json\/wp\/v2\/pages\/118\/revisions\/495"}],"wp:attachment":[{"href":"https:\/\/francoisejouneau.fr\/index.php\/wp-json\/wp\/v2\/media?parent=118"}],"curies":[{"name":"wp","href":"https:\/\/api.w.org\/{rel}","templated":true}]}}